{"id":1097,"date":"2018-01-04T08:43:42","date_gmt":"2018-01-04T07:43:42","guid":{"rendered":"http:\/\/saintclairtextiles.com\/?page_id=1097\/"},"modified":"2026-02-17T10:07:25","modified_gmt":"2026-02-17T09:07:25","slug":"unsere-technologien-und-die-dienste","status":"publish","type":"page","link":"https:\/\/www.saintclairtextiles.com\/de\/unsere-technologien-und-die-dienste\/","title":{"rendered":"Unsere Technologien und die Dienste"},"content":{"rendered":"<div id=\"lowick\"><\/div>\n<p>Die durch herk\u00f6mmliches Beschichtungsverfahren hergestellten Gewebe ver\u00e4nden sich ziemlich schnell wegen der Mikrooganismen, die von der Feuchtigkeit \u00fcbertragen werden. Die Feuchtigkeit dringt in das Gewebe ein, und breitet sich l\u00e4ngs der F\u00e4den durch Kapillarwirkung aus.<\/p>\n<div class=\"entry-right\"><img loading=\"lazy\" decoding=\"async\" class=\"aligncenter\" src=\"\/wp-content\/uploads\/2017\/08\/dsc_lowick-e1509626372540.png\" alt=\"\" width=\"150\" height=\"50\" \/><\/div>\n<p>SYSTEM LOWICK ist zugleich ein Verfahren und eine Verbesserung, das ein Eindringen der Mikroorganismen in das Gewebe wesentlich vermindert.<\/p>\n<p>SYSTEM LOWICK schafft \u00fcberall in dem beschichteten Gewebe, mikoskopische Kapillarit\u00e4tsbr\u00fcche, um die Dochtwirkung zu verhindern.<\/p>\n<div><img loading=\"lazy\" decoding=\"async\" class=\"size-full wp-image-1567 aligncenter\" src=\"\/wp-content\/uploads\/2018\/01\/lowick-1.jpg\" alt=\"\" width=\"600\" height=\"216\" srcset=\"https:\/\/www.saintclairtextiles.com\/wp-content\/uploads\/2018\/01\/lowick-1.jpg 600w, https:\/\/www.saintclairtextiles.com\/wp-content\/uploads\/2018\/01\/lowick-1-300x108.jpg 300w\" sizes=\"auto, (max-width: 600px) 100vw, 600px\" \/><\/div>\n<p>&nbsp;<\/p>\n<hr \/>\n<p>&nbsp;<\/p>\n<div id=\"cleangard\"><\/div>\n<div class=\"entry-right\"><img loading=\"lazy\" decoding=\"async\" class=\"aligncenter wp-image-141 size-full\" src=\"\/wp-content\/uploads\/2017\/08\/dsc_cleangard-e1509632954620.png\" alt=\"\" width=\"150\" height=\"49\" \/><\/div>\n<p>Oberfl\u00e4chenbehandlung auf beiden Seiten f\u00fcr eine glatte und st\u00e4rker schmutzabweisende Oberfl\u00e4che. Wirksamer Schutz gegen Witterungseinfl\u00fcsse.<\/p>\n<div id=\"product_advantages\">\n<div class=\"product-advantage\">\n<p><img decoding=\"async\" title=\"Wetterbest\u00e4ndig\" src=\"\/wp-content\/uploads\/2018\/01\/Intemperies.png\" alt=\"Wetterbest\u00e4ndig\" \/><\/p>\n<\/div>\n<div class=\"product-advantage\">\n<p><img decoding=\"async\" title=\"Leichter zu reinigen\" src=\"\/wp-content\/uploads\/2018\/01\/Nettoyable.png\" alt=\"Leichter zu reinigen\" \/><\/p>\n<\/div>\n<div class=\"product-advantage\">\n<p><img decoding=\"async\" title=\"Sehr gute Schwei\u00dfbarkeit\" src=\"\/wp-content\/uploads\/2018\/01\/Soudabilite.png\" alt=\"Sehr gute Schwei\u00dfbarkeit\" \/><\/p>\n<\/div>\n<div class=\"product-advantage\">\n<p><img decoding=\"async\" title=\"L\u00e4ngere Lebensdauer\" src=\"\/wp-content\/uploads\/2018\/01\/Longevite.png\" alt=\"L\u00e4ngere Lebensdauer\" \/><\/p>\n<\/div>\n<div class=\"product-advantage\">\n<p><img decoding=\"async\" title=\"Glatter und weniger schmutzanf\u00e4llig\" src=\"\/wp-content\/uploads\/2018\/01\/Lisse.png\" alt=\"Glatter und weniger schmutzanf\u00e4llig\" \/><\/p>\n<\/div>\n<div class=\"product-advantage\">\n<p><img decoding=\"async\" title=\"Flexibilit\u00e4t\" src=\"\/wp-content\/uploads\/2018\/01\/Souple.png\" alt=\"Flexibilit\u00e4t\" \/><\/p>\n<\/div>\n<\/div>\n<hr \/>\n<div id=\"cleangard_slf\"><\/div>\n<div><img loading=\"lazy\" decoding=\"async\" class=\"alignleft wp-image-9941\" src=\"https:\/\/www.saintclairtextiles.com\/wp-content\/uploads\/2024\/10\/Cleangard_slf-1.png\" alt=\"\" width=\"201\" height=\"49\" srcset=\"https:\/\/www.saintclairtextiles.com\/wp-content\/uploads\/2024\/10\/Cleangard_slf-1.png 616w, https:\/\/www.saintclairtextiles.com\/wp-content\/uploads\/2024\/10\/Cleangard_slf-1-300x73.png 300w\" sizes=\"auto, (max-width: 201px) 100vw, 201px\" \/><\/div>\n<p>Die Formulierung des<strong> PVDF-Lacks<\/strong> optimiert den Schmutzschutz und erleichtert die Produktpflege, w\u00e4hrend sie eine gute Schwei\u00dfbarkeit gew\u00e4hrleistet.<\/p>\n<hr \/>\n<div id=\"cleangard_aqx\"><\/div>\n<div><img loading=\"lazy\" decoding=\"async\" class=\"alignleft wp-image-9927\" src=\"https:\/\/www.saintclairtextiles.com\/wp-content\/uploads\/2024\/10\/Cleangard_aqua.png\" alt=\"\" width=\"211\" height=\"49\" srcset=\"https:\/\/www.saintclairtextiles.com\/wp-content\/uploads\/2024\/10\/Cleangard_aqua.png 645w, https:\/\/www.saintclairtextiles.com\/wp-content\/uploads\/2024\/10\/Cleangard_aqua-300x70.png 300w\" sizes=\"auto, (max-width: 211px) 100vw, 211px\" \/><\/div>\n<p>Diese Behandlung bietet die gleichen Vorteile wie unsere Standard-Cleangard-Behandlung. Sie ist jedoch <strong>l\u00f6semittelfrei<\/strong>, was ihre Umweltbelastung reduziert.<\/p>\n<hr \/>\n<h1 id=\"resource\">Programm Resource<\/h1>\n<div class=\"entry-right\"><img loading=\"lazy\" decoding=\"async\" class=\"aligncenter wp-image-9972 size-full\" src=\"https:\/\/www.saintclairtextiles.com\/wp-content\/uploads\/2024\/10\/RESOURCE-by-SCTEX-150x150-1.png\" alt=\"\" width=\"150\" height=\"150\" \/><\/div>\n<p><strong>ALLE Saint Clair Textiles-ARTIKEL SIND AUFWERTBAR<\/strong><br \/>\nDie Aufwertung der Produktionsabf\u00e4lle und der Artikel am Ende der Nutzungsdauer (PVC oder EverGreen) erlaubt es, den Einfluss auf die Umwelt zu reduzieren; indem sie in andere Produktionszyklen \u00fcbergehen, senken sie die Entnahme der nat\u00fcrlichen Ressourcen.<br \/>\nWir bieten unseren Kunden, die gerne an einer verantwortlichen Umweltschutzma\u00dfnahme teilnehmen wollen, an, sich dem Programm Resource*, anzuschlie\u00dfen und vorab eine partnerschaftscharta zu unterzeichnen.<br \/>\n<em>*Sammel-und Verwertungsanlage in EU<\/em><\/p>\n<p>&nbsp;<\/p>\n<hr \/>\n<div id=\"evergreen\"><\/div>\n<p><a href=\"http:\/\/www.evergreen-fabrics.com\" target=\"_blank\" rel=\"noopener noreferrer\"><img decoding=\"async\" class=\"wp-image-464 size-thumbnail alignleft\" src=\"\/wp-content\/uploads\/2020\/01\/EVERGREEN-2020.jpg\" alt=\"\" width=\"200\" \/><\/a><\/p>\n<p>EverGreen Fabrics ist ein freiwilliges Engagement seitens eines Unternehmens, Saint Clair Textiles, dem der Respekt gegen\u00fcber der Umwelt und den Menschen am Herzen liegt.<\/p>\n<p><span style=\"color: #99cc00;\"><strong> Umweltbewusst entworfene Stoffe : <\/strong><\/span>Die Stoffe von Evergreen Fabrics sind aus Polyester und einer wasserbasierten Beschichtung zusammengesetzt.<br \/>\nFolgende Eigenschaften zeichnen sie aus:<\/p>\n<ul style=\"list-style-type: disc;\">\n<li>ohne PVC<\/li>\n<li>ohne Phtalate<\/li>\n<li>ohne Formaldehyde<\/li>\n<li>ohne Phosphate<\/li>\n<li>ohne Glykolether<\/li>\n<\/ul>\n<p>Unser Einsatz f\u00fcr die \u00d6ko-Entwicklung besteht darin, die \u00f6kologischen Auswirkungen unserer Produkte w\u00e4hrend ihrer gesamten Lebensdauer, von der Herstellung bis hin zur Vernichtung, zu verringern:<\/p>\n<ul style=\"list-style-type: disc;\">\n<li>Entwicklung: Entwicklung von Geweben, die die nat\u00fcrlichen Ressourcen sch\u00fctzen<\/li>\n<li>Herstellung: Herstellungsverfahren, die den Energieverbrauch verringern<\/li>\n<li>Verpackung: Einsatz von Materialien, die die Wiederverwertung erleichtern<\/li>\n<li>Nutzung: Schutz des Nutzers, da kein Rest-VOC vorhanden ist und somit eine geringere Raumluftverschmutzung erm\u00f6glicht wird<\/li>\n<li>Lebensende: eine lokale Vernichtung der Stoffe nach der Nutzung verhindert lange Transporte<\/li>\n<\/ul>\n<p><span style=\"color: #99cc00;\"><strong>Ein anerkanntes \u00f6kologisches Engagement : <\/strong><\/span>Der \u00f6kologische Vorteil der EverGreen Fabrics-Produkte wurde durch eine Lebensdaueranalyse gem\u00e4\u00df den Normen ISO 14 040 \u2013 14 044 anerkannt.(*)<\/p>\n<p><em>* Bitte kontaktieren Sie uns f\u00fcr Studien und betroffene Produkte<\/em><\/p>\n<hr \/>\n<p>&nbsp;<\/p>\n<h2><a href=\"http:\/\/saintclairtextiles.com\/wp-content\/uploads\/2020\/01\/Guide-entretien-DE.pdf\"><img decoding=\"async\" class=\"alignleft\" src=\"http:\/\/dickson-coatings.com\/wp-content\/themes\/dickson-coatings\/assets\/images\/pictos\/data_sheet.png\" \/>REINIGUNGS- UND PFLEGEANLEITUNG F\u00dcR<\/a> PVC-BESCHICHTETE POLYESTERGEWEBE Saint Clair Textiles.<\/h2>\n","protected":false},"excerpt":{"rendered":"<p>Die durch herk\u00f6mmliches Beschichtungsverfahren hergestellten Gewebe ver\u00e4nden sich ziemlich schnell wegen der Mikrooganismen, die von der Feuchtigkeit \u00fcbertragen werden. Die Feuchtigkeit dringt in das Gewebe ein, und breitet sich l\u00e4ngs der F\u00e4den durch Kapillarwirkung aus. SYSTEM LOWICK ist zugleich ein Verfahren und eine Verbesserung, das ein Eindringen der Mikroorganismen in das Gewebe wesentlich vermindert. SYSTEM &#8230;<\/p>\n","protected":false},"author":2,"featured_media":0,"parent":0,"menu_order":0,"comment_status":"closed","ping_status":"closed","template":"","meta":{"content-type":"","footnotes":""},"class_list":["post-1097","page","type-page","status-publish","hentry"],"_links":{"self":[{"href":"https:\/\/www.saintclairtextiles.com\/de\/wp-json\/wp\/v2\/pages\/1097","targetHints":{"allow":["GET"]}}],"collection":[{"href":"https:\/\/www.saintclairtextiles.com\/de\/wp-json\/wp\/v2\/pages"}],"about":[{"href":"https:\/\/www.saintclairtextiles.com\/de\/wp-json\/wp\/v2\/types\/page"}],"author":[{"embeddable":true,"href":"https:\/\/www.saintclairtextiles.com\/de\/wp-json\/wp\/v2\/users\/2"}],"replies":[{"embeddable":true,"href":"https:\/\/www.saintclairtextiles.com\/de\/wp-json\/wp\/v2\/comments?post=1097"}],"version-history":[{"count":26,"href":"https:\/\/www.saintclairtextiles.com\/de\/wp-json\/wp\/v2\/pages\/1097\/revisions"}],"predecessor-version":[{"id":11643,"href":"https:\/\/www.saintclairtextiles.com\/de\/wp-json\/wp\/v2\/pages\/1097\/revisions\/11643"}],"wp:attachment":[{"href":"https:\/\/www.saintclairtextiles.com\/de\/wp-json\/wp\/v2\/media?parent=1097"}],"curies":[{"name":"wp","href":"https:\/\/api.w.org\/{rel}","templated":true}]}}