{"id":1800,"date":"2017-08-29T17:52:06","date_gmt":"2017-08-29T15:52:06","guid":{"rendered":"http:\/\/saintclairtextiles.com\/mentions-legales\/"},"modified":"2021-03-15T16:05:11","modified_gmt":"2021-03-15T15:05:11","slug":"mentions-legales","status":"publish","type":"page","link":"https:\/\/www.saintclairtextiles.com\/de\/mentions-legales\/","title":{"rendered":"Rechtliche Hinweise"},"content":{"rendered":"<p><strong>1. IMPRESSUM<\/strong><\/p>\n<p>Web-Adresse: http:\/\/saintclairtextiles.com<br \/>\nAnbieter: SAINT CLAIR TEXTILES, SAS (GmbH nach franz\u00f6sischem Recht) mit einem, Stammkapital von \u20ac 12.640.000 &#8211; 381 347 970 RCS Lille M\u00e9tropole<br \/>\nAdresse: 1415 avenue de Savoie, F-38110 Saint-Clair-de-la-Tour<br \/>\nTel.: +33 (0)3 20 45 59 59<br \/>\nV.i.S.d.P.: Xavier CHRISTOPHE<br \/>\nChefredakteur : Arnauld FONTAINE<br \/>\nKonzeption &#8211; Umsetzung der Website: Notre Studio.fr<br \/>\nProvider: ovh.com \u2013 2 rue Kellermann \u2013 59100 Roubaix \u2013 France<\/p>\n<p><strong>2. ALLGEMEINE NUTZUNGSBEDINGUNGEN F\u00dcR DIESE WEBSITE<\/strong><\/p>\n<p>Die Website von SAINT CLAIR TEXTILES http:\/\/saintclairtextiles.com wird im Folgenden nur noch als \u201edie Website\u201c oder \u201edie Seite\u201c bezeichnet.<\/p>\n<p>Der Internetnutzer, der diese Seite besucht, wird im Folgenden nur noch \u201eder Nutzer\u201c genannt.<\/p>\n<p>Die Website ist jederzeit frei zug\u00e4nglich, au\u00dfer in F\u00e4llen h\u00f6herer Gewalt oder von Problemen mit der IT oder den Daten\u00fcbertragungsnetzen oder bei anderen technischen Schwierigkeiten.<\/p>\n<p>SAINT CLAIR TEXTILES kann den Zugang zur Website vor\u00fcbergehend einschr\u00e4nken, zum Beispiel aus Wartungsgr\u00fcnden, wird sich aber bem\u00fchen, die Nutzer im Vorhinein \u00fcber die entsprechenden Termine zu informieren.<\/p>\n<p>F\u00fcr den bestm\u00f6glichen Zugriff auf die Website wird die Nutzung zeitgem\u00e4\u00dfer Hardware in Verbindung mit der jeweils neuesten Browserversion empfohlen, die stets aktualisiert werden sollte.<\/p>\n<p><strong>3. PERS\u00d6NLICHE DATEN<\/strong><br \/>\nDer Nutzer hat die M\u00f6glichkeit, \u00fcber das Kontaktformular (Men\u00fcpunkt \u201eKontakt\u201c) pers\u00f6nliche Daten zu \u00fcbermitteln und Nachrichten oder Anfragen in dem daf\u00fcr vorgesehenen Textfeld hinzuzuf\u00fcgen.<\/p>\n<p>Diese pers\u00f6nlichen Daten werden an SAINT CLAIR TEXTILES \u00fcbermittelt und dienen ausschlie\u00dflich zur Nutzung der auf der Website angebotenen Services. Sie werden nicht f\u00fcr andere gewerbliche Zwecke verwendet und nicht gespeichert.<\/p>\n<p>Gem\u00e4\u00df der jeweils aktuellen Fassung des franz\u00f6sischen Datenschutzgesetzes \u201eInformatique et Libert\u00e9s\u00bb vom 6. Januar 1978 hat der Nutzer der Website das Recht, die ihn betreffenden Daten einzusehen, zu \u00e4ndern, zu berichtigen oder l\u00f6schen zu lassen.<\/p>\n<p>Zu diesem Zweck gen\u00fcgt es, eine schriftliche Aufforderung zu senden \u2013 per Post, unter Angabe der Adresse des Nutzers und Hinzuf\u00fcgung eines geeigneten Identit\u00e4tsnachweises \u2013 an: SAINT CLAIR TEXTILES &#8211; 415 avenue de Savoie, F-38110 Saint-Clair-de-la-Tour<\/p>\n<p>Als Nutzer der Seite werden Sie hiermit dar\u00fcber informiert, dass ein Web-Moderator jegliche Beitr\u00e4ge l\u00f6scht, die weder im Zusammenhang mit dem Thema oder den Absichten der Betreiber dieser Website stehen oder deren Inhalte gegen geltendes Recht versto\u00dfen.<\/p>\n<p><strong>4. COOKIES<\/strong><\/p>\n<p>Ein Cookie ist eine sehr kleine Datei, die Daten eines Rechners im Zusammenhang mit besuchten Websites speichert, aber keine R\u00fcckschl\u00fcsse auf den Nutzer zul\u00e4sst. Die gespeicherten Daten vereinfachen erneute Besuche der Website und erm\u00f6glichen Messungen der H\u00e4ufigkeit von Seitenaufrufen.<\/p>\n<p>Diese Daten werden h\u00f6chstens zwei Jahre lang gespeichert.<\/p>\n<p>Die Verwendung von Cookies kann der Nutzer durch eine entsprechende Konfigurierung seines Browsers verhindern.<\/p>\n<p>Wird das Setzen eines Cookies nicht akzeptiert, kann m\u00f6glicherweise auf bestimmte Funktionen der Website nicht zugegriffen werden.<\/p>\n<p><strong>5. COPYRIGHT \/ GEISTIGES EIGENTUM<\/strong><\/p>\n<p>Diese Website geh\u00f6rt und wird genutzt von SAINT CLAIR TEXTILES. S\u00e4mtliche Bestandteile der Website, insbesondere Texte, Audio-Elemente, Abbildungen, Programmierungen, Marken, Logos, Domain-Namen und weitere eigenst\u00e4ndige Elemente, unterliegen den Copyright- und Urhebergesetzen zum Schutze geistigen Eigentums und sind gesch\u00fctztes Eigentum von SAINT CLAIR TEXTILES oder anderer Rechteinhaber, die die Nutzung auf dieser Seite autorisiert haben.<\/p>\n<p>Die Fotos und Abbildungen auf dieser Webseite entstammen der Bilddatenbank von SAINT CLAIR TEXTILES oder sind entsprechend lizensiert. Jegliche Weiterverwendung ist untersagt, es sei denn diese wird vorher ausdr\u00fccklich durch SAINT CLAIR TEXTILES erlaubt.<\/p>\n<p>Jegliche widerrechtliche Nutzung der Website oder ihrer Inhalte liegt in der Verantwortung des Zuwiderhandelnden, stellt einen Straftatbestand nach den Artikeln L.335-2 ff. des franz\u00f6sischen Code de la Propri\u00e9t\u00e9 Intellectuelle bzw. nach den entsprechenden nationalen Gesetzen anderer L\u00e4nder dar und kann entsprechend verfolgt und geahndet werden.<\/p>\n<p><strong>6. HYPERLINKS<\/strong><\/p>\n<p>Die Website kann Hyperlinks auf andere Internetseiten enthalten, die nicht von SAINT CLAIR TEXTILESS bereitgestellt werden. Der Nutzer der Website wird ausdr\u00fccklich darauf hingewiesen und akzeptiert die Tatsache, dass SAINT CLAIR TEXTILES nicht daf\u00fcr verantwortlich ist, wenn der Zugriff auf verlinkte Seiten nicht m\u00f6glich ist, und dass SAINT CLAIR TEXTILES Inhalte, Werbung, Produkte oder andere auf diesen Seiten oder \u00fcber diese Seiten aufrufbare Elemente weder pr\u00fcft noch kontrolliert, nicht notwendigerweise guthei\u00dft und nicht verantwortlich daf\u00fcr ist. Hieraus folgt, dass die Nutzung von Links auf andere Webseiten ausschlie\u00dflich in der Verantwortung des Nutzers liegt.<\/p>\n<p><strong>7. HAFTUNGSAUSSCHLUSS<\/strong><\/p>\n<p>SAINT CLAIR TEXTILES setzt alles daran, auf dieser Website ausschlie\u00dflich korrekte Informationen zu verbreiten, kann dies jedoch nicht garantieren, insbesondere nicht in Hinsicht auf ihre Exaktheit, ihre Vollst\u00e4ndigkeit und ihre Aktualit\u00e4t. Der Nutzer erkl\u00e4rt sich damit einverstanden, die Informationen auf dieser Website auf eigene Verantwortung zu verwenden.<\/p>\n<p>SAINT CLAIR TEXTILES lehnt jegliche Verantwortung ab f\u00fcr:<\/p>\n<ul style=\"list-style-type: disc;\">\n<li>irrt\u00fcmliche oder unvollst\u00e4ndige Informationen auf der Website,<\/li>\n<li>direkt oder indirekt verursachte Sch\u00e4den materieller oder immaterieller Art, die aus dem Besuch oder der Nutzung der Website oder einem entsprechenden Versuch entstehen k\u00f6nnten. Hierzu z\u00e4hlen insbesondere der (vergebliche) Zugang zur Website und der Verlust von Daten sowie etwaige Besch\u00e4digungen, Zerst\u00f6rungen oder Viren o. \u00e4., die die Hard- und\/oder Software des Nutzers beeintr\u00e4chtigen k\u00f6nnten.<\/li>\n<li>etwaige Viren o.\u00e4. auf der Website.<\/li>\n<\/ul>\n<p><strong>8. ANWENDBARES RECHT UND GERICHTSSTAND<\/strong><\/p>\n<p>Die Website und ihr Inhalt unterliegen dem franz\u00f6sischen Recht. Zust\u00e4ndiger Gerichtsstand ist ausschlie\u00dflich der Ort des Firmensitzes von SAINT CLAIR TEXTILES.<\/p>\n","protected":false},"excerpt":{"rendered":"<p>1. IMPRESSUM Web-Adresse: http:\/\/saintclairtextiles.com Anbieter: SAINT CLAIR TEXTILES, SAS (GmbH nach franz\u00f6sischem Recht) mit einem, Stammkapital von \u20ac 12.640.000 &#8211; 381 347 970 RCS Lille M\u00e9tropole Adresse: 1415 avenue de Savoie, F-38110 Saint-Clair-de-la-Tour Tel.: +33 (0)3 20 45 59 59 V.i.S.d.P.: Xavier CHRISTOPHE Chefredakteur : Arnauld FONTAINE Konzeption &#8211; Umsetzung der Website: Notre Studio.fr Provider: &#8230;<\/p>\n","protected":false},"author":1,"featured_media":0,"parent":0,"menu_order":0,"comment_status":"closed","ping_status":"closed","template":"","meta":{"content-type":"","footnotes":""},"class_list":["post-1800","page","type-page","status-publish","hentry"],"_links":{"self":[{"href":"https:\/\/www.saintclairtextiles.com\/de\/wp-json\/wp\/v2\/pages\/1800","targetHints":{"allow":["GET"]}}],"collection":[{"href":"https:\/\/www.saintclairtextiles.com\/de\/wp-json\/wp\/v2\/pages"}],"about":[{"href":"https:\/\/www.saintclairtextiles.com\/de\/wp-json\/wp\/v2\/types\/page"}],"author":[{"embeddable":true,"href":"https:\/\/www.saintclairtextiles.com\/de\/wp-json\/wp\/v2\/users\/1"}],"replies":[{"embeddable":true,"href":"https:\/\/www.saintclairtextiles.com\/de\/wp-json\/wp\/v2\/comments?post=1800"}],"version-history":[{"count":5,"href":"https:\/\/www.saintclairtextiles.com\/de\/wp-json\/wp\/v2\/pages\/1800\/revisions"}],"predecessor-version":[{"id":6982,"href":"https:\/\/www.saintclairtextiles.com\/de\/wp-json\/wp\/v2\/pages\/1800\/revisions\/6982"}],"wp:attachment":[{"href":"https:\/\/www.saintclairtextiles.com\/de\/wp-json\/wp\/v2\/media?parent=1800"}],"curies":[{"name":"wp","href":"https:\/\/api.w.org\/{rel}","templated":true}]}}