{"id":663,"date":"2017-10-03T09:17:20","date_gmt":"2017-10-03T07:17:20","guid":{"rendered":"http:\/\/saintclairtextiles.com\/confectionneur\/"},"modified":"2018-02-26T11:32:29","modified_gmt":"2018-02-26T10:32:29","slug":"hersteller","status":"publish","type":"page","link":"https:\/\/www.saintclairtextiles.com\/de\/hersteller\/","title":{"rendered":"Hersteller"},"content":{"rendered":"<p>Saint Clair Textiles produziert und vertreibt seit 50 Jahren PVC-beschichtete Gewebe.<\/p>\n<p>Unsere Produkte zeichnen sich durch ihre hervorragende Schwei\u00dfbarkeit und Flexibilit\u00e4t aus, die die Konfektion erheblich erleichtern.<\/p>\n<p>Unsere Erfahrung, unsere sorgf\u00e4ltigen Entw\u00fcrfe, die Wahl der Rohstoffe ohne Zugest\u00e4ndnisse und eine strenge Qualit\u00e4tskontrolle sichern unseren Kunden die Zufriedenheit ihrer Kunden ab Kauf und \u00fcber die Jahre hinweg.<\/p>\n<p>Unsere Auswahl an Farben und Rollenbreiten deckt gr\u00f6\u00dftenteils die Bed\u00fcrfnisse des Marktes ab. Wir legen Wert auf eine optimale Lieferbereitschaft f\u00fcr alle unsere Produkte sowie auf eine schnelle und l\u00fcckenlose Bearbeitung der Bestellungen.<\/p>\n<p>Unser Rollenl\u00e4nge und die Wahl der Transportunternehmen wurden speziell an die besonderen Anforderungen des Marktes angepasst. Wir bieten ebenfalls Schneide- und Zuschneidedienste an, um unseren Kunden einen geringeren Zeitaufwand zu erm\u00f6glichen.<\/p>\n<p>Unserem Unternehmen ist der direkte und regelm\u00e4\u00dfige Kontakt mit seinen Kunden und den Ansprechpartnern der Unternehmen besonders wichtig. Wir beantworten gerne technische Fragen unserer Kunden.<\/p>\n<p>Kontakt, Beratung, Qualit\u00e4t, Dienstleistung und Aktionsf\u00e4higkeit sind die Schl\u00fcsselw\u00f6rter unserer Gesch\u00e4ftsstrategie.<\/p>\n","protected":false},"excerpt":{"rendered":"<p>Saint Clair Textiles produziert und vertreibt seit 50 Jahren PVC-beschichtete Gewebe. Unsere Produkte zeichnen sich durch ihre hervorragende Schwei\u00dfbarkeit und Flexibilit\u00e4t aus, die die Konfektion erheblich erleichtern. Unsere Erfahrung, unsere sorgf\u00e4ltigen Entw\u00fcrfe, die Wahl der Rohstoffe ohne Zugest\u00e4ndnisse und eine strenge Qualit\u00e4tskontrolle sichern unseren Kunden die Zufriedenheit ihrer Kunden ab Kauf und \u00fcber die Jahre &#8230;<\/p>\n","protected":false},"author":1,"featured_media":0,"parent":0,"menu_order":0,"comment_status":"closed","ping_status":"closed","template":"templates\/manufacturer-printer.php","meta":{"content-type":"","footnotes":""},"class_list":["post-663","page","type-page","status-publish","hentry"],"_links":{"self":[{"href":"https:\/\/www.saintclairtextiles.com\/de\/wp-json\/wp\/v2\/pages\/663","targetHints":{"allow":["GET"]}}],"collection":[{"href":"https:\/\/www.saintclairtextiles.com\/de\/wp-json\/wp\/v2\/pages"}],"about":[{"href":"https:\/\/www.saintclairtextiles.com\/de\/wp-json\/wp\/v2\/types\/page"}],"author":[{"embeddable":true,"href":"https:\/\/www.saintclairtextiles.com\/de\/wp-json\/wp\/v2\/users\/1"}],"replies":[{"embeddable":true,"href":"https:\/\/www.saintclairtextiles.com\/de\/wp-json\/wp\/v2\/comments?post=663"}],"version-history":[{"count":1,"href":"https:\/\/www.saintclairtextiles.com\/de\/wp-json\/wp\/v2\/pages\/663\/revisions"}],"predecessor-version":[{"id":671,"href":"https:\/\/www.saintclairtextiles.com\/de\/wp-json\/wp\/v2\/pages\/663\/revisions\/671"}],"wp:attachment":[{"href":"https:\/\/www.saintclairtextiles.com\/de\/wp-json\/wp\/v2\/media?parent=663"}],"curies":[{"name":"wp","href":"https:\/\/api.w.org\/{rel}","templated":true}]}}