{"id":723,"date":"2017-10-05T10:31:19","date_gmt":"2017-10-05T08:31:19","guid":{"rendered":"http:\/\/saintclairtextiles.com\/imprimeur\/"},"modified":"2018-02-26T09:31:27","modified_gmt":"2018-02-26T08:31:27","slug":"graphic","status":"publish","type":"page","link":"https:\/\/www.saintclairtextiles.com\/de\/graphic\/","title":{"rendered":"Graphic"},"content":{"rendered":"<p>Saint Clair Textiles produziert und vertreibt beschichtete Textilien f\u00fcr die Bedruckung durch Sieb- oder Digitaldruck.<\/p>\n<p>Saint Clair Textiles bietet eine gro\u00dfe Auswahl an Tr\u00e4gern (PVC-Planen und -gitter \/\u00f6kologische Gewebe von EverGreen Fabrics), die es Ihnen erm\u00f6glichen, alle Ihre Werbe-, Kommunikations-, Anzeigen- oder Dekorationsvorhaben zu verwirklichen.<\/p>\n<p>All diese Gewebe stehen f\u00fcr das Know-How und die Technologie von Saint Clair Textiles und gew\u00e4hrleisten Ihnen somit:<br \/>\n &#8211; Verwendungskomfort: flexible und leichte Gewebe, die leicht zu handhaben und zu installieren sind.<br \/>\n &#8211; Eine ausgezeichnete Bedruckbarkeit, die von allen Herstellern von Druckmaschinen anerkannt ist.<br \/>\n &#8211; Eine optimale Sicherheit dank unserer hervorragenden Schwerentflammbarkeit<br \/>\n &#8211; \u00c4sthetische Produkte: Auswahl zwischen gl\u00e4nzenden, seidenmatten und matten Geweben<br \/>\n &#8211; Eine ausgezeichnete Lebensdauer dank des Lowick-Systems<\/p>\n<p>Saint Clair Textiles ist die flexible L\u00f6sung f\u00fcr alle Ihre Kommunikations- und Dekorationsvorhaben!<\/p>\n","protected":false},"excerpt":{"rendered":"<p>Saint Clair Textiles produziert und vertreibt beschichtete Textilien f\u00fcr die Bedruckung durch Sieb- oder Digitaldruck. Saint Clair Textiles bietet eine gro\u00dfe Auswahl an Tr\u00e4gern (PVC-Planen und -gitter \/\u00f6kologische Gewebe von EverGreen Fabrics), die es Ihnen erm\u00f6glichen, alle Ihre Werbe-, Kommunikations-, Anzeigen- oder Dekorationsvorhaben zu verwirklichen. All diese Gewebe stehen f\u00fcr das Know-How und die Technologie &#8230;<\/p>\n","protected":false},"author":1,"featured_media":1575,"parent":0,"menu_order":0,"comment_status":"closed","ping_status":"closed","template":"templates\/manufacturer-printer.php","meta":{"content-type":"","footnotes":""},"class_list":["post-723","page","type-page","status-publish","has-post-thumbnail","hentry"],"_links":{"self":[{"href":"https:\/\/www.saintclairtextiles.com\/de\/wp-json\/wp\/v2\/pages\/723","targetHints":{"allow":["GET"]}}],"collection":[{"href":"https:\/\/www.saintclairtextiles.com\/de\/wp-json\/wp\/v2\/pages"}],"about":[{"href":"https:\/\/www.saintclairtextiles.com\/de\/wp-json\/wp\/v2\/types\/page"}],"author":[{"embeddable":true,"href":"https:\/\/www.saintclairtextiles.com\/de\/wp-json\/wp\/v2\/users\/1"}],"replies":[{"embeddable":true,"href":"https:\/\/www.saintclairtextiles.com\/de\/wp-json\/wp\/v2\/comments?post=723"}],"version-history":[{"count":5,"href":"https:\/\/www.saintclairtextiles.com\/de\/wp-json\/wp\/v2\/pages\/723\/revisions"}],"predecessor-version":[{"id":2070,"href":"https:\/\/www.saintclairtextiles.com\/de\/wp-json\/wp\/v2\/pages\/723\/revisions\/2070"}],"wp:featuredmedia":[{"embeddable":true,"href":"https:\/\/www.saintclairtextiles.com\/de\/wp-json\/wp\/v2\/media\/1575"}],"wp:attachment":[{"href":"https:\/\/www.saintclairtextiles.com\/de\/wp-json\/wp\/v2\/media?parent=723"}],"curies":[{"name":"wp","href":"https:\/\/api.w.org\/{rel}","templated":true}]}}