{"id":1099,"date":"2018-01-04T08:44:36","date_gmt":"2018-01-04T07:44:36","guid":{"rendered":"http:\/\/saintclairtextiles.com\/?page_id=1099\/"},"modified":"2026-02-17T10:09:44","modified_gmt":"2026-02-17T09:09:44","slug":"nuestras-tecnologias-y-servicios","status":"publish","type":"page","link":"https:\/\/www.saintclairtextiles.com\/es\/nuestras-tecnologias-y-servicios\/","title":{"rendered":"Nuestras tecnolog\u00edas y servicios"},"content":{"rendered":"<div id=\"lowick\"><\/div>\n<p>No cabe la menor duda de que los tejidos fabricados por los procedimientos cl\u00e1sicos de revestimiento esperimentan con r\u00e1pidez una desgradaci\u00f3n debida en gran medida a la presencia de microorganismos y de moho causados por la humedad. Esta penetra el tejido y se propaga a trav\u00e9s de los hilos por capilaridad. A consecuencia, obtenemos una presentaci\u00f3n antiest\u00e9tica y un envejec\u00edmiento prematuro.<\/p>\n<div class=\"entry-right\"><img loading=\"lazy\" decoding=\"async\" class=\"aligncenter\" src=\"\/wp-content\/uploads\/2017\/08\/dsc_lowick-e1509626372540.png\" alt=\"\" width=\"150\" height=\"50\" \/><\/div>\n<p>El SYSTEM LOWICK es un concepto global que constituye un avanzado capital en la protecci\u00f3n de los revestidos.<\/p>\n<p>El SYSTEM LOWICKes a la vez un tratamiento y un procedimiento que permiten reducir considerablemente la penetraci\u00f3n de los microorganismos en el interior de los tejidos revetidos.<\/p>\n<p><img loading=\"lazy\" decoding=\"async\" class=\"size-full wp-image-1567 aligncenter\" src=\"\/wp-content\/uploads\/2018\/01\/lowick-1.jpg\" alt=\"\" width=\"600\" height=\"216\" srcset=\"https:\/\/www.saintclairtextiles.com\/wp-content\/uploads\/2018\/01\/lowick-1.jpg 600w, https:\/\/www.saintclairtextiles.com\/wp-content\/uploads\/2018\/01\/lowick-1-300x108.jpg 300w\" sizes=\"auto, (max-width: 600px) 100vw, 600px\" \/><\/p>\n<p>&nbsp;<\/p>\n<hr \/>\n<div id=\"cleangard\"><\/div>\n<p>&nbsp;<\/p>\n<div class=\"entry-right\"><img loading=\"lazy\" decoding=\"async\" class=\"aligncenter wp-image-141 size-full\" src=\"\/wp-content\/uploads\/2017\/08\/dsc_cleangard-e1509632954620.png\" alt=\"\" width=\"150\" height=\"49\" \/><\/div>\n<p>Tratamiento en las dos caras para conseguir una superficie lisa y m\u00e1s limpia. Una protecci\u00f3n resistente a la intemperie.<\/p>\n<div id=\"product_advantages\">\n<div class=\"product-advantage\">\n<p><img decoding=\"async\" title=\"Resistente a la intemperie\" src=\"\/wp-content\/uploads\/2018\/01\/Intemperies.png\" alt=\"Resistente a la intemperie\" \/><\/p>\n<\/div>\n<div class=\"product-advantage\">\n<p><img decoding=\"async\" title=\"M\u00e1s f\u00e1cil de limpiar\" src=\"\/wp-content\/uploads\/2018\/01\/Nettoyable.png\" alt=\"M\u00e1s f\u00e1cil de limpiar\" \/><\/p>\n<\/div>\n<div class=\"product-advantage\">\n<p><img decoding=\"async\" title=\"Muy buena soldabilidad\" src=\"\/wp-content\/uploads\/2018\/01\/Soudabilite.png\" alt=\"Muy buena soldabilidad\" \/><\/p>\n<\/div>\n<div class=\"product-advantage\">\n<p><img decoding=\"async\" title=\"Mayor vida \u00fatil\" src=\"\/wp-content\/uploads\/2018\/01\/Longevite.png\" alt=\"Mayor vida \u00fatil\" \/><\/p>\n<\/div>\n<div class=\"product-advantage\">\n<p><img decoding=\"async\" title=\"M\u00e1s lisa y menos adherente para las manchas\" src=\"\/wp-content\/uploads\/2018\/01\/Lisse.png\" alt=\"M\u00e1s lisa y menos adherente para las manchas\" \/><\/p>\n<\/div>\n<div class=\"product-advantage\">\n<p><img decoding=\"async\" title=\"Flexibilidad\" src=\"\/wp-content\/uploads\/2018\/01\/Souple.png\" alt=\"Flexibilidad\" \/><\/p>\n<\/div>\n<\/div>\n<hr \/>\n<div id=\"cleangard_slf\"><\/div>\n<div><img loading=\"lazy\" decoding=\"async\" class=\"alignleft wp-image-9941\" src=\"https:\/\/www.saintclairtextiles.com\/wp-content\/uploads\/2024\/10\/Cleangard_slf-1.png\" alt=\"\" width=\"201\" height=\"49\" srcset=\"https:\/\/www.saintclairtextiles.com\/wp-content\/uploads\/2024\/10\/Cleangard_slf-1.png 616w, https:\/\/www.saintclairtextiles.com\/wp-content\/uploads\/2024\/10\/Cleangard_slf-1-300x73.png 300w\" sizes=\"auto, (max-width: 201px) 100vw, 201px\" \/><\/div>\n<p>La formulaci\u00f3n del <strong>barniz de PVDF<\/strong> optimiza la protecci\u00f3n contra la suciedad y facilita el mantenimiento del producto, al tiempo que garantiza una buena soldabilidad.<\/p>\n<hr \/>\n<div id=\"cleangard_aqx\"><\/div>\n<div><img loading=\"lazy\" decoding=\"async\" class=\"alignleft wp-image-9927\" src=\"https:\/\/www.saintclairtextiles.com\/wp-content\/uploads\/2024\/10\/Cleangard_aqua.png\" alt=\"\" width=\"211\" height=\"49\" srcset=\"https:\/\/www.saintclairtextiles.com\/wp-content\/uploads\/2024\/10\/Cleangard_aqua.png 645w, https:\/\/www.saintclairtextiles.com\/wp-content\/uploads\/2024\/10\/Cleangard_aqua-300x70.png 300w\" sizes=\"auto, (max-width: 211px) 100vw, 211px\" \/><\/div>\n<p>Este tratamiento ofrece los mismos beneficios que nuestro tratamiento est\u00e1ndar Cleangard. Sin embargo, es <strong>libre de solventes<\/strong>, lo que reduce su impacto ambiental.<\/p>\n<hr \/>\n<p>&nbsp;<\/p>\n<h1 id=\"resource\">Programa Resource<\/h1>\n<div class=\"entry-right\"><img loading=\"lazy\" decoding=\"async\" class=\"aligncenter wp-image-143\" src=\"\/wp-content\/uploads\/2017\/08\/dsc_recyclable.png\" alt=\"\" width=\"150\" height=\"115\" \/><\/div>\n<p><strong>TODOS LOS ART\u00cdCULOS SAINT CLAIR TEXTILES SON RECUPERABLES<\/strong><br \/>\nEl reciclaje de restos de fabricaci\u00f3n y art\u00edculos al final de su vida \u00fatil (PVC o EverGreen) permite reducir el impacto sobre el medio ambiente; y al devolverlos a diferentes ciclos de producci\u00f3n se reduce la extracci\u00f3n de recursos naturales.<br \/>\nOfrecemos a nuestros clientes \u2014deseosos de embarcarse en una iniciativa medioambiental responsable\u2014 la posibilidad de participar en el programa Resource*, despu\u00e9s firma de un acuerdo de colaboraci\u00f3n.<\/p>\n<p><em>*Instalaciones para la recogida y el tratamiento en EU<\/em><\/p>\n<p>&nbsp;<\/p>\n<hr \/>\n<p>&nbsp;<\/p>\n<div id=\"evergreen\"><\/div>\n<p><a href=\"http:\/\/www.evergreen-fabrics.com\" target=\"_blank\" rel=\"noopener noreferrer\"><img decoding=\"async\" class=\"wp-image-464 size-thumbnail alignleft\" src=\"\/wp-content\/uploads\/2020\/01\/EVERGREEN-2020.jpg\" alt=\"\" width=\"200\" \/><\/a><\/p>\n<p>EverGreen Fabrics es un procedimeinto voluntario y un compromiso por parte de una empresa, Saint clair Textiles, preocupada por el respeto a las personas y al medioambiente.<\/p>\n<p><strong><span style=\"color: #99cc00;\">Lonas con dise\u00f1o Eco :<\/span> <\/strong>Las lonas Evergreen Fabrics est\u00e1n constituidas por una base de poli\u00e9ster y un revestimiento a base de agua.<br \/>\nSon las siguientes:<\/p>\n<ul style=\"list-style-type: disc;\">\n<li>sin PVC,<\/li>\n<li>sin ftalato,<\/li>\n<li>sin formaldeh\u00eddo,<\/li>\n<li>sin fosfato,<\/li>\n<li>sin \u00e9ter de glicol.<\/li>\n<\/ul>\n<p>Nuestro proceso de dise\u00f1o-Eco consiste en reducir el impacto medioambiental de nuestros productos sobre el conjunto de su ciclo vital hasta la destrucci\u00f3n del producto:<\/p>\n<ul style=\"list-style-type: disc;\">\n<li>Dise\u00f1o: formulaci\u00f3n de las lonas protectoras de los recursos naturales.<\/li>\n<li>Fabricaci\u00f3n: m\u00e9todo de producci\u00f3n que reduce el consumo de energ\u00eda.<\/li>\n<li>Embalaje: selecci\u00f3n de materiales de f\u00e1cil reciclaje.<\/li>\n<li>Uso: protecci\u00f3n del usuario mediante la ausencia de COV residual que reduce la contaminaci\u00f3n del aire ambiental.<\/li>\n<li>Fin del ciclo vital: destrucci\u00f3n local de la lona tras el uso de reductores del flujo de transporte.<\/li>\n<\/ul>\n<p><strong><span style=\"color: #99cc00;\">Un proceso ecol\u00f3gico reconocido :<\/span> <\/strong>La ventaja medioambiental de los productos EverGreen Fabrics ha sido certificada por Analyses de Cycle de Vie (ACV) en conformidad con las normas ISO 14 040 \u2013 14 044.(*)<\/p>\n<p><em>* Nous consulter pour les \u00e9tudes et les produits concern\u00e9s<\/em><\/p>\n<hr \/>\n<p>&nbsp;<\/p>\n<h2><a href=\"http:\/\/saintclairtextiles.com\/wp-content\/uploads\/2020\/01\/Dickson-Guide-entretien-ES-2020.pdf\"><img decoding=\"async\" class=\"alignleft\" src=\"http:\/\/saintclairtextiles.com\/wp-content\/themes\/dickson-coatings\/assets\/images\/pictos\/data_sheet.png\" \/>MANUAL PARA LA LIMPIEZA Y EL CUIDADO DE<\/a> POLI\u00c9STER RECUBIERTOS DE PVC Saint clair Textiles.<\/h2>\n","protected":false},"excerpt":{"rendered":"<p>No cabe la menor duda de que los tejidos fabricados por los procedimientos cl\u00e1sicos de revestimiento esperimentan con r\u00e1pidez una desgradaci\u00f3n debida en gran medida a la presencia de microorganismos y de moho causados por la humedad. Esta penetra el tejido y se propaga a trav\u00e9s de los hilos por capilaridad. A consecuencia, obtenemos una &#8230;<\/p>\n","protected":false},"author":2,"featured_media":0,"parent":0,"menu_order":0,"comment_status":"closed","ping_status":"closed","template":"","meta":{"content-type":"","footnotes":""},"class_list":["post-1099","page","type-page","status-publish","hentry"],"_links":{"self":[{"href":"https:\/\/www.saintclairtextiles.com\/es\/wp-json\/wp\/v2\/pages\/1099","targetHints":{"allow":["GET"]}}],"collection":[{"href":"https:\/\/www.saintclairtextiles.com\/es\/wp-json\/wp\/v2\/pages"}],"about":[{"href":"https:\/\/www.saintclairtextiles.com\/es\/wp-json\/wp\/v2\/types\/page"}],"author":[{"embeddable":true,"href":"https:\/\/www.saintclairtextiles.com\/es\/wp-json\/wp\/v2\/users\/2"}],"replies":[{"embeddable":true,"href":"https:\/\/www.saintclairtextiles.com\/es\/wp-json\/wp\/v2\/comments?post=1099"}],"version-history":[{"count":20,"href":"https:\/\/www.saintclairtextiles.com\/es\/wp-json\/wp\/v2\/pages\/1099\/revisions"}],"predecessor-version":[{"id":11644,"href":"https:\/\/www.saintclairtextiles.com\/es\/wp-json\/wp\/v2\/pages\/1099\/revisions\/11644"}],"wp:attachment":[{"href":"https:\/\/www.saintclairtextiles.com\/es\/wp-json\/wp\/v2\/media?parent=1099"}],"curies":[{"name":"wp","href":"https:\/\/api.w.org\/{rel}","templated":true}]}}