{"id":1796,"date":"2017-08-29T17:52:23","date_gmt":"2017-08-29T15:52:23","guid":{"rendered":"http:\/\/saintclairtextiles.com\/legals\/"},"modified":"2020-09-22T16:09:40","modified_gmt":"2020-09-22T14:09:40","slug":"legals","status":"publish","type":"page","link":"https:\/\/www.saintclairtextiles.com\/es\/legals\/","title":{"rendered":"Aviso legal"},"content":{"rendered":"<p><strong>1. IDENTIFICACI\u00d3N DEL SITIO WEB<\/strong><\/p>\n<p>Direcci\u00f3n de internet : http:\/\/saintclairtextiles.com<br \/>\nEditor : Saint Clair Textiles, SAS au capital de 7 680 000 \u20ac \u2013 381 424 712 RCS Vienne<br \/>\nDirecci\u00f3n : 415 avenue de Savoie, F-38110 Saint-Clair-de-la-Tour<br \/>\nT\u00e9l. : +33 (0)4 74 83 51 00<br \/>\nDirector de la publicaci\u00f3n : Xavier CHRISTOPHE<br \/>\nJefe de redacci\u00f3n : Arnauld FONTAINE<br \/>\nDise\u00f1o \/ confecci\u00f3n del sitio web : Notre Studio.fr<br \/>\nAlojamiento web : ovh.com \u2013 2 rue Kellermann \u2013 59100 Roubaix \u2013 France<\/p>\n<p><strong>2. CONDICIONES GENERALES DE USO DEL SITIO<\/strong><\/p>\n<p>EL sitio web de Saint Clair Textiles http:\/\/saintclairtextiles.com se denominar\u00e1 en adelante : \u00abel Sitio\u00bb.<\/p>\n<p>Asimismo, en adelante, al internauta que se conecta al sitio se le denominar\u00e1: \u00ab el usuario \u00bb.<\/p>\n<p>Este es accesible en todo momento, con excepci\u00f3n de casos de fuerza mayor, dificultades inform\u00e1ticas, dificultades relacionadas con las redes de telecomunicaciones o dificultades t\u00e9cnicas.<\/p>\n<p>Saint Clair Textiles podr\u00e1 interrumpir el acceso al Sitio por razones de mantenimiento, en cuyo caso se esforzar\u00e1 por comunicar previamente a los usuarios las fechas y horas en las que se realizar\u00e1n dichas tareas.<\/p>\n<p>Para acceder al Sitio en las mejores condiciones, se aconseja utilizar una m\u00e1quina moderna, equipada con un navegador de \u00faltima generaci\u00f3n puesto al d\u00eda.<\/p>\n<p><strong>3. DATOS DE CAR\u00c1CTER PERSONAL<\/strong><\/p>\n<p>El usuario tiene la posibilidad de enviar datos personales mediante la cumplimentaci\u00f3n del formulario situado en la secci\u00f3n Contacto del Sitio, as\u00ed como introduciendo comentarios o solicitudes en la zona de texto prevista a tal efecto.<\/p>\n<p>La informaci\u00f3n nominal as\u00ed recogida va a parar a manos de Saint Clair Textiles, quien la utilizar\u00e1 exclusivamente para proporcionar los servicios ofertados en el Sitio, sin darles ning\u00fan uso comercial. Dichos datos no se conservan.<\/p>\n<p>Conforme a la ley francesa de \u00abInform\u00e1tica y Libertades \u00bb del 6 de enero de 1978, posteriormente modificada, el usuario del Sitio goza de los derechos de acceso, modificaci\u00f3n, rectificaci\u00f3n y cancelaci\u00f3n de los datos que le conciernen. Para ejercitarlos, bastar\u00e1 con que realice su solicitud por correo postal indicando su direcci\u00f3n y acreditando su identidad, envi\u00e1ndola a Saint Clair Textiles &#8211; 415 avenue de Savoie, F-38110 Saint-Clair-de-la-Tour<\/p>\n<p>Se informa al usuario de que existe la posibilidad de que un moderador suprima cualquier contribuci\u00f3n no relacionada con el objeto de la secci\u00f3n o de la l\u00ednea editorial del Sitio, o que vulnere la ley.<\/p>\n<p><strong>4. COOKIES<\/strong><\/p>\n<p>Una cookie es un fichero de peque\u00f1o tama\u00f1o, que no permite identificar al usuario, pero que guarda informaci\u00f3n relativa a c\u00f3mo un determinado ordenador navega por un sitio web. Mediante los datos as\u00ed obtenidos se facilita la futura navegaci\u00f3n por el sitio, adem\u00e1s de permitir medir diversos par\u00e1metros de frecuencia de visita. Esta informaci\u00f3n se conserva durante un m\u00e1ximo de dos a\u00f1os. El usuario puede oponerse a que sus cookies queden registradas deshabilit\u00e1ndolas en su navegador. Ha de tenerse en cuenta que negarse a instalar una cookie puede implicar la imposibilidad de acceder a determinados servicios.<\/p>\n<p><strong>5. PROPIEDAD INTELECTUAL<\/strong><\/p>\n<p>El Sitio pertenece y es explotado por Saint Clair Textiles. Todos los elementos que componen el Sitio, incluidos textos, sonidos, im\u00e1genes, programas inform\u00e1ticos, marcas, logotipos, nombres de dominios y otros signos distintivos que aparezcan en el Sitio est\u00e1n protegidos por la legislaci\u00f3n relativa a propiedad intelectual y derecho de autor en vigor, y pertenecen a Saint Clair Textiles o su uso le ha sido autorizado.<\/p>\n<p>Las fotos y elementos de dise\u00f1o gr\u00e1fico del Sitio provienen del banco de im\u00e1genes de Saint Clair Textiles o su uso le ha sido autorizado. Salvo autorizaci\u00f3n previa expresa de Saint Clair Textiles, todos los derechos de reproducci\u00f3n qued\u00e1n reservados.<\/p>\n<p>Cualquier explotaci\u00f3n no autorizada del sitio o de su contenido conllevar\u00eda la responsabilidad del infractor y constituir\u00eda una violaci\u00f3n de los derechos de autor, sancionada por los art\u00edculos L.335-2 y siguientes del C\u00f3digo de la Propiedad Intelectual franc\u00e9s.<\/p>\n<p><strong>6. ENLACES HIPERTEXTUALES<\/strong><\/p>\n<p>El Sitio puede contener enlaces hipertextuales hacia otros sitios web cuyo editor no es Saint Clair Textiles. El usuario declara estar informado de esto y aceptar que Saint Clair Textiles no es responsable de la no disponibilidad de dichos sitios y que Saint Clair Textiles no examina, supervisa, aprueba ni es responsable de los contenidos, publicidad, productos u otros elementos ofrecidos en o a trav\u00e9s de dichos sitios web. En consecuencia, el usuario es el \u00fanico responsable del uso de un enlace que apunte hacia otra web.<\/p>\n<p><strong>7. LIMITACI\u00d3N DE RESPONSABILIDAD<\/strong><\/p>\n<p>Saint Clair Textiles hace todo lo que est\u00e1 en su mano por divulgar informaci\u00f3n exacta y actualizada. Sin embargo, no puede garantizar que la informaci\u00f3n publicada en el Sitio sea exacta, completa y actual. El usuario reconoce utilizar esta informaci\u00f3n bajo su responsabilidad.<\/p>\n<p>Saint Clair Textiles no asume responsabilidad alguna sobre:<\/p>\n<ul style=\"list-style-type: disc;\">\n<li>errores u omisiones en la informaci\u00f3n divulgada en el sitio,<\/li>\n<li>perjuicios directos o indirectos, materiales o inmateriales que pudieran resultar del acceso o del uso del Sitio, incluidos la accesibilidad, p\u00e9rdida de datos, deterioro, destrucci\u00f3n o existencia de virus que pudieran afectar al equipo inform\u00e1tico del usuario,<\/li>\n<li>la presencia de virus en el Sitio.<\/li>\n<\/ul>\n<p><strong>8. LEGISLACI\u00d3N APLICABLE Y JURISDICCI\u00d3N COMPETENTE<\/strong><\/p>\n<p>El Sitio web y su contenido se rigen por la legislaci\u00f3n francesa. Las partes renuncian expresamente al fuero que les pudiera corresponder y se someten expresamente para cualquier litigio que pudiera surgir, a la competencia exclusiva de los tribunales de la sede de Saint Clair Textiles.<\/p>\n","protected":false},"excerpt":{"rendered":"<p>1. IDENTIFICACI\u00d3N DEL SITIO WEB Direcci\u00f3n de internet : http:\/\/saintclairtextiles.com Editor : Saint Clair Textiles, SAS au capital de 7 680 000 \u20ac \u2013 381 424 712 RCS Vienne Direcci\u00f3n : 415 avenue de Savoie, F-38110 Saint-Clair-de-la-Tour T\u00e9l. : +33 (0)4 74 83 51 00 Director de la publicaci\u00f3n : Xavier CHRISTOPHE Jefe de redacci\u00f3n &#8230;<\/p>\n","protected":false},"author":1,"featured_media":0,"parent":0,"menu_order":0,"comment_status":"closed","ping_status":"closed","template":"","meta":{"content-type":"","footnotes":""},"class_list":["post-1796","page","type-page","status-publish","hentry"],"_links":{"self":[{"href":"https:\/\/www.saintclairtextiles.com\/es\/wp-json\/wp\/v2\/pages\/1796","targetHints":{"allow":["GET"]}}],"collection":[{"href":"https:\/\/www.saintclairtextiles.com\/es\/wp-json\/wp\/v2\/pages"}],"about":[{"href":"https:\/\/www.saintclairtextiles.com\/es\/wp-json\/wp\/v2\/types\/page"}],"author":[{"embeddable":true,"href":"https:\/\/www.saintclairtextiles.com\/es\/wp-json\/wp\/v2\/users\/1"}],"replies":[{"embeddable":true,"href":"https:\/\/www.saintclairtextiles.com\/es\/wp-json\/wp\/v2\/comments?post=1796"}],"version-history":[{"count":5,"href":"https:\/\/www.saintclairtextiles.com\/es\/wp-json\/wp\/v2\/pages\/1796\/revisions"}],"predecessor-version":[{"id":6374,"href":"https:\/\/www.saintclairtextiles.com\/es\/wp-json\/wp\/v2\/pages\/1796\/revisions\/6374"}],"wp:attachment":[{"href":"https:\/\/www.saintclairtextiles.com\/es\/wp-json\/wp\/v2\/media?parent=1796"}],"curies":[{"name":"wp","href":"https:\/\/api.w.org\/{rel}","templated":true}]}}