{"id":3871,"date":"2019-07-22T12:06:51","date_gmt":"2019-07-22T10:06:51","guid":{"rendered":"http:\/\/saintclairtextiles.com\/charte-de-protection-des-donnees\/"},"modified":"2020-09-22T15:18:10","modified_gmt":"2020-09-22T13:18:10","slug":"politica-de-proteccion-de-datos","status":"publish","type":"page","link":"https:\/\/www.saintclairtextiles.com\/es\/politica-de-proteccion-de-datos\/","title":{"rendered":"Pol\u00edtica de protecci\u00f3n de datos"},"content":{"rendered":"<p>Para Saint Clair Textiles, la protecci\u00f3n de los datos personales de sus clientes es una prioridad absoluta. Hemos tratado en todo momento de respetar la legislaci\u00f3n en la materia, en particular la ley n.\u00ba 78-17 de 6 de enero de 1978 relativa a la inform\u00e1tica, los archivos y las libertades, modificada por el Reglamento (UE) n.\u00ba 2016\/679 de 27 de abril de 2016 relativo a la protecci\u00f3n de datos personales (en lo sucesivo, el \u00abRGPD\u00bb). Las obligaciones que se describen en la presente normativa sobre protecci\u00f3n de datos personales demuestran que seguimos respetando los valores y principios que nos han hecho fuertes desde hace mucho tiempo.<\/p>\n<p>Al utilizar los sitios web de Saint Clair Textiles y las aplicaciones m\u00f3viles que se ponen a su disposici\u00f3n, usted acepta la recopilaci\u00f3n y el uso de sus datos personales en la manera descrita en la presente Normativa sobre protecci\u00f3n de datos.<\/p>\n<p><strong> <\/strong><\/p>\n<p><strong>\u00c1MBITO DE APLICACI\u00d3N<\/strong><\/p>\n<p>La presente Normativa sobre protecci\u00f3n de datos describe la manera en la que Saint Clair Textiles trata sus datos personales cuando usted navega por su sitio web y utiliza sus aplicaciones m\u00f3viles.<\/p>\n<p>En lo que respecta al RGPD, Saint Clair Textiles es, salvo en aquellos casos excepcionales que le ser\u00e1n notificados, el responsable del tratamiento y determina las finalidades y los medios de dicho tratamiento. En el marco de su tratamiento, Saint Clair Textiles podr\u00eda recopilar los datos siguientes:<\/p>\n<ul>\n<li>Nombre, apellidos, direcci\u00f3n, correo electr\u00f3nico y tel\u00e9fono<\/li>\n<li>Datos de localizaci\u00f3n<\/li>\n<li>Direcci\u00f3n de facturaci\u00f3n y\/o entrega<\/li>\n<li>Direcci\u00f3n IP\/Mac<\/li>\n<li>Archivos de datos o \u00abcookies\u00bb<\/li>\n<li>Datos de conexi\u00f3n y navegaci\u00f3n<\/li>\n<li>Historial de compras de productos y servicios<\/li>\n<li>Otros datos que pudiera comunicarnos de forma voluntaria<\/li>\n<\/ul>\n<p>Los campos marcados con un asterisco son obligatorios para el tratamiento de su solicitud de servicio posventa o servicio, para satisfacer nuestro inter\u00e9s leg\u00edtimo (por ejemplo, an\u00e1lisis estad\u00edsticos), para cumplir nuestras obligaciones contractuales o jur\u00eddicas, y para garantizar la seguridad y la protecci\u00f3n de nuestros sitios web, las transacciones y a los usuarios.<\/p>\n<p>Los fines siguientes requieren su consentimiento de conformidad con los requisitos legales en materia de tratamiento de datos personales:<\/p>\n<ul>\n<li>Localizaci\u00f3n<\/li>\n<li>Encuestas de satisfacci\u00f3n<\/li>\n<li>Posibilidades comerciales (por ejemplo, comunicaci\u00f3n relativa a novedades de productos)<\/li>\n<li>Publicidad personalizada (v\u00e9ase Pol\u00edtica de cookies)<\/li>\n<li>Participaci\u00f3n en un juego o concurso<\/li>\n<li>Bolet\u00edn de noticias<\/li>\n<li>Contacto de relaci\u00f3n comercial (presupuesto, pedido, entrega o satisfacci\u00f3n del cliente)<\/li>\n<li>Comunicaci\u00f3n sobre los cambios del cat\u00e1logo de productos<\/li>\n<li>Cartas informativas<\/li>\n<li>Publicidad personalizada (v\u00e9ase Pol\u00edtica de cookies)<\/li>\n<\/ul>\n<p>Tendremos que recopilar sus datos personales al organizar eventos como ferias profesionales o encuentros. Esos datos los podr\u00e1 recopilar directamente un colaborador o se podr\u00e1n recopilar por cualquier medio y soporte que Saint Clair Textiles pudiera considerar conveniente y que pondr\u00e1 a su disposici\u00f3n. Al visitar nuestros locales, hay instalados medios de grabaci\u00f3n en v\u00eddeo con el fin de garantizar la seguridad y la protecci\u00f3n de las personas y los bienes. En las instalaciones se lleva un registro de las personas que acuden, en la recepci\u00f3n o a trav\u00e9s de un agente de seguridad. Ese registro permite a la empresa respetar sus obligaciones legales en materia de estatuto aduanero de Operador Econ\u00f3mico Autorizado (OEA).<\/p>\n<p>&nbsp;<\/p>\n<p><strong>PLAZO DE CONSERVACI\u00d3N CONFORME CON LA LEGISLACI\u00d3N Y ADECUADO EN OTROS CASOS <\/strong><\/p>\n<p>Los datos personales que le conciernen se conservan, como m\u00e1ximo, hasta el d\u00eda siguiente de la fecha en que finaliza el plazo legal de conservaci\u00f3n contemplado por la legislaci\u00f3n o un reglamento. En caso de ausencia de plazo de conservaci\u00f3n contemplado por la legislaci\u00f3n o un reglamento, nuestra pol\u00edtica en la materia es la supresi\u00f3n de los datos personales que le conciernen en un plazo razonable, de la manera siguiente:<\/p>\n<p>Los datos personales se suprimen seg\u00fan el tipo de datos y el fundamento jur\u00eddico en el que se basa su recopilaci\u00f3n, por ejemplo, tres a\u00f1os en lo que respecta a los datos relativos a la posibilidad comercial, dos (2)  a\u00f1os a partir del \u00faltimo contacto en lo que respecta a los datos relativos a sus candidaturas a ofertas de empleo, y entre cinco y diez a\u00f1os como m\u00e1ximo en lo que respecta a los datos relativos a la ejecuci\u00f3n de un contrato, a partir de la \u00faltima operaci\u00f3n. Los datos se podr\u00e1n archivar con acceso limitado durante un plazo complementario, correspondiente a los plazos de prescripci\u00f3n y conservaci\u00f3n legal por motivos rigurosamente limitados y autorizados por la legislaci\u00f3n. Una vez finalizados esos plazos, se suprimir\u00e1n definitivamente o se anonimizar\u00e1n de conformidad con el Dictamen del G29 en la materia.<\/p>\n<p><strong> <\/strong><\/p>\n<p><strong>DESTINATARIOS DE LOS DATOS<\/strong><\/p>\n<p>Saint Clair Textiles no transferir\u00e1 sus datos personales, ni a t\u00edtulo gratuito ni a t\u00edtulo oneroso, a otras empresas con fines de marketing. Sin embargo, podremos recurrir a servicios de prestatarios y subcontratistas con el fin de ofrecerle un servicio o una prestaci\u00f3n. En ese caso, velaremos rigurosamente por aplicar con estos \u00faltimos medidas organizativas y de seguridad, administrativas, t\u00e9cnicas y f\u00edsicas con el fin de proteger sus datos personales contra toda divulgaci\u00f3n, utilizaci\u00f3n, modificaci\u00f3n y destrucci\u00f3n il\u00edcita por terceros. En ocasiones, Saint Clair Textiles podr\u00e1 transferir sus datos personales a sus subcontratistas que se encuentran fuera de la Uni\u00f3n Europea por los mismos motivos descritos m\u00e1s arriba. Por ejemplo, al suscribirse a nuestro bolet\u00edn, sus datos podr\u00e1n transmitirse al servicio de correo masivo, cuyos servidores se encuentran ubicados en los Estados Unidos. No obstante, se lo comunicaremos y Saint Clair Textiles le garantizar que controlar\u00e1 su protecci\u00f3n adecuada de conformidad con la reglamentaci\u00f3n francesa y europea.<\/p>\n<p><strong> <\/strong><\/p>\n<p><strong>ENLACES A SITIOS EXTERNOS <\/strong><\/p>\n<p>Nuestro sitio web contiene enlaces a otros sitios web de terceros que procuramos seleccionar con el rigor m\u00e1s estricto. Al hacer clic en esos enlaces, de los cuales no somos propietarios, usted se compromete a eximir a Saint Clair Textiles de toda responsabilidad en cuanto a la gesti\u00f3n o el tratamiento que esos sitios web pudieran llevar a cabo con sus datos personales. Le aconsejamos que consulte las pol\u00edticas y pr\u00e1cticas de confidencialidad relativas a esos sitios de terceros. No nos hacemos responsables del contenido, los productos y los servicios, ni del tratamiento ni el uso de los cuales pudieran ser objeto sus datos personales.<\/p>\n<p>&nbsp;<\/p>\n<p><strong>MEDIDAS DE SEGURIDAD APLICADAS <\/strong><\/p>\n<p>Saint Clair Textiles se compromete a velar por la protecci\u00f3n, la seguridad, la confidencialidad y la integridad de sus datos personales, mediante la aplicaci\u00f3n de medidas t\u00e9cnicas y organizativas adecuadas y reconocidas, actualizadas seg\u00fan las reglas del oficio en la materia. Como garant\u00eda de nuestro compromiso, hemos nombrado a un Delegado de protecci\u00f3n de datos, cuya misi\u00f3n es garantizar la conformidad del tratamiento que llevamos a cabo, llevar un registro de datos y de su tratamiento, y garantizar que usted pueda, si procede, ejercer todos sus derechos derivados de la legislaci\u00f3n.<\/p>\n<p><strong> <\/strong><\/p>\n<p><strong>GESTI\u00d3N DE SUS DATOS PERSONALES<\/strong><\/p>\n<p>Estamos convencidos de que siempre debe poder controlar sus datos personales. Por consiguiente, siempre le daremos la posibilidad de ejercer sus derechos reconocidos por la legislaci\u00f3n y el RGPD, que son los siguientes:<\/p>\n<ul>\n<li>Derecho de acceso: le permite, en todo momento, solicitar a Saint Clair Textiles la confirmaci\u00f3n de que sus datos personales se han sometido o no a un tratamiento por parte de nuestros servicios. En caso afirmativo, tiene el derecho legal a pedir una copia.<\/li>\n<li>Derecho de rectificaci\u00f3n: es el corolario del derecho de acceso y le garantiza el derecho a poder solicitar a Saint Clair Textiles la modificaci\u00f3n de sus datos.<\/li>\n<li>Derecho de supresi\u00f3n: le permite exigir la supresi\u00f3n de los datos personales que le conciernen y que usted considere inexactos, incompletos, equ\u00edvocos u obsoletos, o cuya recopilaci\u00f3n, uso, comunicaci\u00f3n o conservaci\u00f3n est\u00e9n prohibidos.<\/li>\n<li>El derecho de oposici\u00f3n y de retirada del consentimiento le permiten exigir que los datos dejen de aparecer en nuestros archivos, cuando esto sea posible legalmente.<\/li>\n<li>Derecho de limitaci\u00f3n del tratamiento: le permite solicitar la suspensi\u00f3n de un tratamiento de sus datos mientras se lleva a cabo una verificaci\u00f3n.<\/li>\n<li>Derecho a la portabilidad: es el derecho a conseguir que sus datos personales se transmitan, en un formato estructurado, utilizado habitualmente y legible por ordenador, a usted mismo o a otro responsable del tratamiento, cuando esto sea t\u00e9cnicamente posible.<\/li>\n<\/ul>\n<p>Saint Clair Textiles se compromete a suprimir sus datos al finalizar un plazo razonable, tal como se ha indicado anteriormente.<\/p>\n<p>Asimismo, tendr\u00e1 derecho a presentar una reclamaci\u00f3n ante la CNIL cuando el Responsable del tratamiento no haya tramitado su solicitud en un plazo de un mes. Si tiene cualquier pregunta relativa a la presente normativa o al ejercicio de sus derechos, puede enviarnos una solicitud, de conformidad con la reglamentaci\u00f3n, acompa\u00f1ada de un comprobante de identidad v\u00e1lido, por correo postal o correo electr\u00f3nico, a la direcci\u00f3n siguiente:<\/p>\n<ul>\n<li>A l\u2019attention du D\u00e9l\u00e9gu\u00e9 \u00e0 la protection des donn\u00e9es<br \/>\nSaint Clair Textiles<\/li>\n<\/ul>\n<p>415 avenue de Savoie<\/p>\n<p>38110 Saint-Clair-de-la-Tour \u2013 France<\/p>\n<ul>\n<li>dpo@saintclairtextiles.com<\/li>\n<\/ul>\n<p>&nbsp;<\/p>\n<p><strong> <\/strong><\/p>\n<p><strong>ACTUALIZACI\u00d3N DE NUESTRA NORMATIVA SOBRE PROTECCI\u00d3N DE DATOS <\/strong><\/p>\n<p>La presente normativa se podr\u00e1 actualizar peri\u00f3dicamente y sin aviso previo. Toda modificaci\u00f3n entrar\u00e1 en vigor de inmediato a partir de la publicaci\u00f3n de la nueva normativa en el Sitio web <a href=\"http:\/\/saintclairtextiles.com\">saintclairtextiles.com<\/a> y en las aplicaciones m\u00f3viles. Le comunicaremos todo cambio importante relativo a la normativa y le solicitaremos su consentimiento en caso de producirse una modificaci\u00f3n importante en lo que respecta a la finalidad de la recopilaci\u00f3n de sus datos personales.<\/p>\n<p>&nbsp;<\/p>\n<p><strong>DERECHO Y JURISDICCI\u00d3N APLICABLE<\/strong><\/p>\n<p>La presente normativa sobre protecci\u00f3n de datos personales est\u00e1 regulada por la legislaci\u00f3n francesa y cualquier litigio relacionado ser\u00e1 competencia exclusiva de los \u00f3rganos jurisdiccionales franceses.<\/p>\n<p>&nbsp;<\/p>\n<p><strong>COOKIES<\/strong><\/p>\n<p>Saint Clair Textiles utiliza cookies, cuya finalidad es facilitar su experiencia de navegaci\u00f3n y utilizaci\u00f3n de sus distintos sitios web o medir la audiencia del sitio. Con el fin de lograr estos objetivos, se pueden instalar en su dispositivo peque\u00f1os archivos conocidos como Cookies, durante un plazo m\u00e1ximo de trece meses a partir de la fecha en que se obtenga su consentimiento. Una vez finalizado este periodo, se obtendr\u00e1 de nuevo su consentimiento.<\/p>\n<p>&nbsp;<\/p>\n<p><strong>COOKIES QUE UTILIZAMOS<\/strong><\/p>\n<p>Utilizamos dos tipos de cookies, que podr\u00e1n quedar instaladas en los dispositivos utilizados para navegar por nuestros sitios web. Las primeras son necesarias para que la navegaci\u00f3n por nuestros sitios web se lleve a cabo correctamente. Las segundas nos permiten medir la audiencia de nuestros sitios web.<\/p>\n<ul>\n<li>Las Cookies t\u00e9cnicas son necesarias para una experiencia de navegaci\u00f3n adecuada en nuestros sitios web. Permiten adaptar el contenido presentado a las preferencias del usuario, por ejemplo, el idioma o la resoluci\u00f3n de visualizaci\u00f3n. Esas cookies permiten tambi\u00e9n guardar las contrase\u00f1as o el contenido de un formulario. Desempe\u00f1an una funci\u00f3n importante para la aplicaci\u00f3n de medidas de seguridad y su supresi\u00f3n puede impedir el acceso a todas las funciones de nuestros sitios web.<\/li>\n<li>Las Cookies de medici\u00f3n de audiencia son emitidas por Saint Clair Textiles o por sus prestatarios t\u00e9cnicos. Permiten medir an\u00f3nimamente el tr\u00e1fico que se genera en nuestros sitios web. Asimismo, permiten mejorar la experiencia del usuario mediante la detecci\u00f3n de problemas de navegaci\u00f3n.<\/li>\n<\/ul>\n<p>&nbsp;<\/p>\n<p><strong>ADMINISTRACI\u00d3N DE LAS COOKIES<\/strong><\/p>\n<p>Su navegador (Chrome, Firefox, Edge, Safari, etc.) le permite rechazar esas cookies. Para ello, puede seguir los pasos que se indican a continuaci\u00f3n, seg\u00fan su navegador:<\/p>\n<ul>\n<li>En Edge: Haga clic en Herramientas y luego en Opciones de Internet.<\/li>\n<\/ul>\n<p>En la pesta\u00f1a General, en Historial de navegaci\u00f3n, haga clic en Configuraci\u00f3n.<\/p>\n<p>Haga clic en el bot\u00f3n Mostrar archivos.<\/p>\n<p>Seleccione las cookies que se tienen que rechazar y haga clic en Eliminar.<\/p>\n<ul>\n<li>En Firefox: Haga clic en el icono Herramientas del navegador y seleccione el men\u00fa Opciones.<\/li>\n<\/ul>\n<p>En la ventana que aparece, seleccione \u00abPrivacidad y seguridad\u00bb y haga clic en \u00abMostrar cookies\u00bb.<\/p>\n<p>Seleccione las cookies que se tienen que rechazar y haga clic en Eliminar.<\/p>\n<ul>\n<li>En Safari: Haga clic en el icono Edici\u00f3n y seleccione el men\u00fa Preferencias.<\/li>\n<\/ul>\n<p>Haga clic en Seguridad y luego en Mostrar cookies.<\/p>\n<p>Seleccione las cookies que se tienen que rechazar y haga clic en Eliminar.<\/p>\n<ul>\n<li>En Google Chrome: Haga clic en el icono Herramientas, seleccione el men\u00fa Opciones y luego haga clic en la pesta\u00f1a Opciones avanzadas y acceda a la secci\u00f3n \u00abConfidencialidad\u00bb.<\/li>\n<\/ul>\n<p>Haga clic en el bot\u00f3n \u00abMostrar cookies\u00bb.<\/p>\n<p>Seleccione las cookies que se tienen que rechazar y luego haga clic en Eliminar.<\/p>\n<p>Si tiene cualquier pregunta relativa a los distintos navegadores, Saint Clair Textiles le recomienda que consulte la documentaci\u00f3n oficial.<\/p>\n","protected":false},"excerpt":{"rendered":"<p>Para Saint Clair Textiles, la protecci\u00f3n de los datos personales de sus clientes es una prioridad absoluta. Hemos tratado en todo momento de respetar la legislaci\u00f3n en la materia, en particular la ley n.\u00ba 78-17 de 6 de enero de 1978 relativa a la inform\u00e1tica, los archivos y las libertades, modificada por el Reglamento (UE) &#8230;<\/p>\n","protected":false},"author":2,"featured_media":0,"parent":0,"menu_order":0,"comment_status":"closed","ping_status":"closed","template":"","meta":{"content-type":"","footnotes":""},"class_list":["post-3871","page","type-page","status-publish","hentry"],"_links":{"self":[{"href":"https:\/\/www.saintclairtextiles.com\/es\/wp-json\/wp\/v2\/pages\/3871","targetHints":{"allow":["GET"]}}],"collection":[{"href":"https:\/\/www.saintclairtextiles.com\/es\/wp-json\/wp\/v2\/pages"}],"about":[{"href":"https:\/\/www.saintclairtextiles.com\/es\/wp-json\/wp\/v2\/types\/page"}],"author":[{"embeddable":true,"href":"https:\/\/www.saintclairtextiles.com\/es\/wp-json\/wp\/v2\/users\/2"}],"replies":[{"embeddable":true,"href":"https:\/\/www.saintclairtextiles.com\/es\/wp-json\/wp\/v2\/comments?post=3871"}],"version-history":[{"count":5,"href":"https:\/\/www.saintclairtextiles.com\/es\/wp-json\/wp\/v2\/pages\/3871\/revisions"}],"predecessor-version":[{"id":6364,"href":"https:\/\/www.saintclairtextiles.com\/es\/wp-json\/wp\/v2\/pages\/3871\/revisions\/6364"}],"wp:attachment":[{"href":"https:\/\/www.saintclairtextiles.com\/es\/wp-json\/wp\/v2\/media?parent=3871"}],"curies":[{"name":"wp","href":"https:\/\/api.w.org\/{rel}","templated":true}]}}