{"id":660,"date":"2017-10-03T09:17:20","date_gmt":"2017-10-03T07:17:20","guid":{"rendered":"http:\/\/saintclairtextiles.com\/confectionneur\/"},"modified":"2020-09-22T16:36:27","modified_gmt":"2020-09-22T14:36:27","slug":"confeccionadores","status":"publish","type":"page","link":"https:\/\/www.saintclairtextiles.com\/es\/confeccionadores\/","title":{"rendered":"Confeccionadores"},"content":{"rendered":"<p>Desde hace 50 a\u00f1os, Dickson Saint Clair fabrica y distribuye tejidos recubiertos de PVC a sus clientes confeccionadores.<\/p>\n<p>Nuestros productos se caracterizan por una excelente soldabilidad y flexibilidad, que facilitan en gran medida la confecci\u00f3n.<\/p>\n<p>Nuestra experiencia, un dise\u00f1o cuidado, una elecci\u00f3n de materiales de primera calidad y un control exhaustivo de calidad garantizan a nuestros clientes y a los usuarios finales, la satisfacci\u00f3n desde la confeccion y a lo largo de los a\u00f1os.<\/p>\n<p>Nuestras gamas de colores y anchos permiten satisfacer las necesidades a la gran mayor\u00eda del mercado. Adem\u00e1s, prestamos especial atenci\u00f3n para garantizar una disponibilidad en stock \u00f3ptima de todos nuestros productos, as\u00ed como una preparaci\u00f3n r\u00e1pida y sin fallos de los pedidos.<\/p>\n<p>Nuestro envase y la elecci\u00f3n de transporte est\u00e1 especialmente adaptada a las exigencias particulares de este mercado. Tambi\u00e9n ofrecemos un servicio de corte de rollos y metreado, para que nuestros clientes ahorren tiempo en este tipo de operaciones.<\/p>\n<p>Nuestra organizaci\u00f3n da mucha importancia al contacto directo y regular con nuestros clientes confeccionadores y a la continuidad de los interlocutores comerciales. Nuestros servicios t\u00e9cnicos est\u00e1n preparados para responder a todas las preguntas de nuestros clientes.<\/p>\n<p>Es decir, contactar, escuchar, calidad de producto, servicio y reactividad son las palabras claves que gu\u00edan nuestra estrategia.<\/p>\n","protected":false},"excerpt":{"rendered":"<p>Desde hace 50 a\u00f1os, Dickson Saint Clair fabrica y distribuye tejidos recubiertos de PVC a sus clientes confeccionadores. Nuestros productos se caracterizan por una excelente soldabilidad y flexibilidad, que facilitan en gran medida la confecci\u00f3n. Nuestra experiencia, un dise\u00f1o cuidado, una elecci\u00f3n de materiales de primera calidad y un control exhaustivo de calidad garantizan a &#8230;<\/p>\n","protected":false},"author":1,"featured_media":0,"parent":0,"menu_order":0,"comment_status":"closed","ping_status":"closed","template":"templates\/manufacturer-printer.php","meta":{"content-type":"","footnotes":""},"class_list":["post-660","page","type-page","status-publish","hentry"],"_links":{"self":[{"href":"https:\/\/www.saintclairtextiles.com\/es\/wp-json\/wp\/v2\/pages\/660","targetHints":{"allow":["GET"]}}],"collection":[{"href":"https:\/\/www.saintclairtextiles.com\/es\/wp-json\/wp\/v2\/pages"}],"about":[{"href":"https:\/\/www.saintclairtextiles.com\/es\/wp-json\/wp\/v2\/types\/page"}],"author":[{"embeddable":true,"href":"https:\/\/www.saintclairtextiles.com\/es\/wp-json\/wp\/v2\/users\/1"}],"replies":[{"embeddable":true,"href":"https:\/\/www.saintclairtextiles.com\/es\/wp-json\/wp\/v2\/comments?post=660"}],"version-history":[{"count":2,"href":"https:\/\/www.saintclairtextiles.com\/es\/wp-json\/wp\/v2\/pages\/660\/revisions"}],"predecessor-version":[{"id":6378,"href":"https:\/\/www.saintclairtextiles.com\/es\/wp-json\/wp\/v2\/pages\/660\/revisions\/6378"}],"wp:attachment":[{"href":"https:\/\/www.saintclairtextiles.com\/es\/wp-json\/wp\/v2\/media?parent=660"}],"curies":[{"name":"wp","href":"https:\/\/api.w.org\/{rel}","templated":true}]}}