{"id":725,"date":"2017-10-05T10:31:19","date_gmt":"2017-10-05T08:31:19","guid":{"rendered":"http:\/\/saintclairtextiles.com\/imprimeur\/"},"modified":"2020-09-22T16:37:49","modified_gmt":"2020-09-22T14:37:49","slug":"graphic","status":"publish","type":"page","link":"https:\/\/www.saintclairtextiles.com\/es\/graphic\/","title":{"rendered":"Graphic"},"content":{"rendered":"<p>Saint Clair Textiles fabrica y comercializa tejidos para la impresi\u00f3n mediante  serigraf\u00eda o impresi\u00f3n digital.<\/p>\n<p>Saint Clair Textiles dispone de una amplia gama de productos (lonas y rejillas de PVC \/ lonas ecol\u00f3gicas EverGreen Fabrics) para todo tipo de proyectos publicitarios, de comunicaci\u00f3n, se\u00f1alizaci\u00f3n y decoraci\u00f3n. <\/p>\n<p>Todas nuestras lonas cuentan con nuestras t\u00e9cnicas propias de nuestra experiencia y la tecnolog\u00eda de Saint Clair Textiles, lo cual garantiza:<br \/>\n &#8211; Una comodidad de utilizaci\u00f3n: soportes flexibles y ligeros, f\u00e1ciles de dar forma y de instalar.<br \/>\n &#8211; Una excelente imprimibilidad, reconocida por todos los fabricantes de impresoras.<br \/>\n &#8211; Un nivel de seguridad \u00f3ptima, gracias a nuestro dominio de la ignifugaci\u00f3n.<br \/>\n &#8211; Una elecci\u00f3n est\u00e9tica: selecci\u00f3n de materiales brillantes, satinados o mates.<br \/>\n &#8211; Una excelente resistencia al paso del tiempo, gracias al Sistema Lowick.<\/p>\n<p>\u00a1Saint Clair Textiles, es la soluci\u00f3n flexible para todos sus proyectos de comunicaci\u00f3n y decoraci\u00f3n!<\/p>\n","protected":false},"excerpt":{"rendered":"<p>Saint Clair Textiles fabrica y comercializa tejidos para la impresi\u00f3n mediante serigraf\u00eda o impresi\u00f3n digital. Saint Clair Textiles dispone de una amplia gama de productos (lonas y rejillas de PVC \/ lonas ecol\u00f3gicas EverGreen Fabrics) para todo tipo de proyectos publicitarios, de comunicaci\u00f3n, se\u00f1alizaci\u00f3n y decoraci\u00f3n. Todas nuestras lonas cuentan con nuestras t\u00e9cnicas propias de &#8230;<\/p>\n","protected":false},"author":1,"featured_media":1575,"parent":0,"menu_order":0,"comment_status":"closed","ping_status":"closed","template":"templates\/manufacturer-printer.php","meta":{"content-type":"","footnotes":""},"class_list":["post-725","page","type-page","status-publish","has-post-thumbnail","hentry"],"_links":{"self":[{"href":"https:\/\/www.saintclairtextiles.com\/es\/wp-json\/wp\/v2\/pages\/725","targetHints":{"allow":["GET"]}}],"collection":[{"href":"https:\/\/www.saintclairtextiles.com\/es\/wp-json\/wp\/v2\/pages"}],"about":[{"href":"https:\/\/www.saintclairtextiles.com\/es\/wp-json\/wp\/v2\/types\/page"}],"author":[{"embeddable":true,"href":"https:\/\/www.saintclairtextiles.com\/es\/wp-json\/wp\/v2\/users\/1"}],"replies":[{"embeddable":true,"href":"https:\/\/www.saintclairtextiles.com\/es\/wp-json\/wp\/v2\/comments?post=725"}],"version-history":[{"count":5,"href":"https:\/\/www.saintclairtextiles.com\/es\/wp-json\/wp\/v2\/pages\/725\/revisions"}],"predecessor-version":[{"id":6379,"href":"https:\/\/www.saintclairtextiles.com\/es\/wp-json\/wp\/v2\/pages\/725\/revisions\/6379"}],"wp:featuredmedia":[{"embeddable":true,"href":"https:\/\/www.saintclairtextiles.com\/es\/wp-json\/wp\/v2\/media\/1575"}],"wp:attachment":[{"href":"https:\/\/www.saintclairtextiles.com\/es\/wp-json\/wp\/v2\/media?parent=725"}],"curies":[{"name":"wp","href":"https:\/\/api.w.org\/{rel}","templated":true}]}}