{"id":741,"date":"2017-09-28T16:08:15","date_gmt":"2017-09-28T14:08:15","guid":{"rendered":"http:\/\/saintclairtextiles.com\/lentreprise-et-lenvironnement\/"},"modified":"2025-12-08T16:11:02","modified_gmt":"2025-12-08T15:11:02","slug":"la-empresa-y-el-medio-ambiente","status":"publish","type":"page","link":"https:\/\/www.saintclairtextiles.com\/es\/la-empresa-y-el-medio-ambiente\/","title":{"rendered":"La empresa y el medio ambiente"},"content":{"rendered":"<h1>La historia<\/h1>\n<p><img loading=\"lazy\" decoding=\"async\" class=\"alignleft\" src=\"\/wp-content\/uploads\/2018\/02\/dsc_made_in_france.jpg\" alt=\"Entreprise Fran\u00e7aise\" width=\"174\" height=\"87\" \/><br \/>\nEmpresa francesa fundada en 1918. Saint Clair Textiles est\u00e1 especializada en la fabricaci\u00f3n de tejidos recubiertos.<br \/>\nNuestras t\u00e9cnicas propias de nuestra experiencia sobre los tejidos y sobre distintos tipos de revestimientos nos permite ofrecer art\u00edculos destinados a cualquier tipo de confecci\u00f3n para los mercados del transporte, las estructuras, el medioambiente o la agricultura, as\u00ed como tambien articulos destinados a la impresi\u00f3n para los mercados de la publicidad y la decoraci\u00f3n.<\/p>\n<p>&nbsp;<\/p>\n<div class=\"red-box\">\n<h2>Con presencia mundial.<\/h2>\n<p>Presente en m\u00e1s de 60 pa\u00edses, nuestra red comercial nos permite acompa\u00f1ar a nuestros clientes en su desarrollo de cada dia.<\/p>\n<\/div>\n<div class=\"entry-left\">\n<figure id=\"attachment_702\" aria-describedby=\"caption-attachment-702\" style=\"width: 640px\" class=\"wp-caption alignnone\"><img loading=\"lazy\" decoding=\"async\" class=\"wp-image-702 size-large\" src=\"\/wp-content\/uploads\/2017\/09\/usine-en-1958-3-1-1024x683.jpg\" alt=\"\" width=\"640\" height=\"427\" srcset=\"https:\/\/www.saintclairtextiles.com\/wp-content\/uploads\/2017\/09\/usine-en-1958-3-1-1024x683.jpg 1024w, https:\/\/www.saintclairtextiles.com\/wp-content\/uploads\/2017\/09\/usine-en-1958-3-1-300x200.jpg 300w, https:\/\/www.saintclairtextiles.com\/wp-content\/uploads\/2017\/09\/usine-en-1958-3-1-768x512.jpg 768w, https:\/\/www.saintclairtextiles.com\/wp-content\/uploads\/2017\/09\/usine-en-1958-3-1.jpg 1920w\" sizes=\"auto, (max-width: 640px) 100vw, 640px\" \/><figcaption id=\"caption-attachment-702\" class=\"wp-caption-text\">La f\u00e1brica en 1958<\/figcaption><\/figure>\n<\/div>\n<div class=\"entry-right\">\n<h2><span style=\"font-size: 14pt;\">FECHAS CLAVES<\/span><\/h2>\n<p><span style=\"font-size: 10pt;\"><strong>1836 \u2022 <\/strong>Creaci\u00f3n de la f\u00e1brica de hilados Dickson en Dunkerque, la empresa textil m\u00e1s antigua de Francia.<\/span><br \/>\n<span style=\"font-size: 10pt;\"><strong>1945 \u2022 <\/strong>Con talento precursor, Dickson introduce, en la fabricaci\u00f3n de sus lonas para exterior, fibras textiles artificiales para optimizar su resistencia.<\/span><br \/>\n<span style=\"font-size: 10pt;\"><strong>1975 \u2022 <\/strong>Instalaci\u00f3n de la primera l\u00ednea de recubrimiento en 3.20 m.<\/span><br \/>\n<span style=\"font-size: 10pt;\"><strong>2003 \u2022 <\/strong>Inicio del programa Evergreen.<\/span><\/p>\n<\/div>\n<p>&nbsp;<\/p>\n<p>&nbsp;<\/p>\n<p>&nbsp;<\/p>\n<p>&nbsp;<\/p>\n<p>&nbsp;<\/p>\n<p>&nbsp;<\/p>\n<h1>NUESTRO ECO-COMPROMISO<\/h1>\n<p>Con nuestras acciones y elecciones tenemos en cuenta los intereses de la comunidad y del medioambiente.<\/p>\n<h2>Fabricar de forma limpia, con total seguridad&#8230;<\/h2>\n<div class=\"entry-right\"><img loading=\"lazy\" decoding=\"async\" class=\"size-full wp-image-626 aligncenter\" src=\"\/wp-content\/uploads\/2017\/09\/ISO_9001_ISO_14001_COUL.jpg\" alt=\"\" width=\"135\" height=\"130\" \/><\/div>\n<p>Nuestro sistema de Gesti\u00f3n Medio Ambiental esta certificado por la<strong> ISO 9001 = ISO 14001<br \/>\n<\/strong><\/p>\n<p>Somos socios del programa VinylPlus, el compromiso voluntario de la industria europea del PVC para el desarrollo sostenible<br \/>\nLos desechos atmosf\u00e9ricos de nuestra l\u00ednea con revestimiento de PVC son tratados por un oxidante. La gama Evergreen se realiza en una l\u00ednea sin emisi\u00f3n de solvente de barnizado, sin desecho de agua industrial.<\/p>\n<p>Nuestra exhaustiva gesti\u00f3n de desechos permite cada a\u00f1o reducir el volumen y aumentar la proporci\u00f3n de reciclado.<\/p>\n<h4>La seguridad industrial est\u00e1 en el seno de nuestras instalaciones para proteger nuestro emplazamiento y el medioambiente.<\/h4>\n<p>&nbsp;<\/p>\n<h2>&#8230; productos limpios&#8230;<\/h2>\n<div class=\"entry-right\" style=\"padding-left: 30px;\"><img loading=\"lazy\" decoding=\"async\" class=\"size-medium wp-image-580 alignleft\" src=\"\/wp-content\/uploads\/2017\/09\/dsc_REACH-300x150.jpg\" alt=\"\" width=\"300\" height=\"150\" srcset=\"https:\/\/www.saintclairtextiles.com\/wp-content\/uploads\/2017\/09\/dsc_REACH-300x150.jpg 300w, https:\/\/www.saintclairtextiles.com\/wp-content\/uploads\/2017\/09\/dsc_REACH.jpg 700w\" sizes=\"auto, (max-width: 300px) 100vw, 300px\" \/><br \/>\n<img loading=\"lazy\" decoding=\"async\" class=\"alignnone size-full wp-image-2041\" src=\"\/wp-content\/uploads\/2018\/02\/greenguard_gold.jpg\" alt=\"\" width=\"300\" height=\"150\" \/><\/div>\n<p>Nuestros productos est\u00e1n en conformidad con el Reglamento Europeo sobre Productos Qu\u00edmicos (REACH). La conformidad de los principales productos de nuestra gama , se valid\u00f3 mediante el an\u00e1lisis de un laboratorio independiente<\/p>\n<p>La obtenci\u00f3n de la etiqueta\u00a0 Greenguard es emblem\u00e1tica, dado nuestro deseo de s\u00f3lo fabricar productos cuya no toxicidad sea real y demostrable.<br \/>\nEl inter\u00e9s ecol\u00f3gico de nuestra gama Evergreen ha sido validada por un estudio de An\u00e1lisis del Ciclo Vital conforme a la norma ISO 14 040-14 044.<\/p>\n<p>Nuestra gama Evergreen Fabrics viene acompa\u00f1ada de un proceso de eco-dise\u00f1o e todos nuestros embalajes est\u00e1n fabricados con materiales reciclados.<\/p>\n<p>&nbsp;<\/p>\n<h2>&#8230;siendo socialmente responsables.<\/h2>\n<p>Fomentamos el empleo estable y duradero de nuestros trabajadores, y el desarrollo de sus competencias mediante:<\/p>\n<p>&#8211; Un recurso m\u00ednimo a contratos temporales de trabajo.<br \/>\n&#8211; El desarrollo de su autonom\u00eda mediante programas de formaci\u00f3n t\u00e9cnica o personal.<br \/>\n&#8211; Una investigaci\u00f3n permanente de la mejora de su seguridad.<br \/>\n<!--\n<a href=\"http:\/\/saintclairtextiles.com\/images\/stories\/DDurable\/politique_QSE_2016.pdf\"><span style=\"display: inline-block; width: 0px; overflow: hidden; line-height: 0;\" data-mce-type=\"bookmark\" class=\"mce_SELRES_start\"><\/span><img decoding=\"async\" class=\"alignleft\" src=\"\/wp-content\/themes\/dickson-coatings\/assets\/images\/pictos\/data_sheet.png\" \/><span style=\"display: inline-block; width: 0px; overflow: hidden; line-height: 0;\" data-mce-type=\"bookmark\" class=\"mce_SELRES_end\"><\/span>Consultar nuestra pol\u00edtica medioambiental\"<\/a>\n--><\/p>\n","protected":false},"excerpt":{"rendered":"<p>La historia Empresa francesa fundada en 1918. Saint Clair Textiles est\u00e1 especializada en la fabricaci\u00f3n de tejidos recubiertos. Nuestras t\u00e9cnicas propias de nuestra experiencia sobre los tejidos y sobre distintos tipos de revestimientos nos permite ofrecer art\u00edculos destinados a cualquier tipo de confecci\u00f3n para los mercados del transporte, las estructuras, el medioambiente o la agricultura, &#8230;<\/p>\n","protected":false},"author":1,"featured_media":5273,"parent":0,"menu_order":0,"comment_status":"closed","ping_status":"closed","template":"","meta":{"content-type":"","footnotes":""},"class_list":["post-741","page","type-page","status-publish","has-post-thumbnail","hentry"],"_links":{"self":[{"href":"https:\/\/www.saintclairtextiles.com\/es\/wp-json\/wp\/v2\/pages\/741","targetHints":{"allow":["GET"]}}],"collection":[{"href":"https:\/\/www.saintclairtextiles.com\/es\/wp-json\/wp\/v2\/pages"}],"about":[{"href":"https:\/\/www.saintclairtextiles.com\/es\/wp-json\/wp\/v2\/types\/page"}],"author":[{"embeddable":true,"href":"https:\/\/www.saintclairtextiles.com\/es\/wp-json\/wp\/v2\/users\/1"}],"replies":[{"embeddable":true,"href":"https:\/\/www.saintclairtextiles.com\/es\/wp-json\/wp\/v2\/comments?post=741"}],"version-history":[{"count":14,"href":"https:\/\/www.saintclairtextiles.com\/es\/wp-json\/wp\/v2\/pages\/741\/revisions"}],"predecessor-version":[{"id":11344,"href":"https:\/\/www.saintclairtextiles.com\/es\/wp-json\/wp\/v2\/pages\/741\/revisions\/11344"}],"wp:featuredmedia":[{"embeddable":true,"href":"https:\/\/www.saintclairtextiles.com\/es\/wp-json\/wp\/v2\/media\/5273"}],"wp:attachment":[{"href":"https:\/\/www.saintclairtextiles.com\/es\/wp-json\/wp\/v2\/media?parent=741"}],"curies":[{"name":"wp","href":"https:\/\/api.w.org\/{rel}","templated":true}]}}