{"id":1001,"date":"2017-12-28T15:30:11","date_gmt":"2017-12-28T14:30:11","guid":{"rendered":"http:\/\/saintclairtextiles.com\/?page_id=1001\/"},"modified":"2025-02-19T11:29:24","modified_gmt":"2025-02-19T10:29:24","slug":"le-nostre-tecnologie-e-servizi","status":"publish","type":"page","link":"https:\/\/www.saintclairtextiles.com\/it\/le-nostre-tecnologie-e-servizi\/","title":{"rendered":"Le nostre tecnologie e servizi"},"content":{"rendered":"<div id=\"lowick\"><\/div>\n<p>Les tissus fabriqu\u00e9s par des proc\u00e9d\u00e9s classiques d\u2019enduction subissent assez rapidement une d\u00e9gradation due \u00e0 la pr\u00e9sence de micro-organismes et de moisissures v\u00e9hicul\u00e9s par l\u2019humidit\u00e9 qui p\u00e9n\u00e8tre dans le tissu et se propage le long des fils par effet m\u00e8che. Ce qui provoque une pr\u00e9sentation inesth\u00e9tique et un vieillissement pr\u00e9matur\u00e9.<\/p>\n<div class=\"entry-right\"><img loading=\"lazy\" decoding=\"async\" class=\"aligncenter\" src=\"\/wp-content\/uploads\/2017\/08\/dsc_lowick-e1509626372540.png\" alt=\"\" width=\"150\" height=\"50\" \/><\/div>\n<p>Le SYSTEM LOWICK est \u00e0 la fois un traitement et un proc\u00e9d\u00e9 qui permettent de r\u00e9duire consid\u00e9rablement la p\u00e9n\u00e9tration des micro-organismes \u00e0 l\u2019int\u00e9rieur des tissus enduits.<\/p>\n<p>Le SYSTEM LOWICK cr\u00e9e, dans le tissu enduit, des ruptures de capillarit\u00e9 pour bloquer la migration. Le tissu dure plus longtemps et garde son aspect d\u2019origine.<\/p>\n<div><img loading=\"lazy\" decoding=\"async\" class=\"size-full wp-image-1567 aligncenter\" src=\"\/wp-content\/uploads\/2018\/01\/lowick-1.jpg\" alt=\"\" width=\"600\" height=\"216\" srcset=\"https:\/\/www.saintclairtextiles.com\/wp-content\/uploads\/2018\/01\/lowick-1.jpg 600w, https:\/\/www.saintclairtextiles.com\/wp-content\/uploads\/2018\/01\/lowick-1-300x108.jpg 300w\" sizes=\"auto, (max-width: 600px) 100vw, 600px\" \/><\/div>\n<p>&nbsp;<\/p>\n<hr \/>\n<div id=\"cleangard\"><\/div>\n<p>&nbsp;<\/p>\n<div class=\"entry-right\"><img loading=\"lazy\" decoding=\"async\" class=\"aligncenter wp-image-141 size-full\" src=\"\/wp-content\/uploads\/2017\/08\/dsc_cleangard-e1509632954620.png\" alt=\"\" width=\"150\" height=\"49\" \/><\/div>\n<p>Trattamento sulle due facce per garantire una superficie liscia e meno sensibile allo sporco. Una protezione resistente alle intemperie.<\/p>\n<div id=\"product_advantages\">\n<div class=\"product-advantage\">\n<p><img decoding=\"async\" title=\"Resistente alle intemperie\" src=\"\/wp-content\/uploads\/2018\/01\/Intemperies.png\" alt=\"Resistente alle intemperie\" \/><br \/>\nResistente alle intemperie\n<\/div>\n<div class=\"product-advantage\">\n<p><img decoding=\"async\" title=\"Pi\u00f9 facile da pulire\" src=\"\/wp-content\/uploads\/2018\/01\/Nettoyable.png\" alt=\"Pi\u00f9 facile da pulire\" \/><br \/>\nPi\u00f9 facile da pulire\n<\/div>\n<div class=\"product-advantage\">\n<p><img decoding=\"async\" title=\"Ottima saldabilit\u00e0\" src=\"\/wp-content\/uploads\/2018\/01\/Soudabilite.png\" alt=\"Ottima saldabilit\u00e0\" \/><br \/>\nOttima saldabilit\u00e0\n<\/div>\n<div class=\"product-advantage\">\n<p><img decoding=\"async\" title=\"Maggiore durata\" src=\"\/wp-content\/uploads\/2018\/01\/Longevite.png\" alt=\"Maggiore durata\" \/><br \/>\nMaggiore durata\n<\/div>\n<div class=\"product-advantage\">\n<p><img decoding=\"async\" title=\"Pi\u00f9 liscia e meno sensibile allo sporco\" src=\"\/wp-content\/uploads\/2018\/01\/Lisse.png\" alt=\"Pi\u00f9 liscia e meno sensibile allo sporco\" \/><br \/>\nPi\u00f9 liscia e meno sensibile allo sporco\n<\/div>\n<div class=\"product-advantage\">\n<p><img decoding=\"async\" title=\"Buona flessibilit\u00e0\" src=\"\/wp-content\/uploads\/2018\/01\/Souple.png\" alt=\"Buona flessibilit\u00e0\" \/><br \/>\nBuona flessibilit\u00e0\n<\/div>\n<\/div>\n<hr \/>\n<div id=\"cleangard_slf\"><\/div>\n<div><img loading=\"lazy\" decoding=\"async\" class=\"alignleft wp-image-9941\" src=\"https:\/\/www.saintclairtextiles.com\/wp-content\/uploads\/2024\/10\/Cleangard_slf-1.png\" alt=\"\" width=\"201\" height=\"49\" srcset=\"https:\/\/www.saintclairtextiles.com\/wp-content\/uploads\/2024\/10\/Cleangard_slf-1.png 616w, https:\/\/www.saintclairtextiles.com\/wp-content\/uploads\/2024\/10\/Cleangard_slf-1-300x73.png 300w\" sizes=\"auto, (max-width: 201px) 100vw, 201px\" \/><\/div>\n<p>La formulazione della <strong>vernice PVDF <\/strong>ottimizza la protezione dallo sporco e facilita la manutenzione del prodotto, garantendo al contempo una buona saldabilit\u00e0.<\/p>\n<hr \/>\n<div id=\"cleangard_aqx\"><\/div>\n<div><img loading=\"lazy\" decoding=\"async\" class=\"alignleft wp-image-9927\" src=\"https:\/\/www.saintclairtextiles.com\/wp-content\/uploads\/2024\/10\/Cleangard_aqua.png\" alt=\"\" width=\"211\" height=\"49\" srcset=\"https:\/\/www.saintclairtextiles.com\/wp-content\/uploads\/2024\/10\/Cleangard_aqua.png 645w, https:\/\/www.saintclairtextiles.com\/wp-content\/uploads\/2024\/10\/Cleangard_aqua-300x70.png 300w\" sizes=\"auto, (max-width: 211px) 100vw, 211px\" \/><\/div>\n<p>Questo trattamento offre gli stessi vantaggi del nostro trattamento standard Cleangard. Tuttavia, <strong>non contiene solventi<\/strong>, riducendo cos\u00ec l&#8217;impatto sull&#8217;ambiente.<\/p>\n<hr \/>\n<p>&nbsp;<\/p>\n<h1 id=\"resource\">Programma Resource<\/h1>\n<div class=\"entry-right\"><img loading=\"lazy\" decoding=\"async\" class=\"aligncenter wp-image-9972 size-full\" src=\"https:\/\/www.saintclairtextiles.com\/wp-content\/uploads\/2024\/10\/RESOURCE-by-SCTEX-150x150-1.png\" alt=\"\" width=\"150\" height=\"150\" \/><\/div>\n<p><strong>TUTTI GLI ARTICOLI DELLA SAINT CLAIR TEXTILES SONO VALORIZZABILI<\/strong><br \/>\nLa valorizzazione del cascame di lavorazione e dei prodotti giunti a fine vita (PVC o EverGreen) consente di ridurre l\u2019impatto ambientale; entrando in altri cicli di produzione, essi riducono l\u2019estrazione di risorse naturali<br \/>\nProponiamo ai nostri clienti desiderosi di partecipare ad una politica ambientale responsabile, di aderire al programma *, previa firma di un accordo di partenariato.<br \/>\nConsultate la nostra brochure per saperne di pi\u00f9.<\/p>\n<p><em>*impianti di raccolta e trattamento negli EU<br \/>\n<\/em><\/p>\n<p>&nbsp;<\/p>\n<hr \/>\n<div id=\"evergreen\"><\/div>\n<p><a href=\"http:\/\/www.evergreen-fabrics.com\" target=\"_blank\" rel=\"noopener noreferrer\"><img decoding=\"async\" class=\"wp-image-464 size-thumbnail alignleft\" src=\"\/wp-content\/uploads\/2020\/01\/EVERGREEN-2020.jpg\" alt=\"\" width=\"200\" \/><\/a><\/p>\n<p>EverGreen Fabrics rappresenta un approccio volontario e un impegno da parte di un&#8217;azienda, la Saint Clair Textiles, preoccupata per il rispetto e la tutela dell&#8217;ambiente e degli uomini.<\/p>\n<p><strong><span style=\"color: #99cc00;\"> Tele Eco-concepite :<\/span> <\/strong>Le tele Evergreen Fabrics sono costituite da un supporto in poliestere e da un rivestimento a base d&#8217;acqua.<br \/>\nEsse sono sistematicamente:<\/p>\n<ul style=\"list-style-type: disc;\">\n<li>senza PVC<\/li>\n<li>senza ftalato<\/li>\n<li>senza formaldeide<\/li>\n<li>senza fosfati<\/li>\n<li>senza etere glicolico<\/li>\n<\/ul>\n<p>Il nostro approccio di Eco-Concezione consiste nel ridurre l&#8217;impatto ambientale dei nostri articoli sul loro ciclo di vita nel suo complesso, dalla creazione alla distruzione del prodotto:<\/p>\n<ul style=\"list-style-type: disc;\">\n<li>Concezione: formulazione di tele nel rispetto e nella tutela delle risorse naturali<\/li>\n<li>Fabbricazione: metodo di produzione che riduce i consumi energetici<\/li>\n<li>Imballaggio: selezione di materiali che agevolino il riciclaggio<\/li>\n<li>Utilizzo:  dell&#8217;utente grazie all&#8217;assenza di COV residui riducendo l&#8217;inquinamento dell&#8217;ambiente<\/li>\n<li>Esaurimento di vita: distruzione locale della tela dopo l&#8217;utilizzo volta a ridurre al minimo i flussi di trasporto<\/li>\n<\/ul>\n<p><strong><span style=\"color: #99cc00;\">Un approccio ecologico riconosciuto :<\/span> <\/strong>Il vantaggio ambientale dei prodotti EverGreen Fabrics \u00e8 stato confermato mediante Analisi del Ciclo di Vita (ACV) sulla base delle norme ISO 14 040 \u2013 14 044.(*)La non tossicit\u00e0 e il rispetto della salute umana sono stati certificati mediante la norma Oekotex.(*)<\/p>\n<p><em>* Nous consulter pour les \u00e9tudes et les produits concern\u00e9s<\/em><br \/>\n<\/p>\n<hr>\n<p><\/p>\n<h2><a href=\"http:\/\/saintclairtextiles.com\/wp-content\/uploads\/2020\/01\/Guide-entretien-IT.pdf\"><img decoding=\"async\" class=\"alignleft\" src=\"http:\/\/dickson-coatings.com\/wp-content\/themes\/dickson-coatings\/assets\/images\/pictos\/data_sheet.png\" \/>MANUALE PER LA PULIZIA E LA CURA DI<\/a> TESSUTI DI POLIESTERE RIVESTITI IN PVC Saint Clair Textiles.<\/h2>\n","protected":false},"excerpt":{"rendered":"<p>Les tissus fabriqu\u00e9s par des proc\u00e9d\u00e9s classiques d\u2019enduction subissent assez rapidement une d\u00e9gradation due \u00e0 la pr\u00e9sence de micro-organismes et de moisissures v\u00e9hicul\u00e9s par l\u2019humidit\u00e9 qui p\u00e9n\u00e8tre dans le tissu et se propage le long des fils par effet m\u00e8che. Ce qui provoque une pr\u00e9sentation inesth\u00e9tique et un vieillissement pr\u00e9matur\u00e9. Le SYSTEM LOWICK est \u00e0 &#8230;<\/p>\n","protected":false},"author":2,"featured_media":0,"parent":0,"menu_order":0,"comment_status":"closed","ping_status":"closed","template":"","meta":{"content-type":"","footnotes":""},"class_list":["post-1001","page","type-page","status-publish","hentry"],"_links":{"self":[{"href":"https:\/\/www.saintclairtextiles.com\/it\/wp-json\/wp\/v2\/pages\/1001","targetHints":{"allow":["GET"]}}],"collection":[{"href":"https:\/\/www.saintclairtextiles.com\/it\/wp-json\/wp\/v2\/pages"}],"about":[{"href":"https:\/\/www.saintclairtextiles.com\/it\/wp-json\/wp\/v2\/types\/page"}],"author":[{"embeddable":true,"href":"https:\/\/www.saintclairtextiles.com\/it\/wp-json\/wp\/v2\/users\/2"}],"replies":[{"embeddable":true,"href":"https:\/\/www.saintclairtextiles.com\/it\/wp-json\/wp\/v2\/comments?post=1001"}],"version-history":[{"count":20,"href":"https:\/\/www.saintclairtextiles.com\/it\/wp-json\/wp\/v2\/pages\/1001\/revisions"}],"predecessor-version":[{"id":10330,"href":"https:\/\/www.saintclairtextiles.com\/it\/wp-json\/wp\/v2\/pages\/1001\/revisions\/10330"}],"wp:attachment":[{"href":"https:\/\/www.saintclairtextiles.com\/it\/wp-json\/wp\/v2\/media?parent=1001"}],"curies":[{"name":"wp","href":"https:\/\/api.w.org\/{rel}","templated":true}]}}