{"id":1809,"date":"2017-08-29T17:52:06","date_gmt":"2017-08-29T15:52:06","guid":{"rendered":"http:\/\/saintclairtextiles.com\/mentions-legales\/"},"modified":"2021-03-15T16:06:11","modified_gmt":"2021-03-15T15:06:11","slug":"mentions-legales","status":"publish","type":"page","link":"https:\/\/www.saintclairtextiles.com\/it\/mentions-legales\/","title":{"rendered":"Note legali"},"content":{"rendered":"<p><strong>1. DATI RELATIVI AL SITO<\/strong><\/p>\n<p>Indirizzo web: : http:\/\/saintclairtextiles.com<br \/>\nEditore : SAINT CLAIR TEXTILES, SAS au capital de 7 680 000 \u20ac \u2013 381 424 712 RCS Vienne<br \/>\nIndirizzo : 415 avenue de Savoie, F-38110 Saint-Clair-de-la-Tour<br \/>\nT\u00e9l. : +33 (0)4 74 83 51 00<br \/>\nDirettore responsabile : Xavier CHRISTOPHE<br \/>\nRedattore capo : Arnauld FONTAINE<br \/>\nProgettazione\/realizzazione del sito : Notre Studio.fr<br \/>\nHosting : ovh.com \u2013 2 rue Kellermann \u2013 59100 Roubaix \u2013 France<\/p>\n<p><strong>2. CONDIZIONI GENERALI DI UTILIZZAZIONE DEL SITO<\/strong><\/p>\n<p>Il sito di SAINT CLAIR TEXTILES http:\/\/saintclairtextiles.com \u00e8 di seguito denominato : \u00abil Sito\u00bb.<\/p>\n<p>Il visitatore che si collega al Sito \u00e8 definito di seguito \u00abl\u2019utilizzatore\u00bb.<\/p>\n<p>Il sito \u00e8 accessibile in qualsiasi momento, salvo in caso di forza maggiore, di problemi di carattere informatico, di difficolt\u00e0 sulle reti di telecomunicazione o di difficolt\u00e0 tecniche.<\/p>\n<p>SAINT CLAIR TEXTILES potr\u00e0 interrompere l\u2019accesso al Sito per procedere alla sua manutenzione e si sforzer\u00e0 di comunicare anticipatamente agli utilizzatori le date e le ore dell\u2019intervento.<\/p>\n<p>Per accedere al Sito nelle migliori condizioni, si consiglia di utilizzare un hardware recente, con un browser di ultima generazione regolarmente aggiornato.<\/p>\n<p><strong>3. DATI DI CARATTERE PERSONALE<\/strong><\/p>\n<p>L\u2019utilizzatore ha la possibilit\u00e0 di comunicare i propri dati personali mediante il modulo proposto nella rubrica Contatti del Sito e di aggiungere commenti e\/o richieste nella zona di testo prevista a tale scopo.<\/p>\n<p>Le informazioni di carattere personale raccolte in questo modo sono destinate a SAINT CLAIR TEXTILES, vengono utilizzate solo ai fini dei servizi proposti nel Sito e non sono soggette ad alcuna utilizzazione commerciale. Tale informazioni non vengono conservate.<\/p>\n<p>In conformit\u00e0 con la legge francese sulla privacy \u00abInformatique et Libert\u00e9s\u00bb del 6 gennaio 1978 e successive modifiche, l\u2019utilizzatore del Sito dispone del diritto di consultare, modificare, rettificare ed eliminare i dati che lo riguardano. Tale diritto potr\u00e0 essere esercitato inviando per posta una richiesta in cui venga menzionato l\u2019indirizzo dell\u2019utilizzatore, accompagnata da un giustificativo di identit\u00e0. Tale richiesta dovr\u00e0 essere indirizzata a: SAINT CLAIR TEXTILES &#8211; 415 avenue de Savoie, F-38110 Saint-Clair-de-la-Tour.<\/p>\n<p>Si informa l\u2019utilizzatore che i contributi al Sito sono soggetti alla supervisione di un moderatore, il quale potr\u00e0 eliminare ogni contenuto che non sia in relazione con l\u2019argomento della rubrica o con la linea editoriale, o che sia contrario alla legislazione vigente.<\/p>\n<p><strong>4. COOKIES<\/strong><\/p>\n<p>Un cookie \u00e8 un file di piccole dimensioni, che non permette di identificare l\u2019utilizzatore ma registra informazioni relative alle modalit\u00e0 di navigazione di un computer in un sito. I dati cos\u00ec ottenuti puntano a facilitare le visite successive al sito e a permettere di misurare vari parametri relativi alla frequentazione. Tale informazioni vengono conservate per un periodo non superiore a due anni. L\u2019utilizzatore pu\u00f2 rifiutare la registrazione dei cookie, configurando il proprio browser. Rifiutando di installare un cookie, l\u2019utilizzatore potrebbe tuttavia essere impossibilitato ad accedere a determinati servizi.<\/p>\n<p><strong>5. PROPRIET\u00e0 INTELLETTUALE<\/strong><\/p>\n<p>Il Sito appartiene ed \u00e8 gestito da SAINT CLAIR TEXTILES. Tutti gli elementi che compongono il Sito, ivi compreso i testi, i suoni, le immagini, i software, i marchi, i logo, i nomi di dominio e gli altri segni distintivi che compaiono sul Sito stesso, sono protetti dalla legislazione vigente sulla propriet\u00e0 intellettuale e sul diritto d\u2019autore, ed appartengono a SAINT CLAIR TEXTILES o vengono utilizzati su autorizzazione di terzi.<\/p>\n<p>Le foto e i visual del Sito provengono dalla banca di immagini di SAINT CLAIR TEXTILES o vengono utilizzati su autorizzazione di terzi. Tutti i diritti di riproduzione sono riservati, salvo previa ed esplicita autorizzazione di SAINT CLAIR TEXTILES.<\/p>\n<p>Qualsiasi utilizzo non autorizzato del Sito o del suo contenuto impegna la responsabilit\u00e0 del trasgressore e costituir\u00e0 una contraffazione, sanzionata dagli articoli L.335-2 e successivi del Codice francese della Propriet\u00e0 Intellettuale.<\/p>\n<p><strong>6. LINK IPERTESTUALI<\/strong><\/p>\n<p>Il Sito pu\u00f2 contenere link ipertestuali verso altri siti non editi da SAINT CLAIR TEXTILES. L\u2019utilizzatore del Sito \u00e8 informato e accetta che SAINT CLAIR TEXTILES non possa essere ritenuto responsabile della mancata disponibilit\u00e0 di tali siti e che SAINT CLAIR TEXTILES non esamini, controlli, approvi o sia in alcun modo responsabile dei contenuti, pubblicit\u00e0, prodotti o altri elementi disponibili su o tramite tali siti. Di conseguenza, l\u2019utilizzazione di un link che conduca verso un altro sito avviene sotto l\u2019esclusiva responsabilit\u00e0 dell\u2019utilizzatore.<\/p>\n<p><strong>7. LIMITAZIONI DI RESPONSABILIT\u00e0<\/strong><\/p>\n<p>SAINT CLAIR TEXTILES fa tutto quanto \u00e8 in suo potere per diffondere informazioni esatte e aggiornate, ma non pu\u00f2 tuttavia garantire l\u2019esattezza, la completezza e l\u2019attualit\u00e0 delle informazioni diffuse nel Sito. L\u2019utilizzatore riconosce pertanto di utilizzare queste informazioni sotto la propria responsabilit\u00e0.<\/p>\n<p>SAINT CLAIR TEXTILES declina qualsiasi responsabilit\u00e0:<\/p>\n<ul>\n<li style=\"list-style-type: none;\">\n<ul style=\"list-style-type: disc;\">\n<li>per errori ed omissioni relative ad informazioni diffuse nel Sito,<\/li>\n<li>per danni diretti o indiretti, materiali o immateriali, eventualmente derivanti dall\u2019accesso o dall\u2019utilizzazione del Sito, ivi compresi l\u2019accessibilit\u00e0, le perdite di dati, nonch\u00e9 qualsiasi deterioramento, distruzione o virus che potrebbe interessare l\u2019attrezzatura informatica dell\u2019utilizzatore,<\/li>\n<li>per la presenza di virus nel Sito.<\/li>\n<\/ul>\n<\/li>\n<\/ul>\n<p><strong>8. GIURISPRUDENZA APPLICABILE E ATTRIBUZIONE DI COMPETENZE<\/strong><\/p>\n<p>Il Sito e il suo contenuto sono retti dalla giurisprudenza francese. Qualsiasi controversia sar\u00e0 soggetta all\u2019esclusiva competenza dei tribunali del foro presso cui ha sede la societ\u00e0 SAINT CLAIR TEXTILES.<\/p>\n","protected":false},"excerpt":{"rendered":"<p>1. DATI RELATIVI AL SITO Indirizzo web: : http:\/\/saintclairtextiles.com Editore : SAINT CLAIR TEXTILES, SAS au capital de 7 680 000 \u20ac \u2013 381 424 712 RCS Vienne Indirizzo : 415 avenue de Savoie, F-38110 Saint-Clair-de-la-Tour T\u00e9l. : +33 (0)4 74 83 51 00 Direttore responsabile : Xavier CHRISTOPHE Redattore capo : Arnauld FONTAINE Progettazione\/realizzazione &#8230;<\/p>\n","protected":false},"author":1,"featured_media":0,"parent":0,"menu_order":0,"comment_status":"closed","ping_status":"closed","template":"","meta":{"content-type":"","footnotes":""},"class_list":["post-1809","page","type-page","status-publish","hentry"],"_links":{"self":[{"href":"https:\/\/www.saintclairtextiles.com\/it\/wp-json\/wp\/v2\/pages\/1809","targetHints":{"allow":["GET"]}}],"collection":[{"href":"https:\/\/www.saintclairtextiles.com\/it\/wp-json\/wp\/v2\/pages"}],"about":[{"href":"https:\/\/www.saintclairtextiles.com\/it\/wp-json\/wp\/v2\/types\/page"}],"author":[{"embeddable":true,"href":"https:\/\/www.saintclairtextiles.com\/it\/wp-json\/wp\/v2\/users\/1"}],"replies":[{"embeddable":true,"href":"https:\/\/www.saintclairtextiles.com\/it\/wp-json\/wp\/v2\/comments?post=1809"}],"version-history":[{"count":6,"href":"https:\/\/www.saintclairtextiles.com\/it\/wp-json\/wp\/v2\/pages\/1809\/revisions"}],"predecessor-version":[{"id":6983,"href":"https:\/\/www.saintclairtextiles.com\/it\/wp-json\/wp\/v2\/pages\/1809\/revisions\/6983"}],"wp:attachment":[{"href":"https:\/\/www.saintclairtextiles.com\/it\/wp-json\/wp\/v2\/media?parent=1809"}],"curies":[{"name":"wp","href":"https:\/\/api.w.org\/{rel}","templated":true}]}}