{"id":740,"date":"2017-09-28T16:08:15","date_gmt":"2017-09-28T14:08:15","guid":{"rendered":"http:\/\/saintclairtextiles.com\/lentreprise-et-lenvironnement\/"},"modified":"2025-12-08T16:09:41","modified_gmt":"2025-12-08T15:09:41","slug":"azienda-e-ambiente","status":"publish","type":"page","link":"https:\/\/www.saintclairtextiles.com\/it\/azienda-e-ambiente\/","title":{"rendered":"L'azienda e l'ambiente"},"content":{"rendered":"<h1>La storia<\/h1>\n<p><img loading=\"lazy\" decoding=\"async\" class=\"alignleft\" src=\"\/wp-content\/uploads\/2018\/02\/dsc_made_in_france.jpg\" alt=\"Entreprise Fran\u00e7aise\" width=\"174\" height=\"87\" \/><br \/>\nAzienda francese fondata nel 1918, Saint Clair Textiles \u00e8 specializzata nella produzione di tessuti spalmati.<br \/>\nLa nostra competenza nell&#8217;orditura, nella tessitura e nel rivestimento ci consente di proporre articoli destinati ad usi di confezionamento per il mercato dei trasporti, delle strutture, dell&#8217;ambiente o dell&#8217;agricoltura, sia ad usi di stampa per i mercati della pubblicit\u00e0 e della decorazione.<\/p>\n<p>&nbsp;<\/p>\n<div class=\"red-box\">\n<h2>Presente su scala mondiale<\/h2>\n<p>Presente in oltre 60 paesi, la nostra rete commerciale ci consente di accompagnare i nostri clienti nel loro sviluppo quotidiano.<\/p>\n<\/div>\n<div class=\"entry-left\">\n<figure id=\"attachment_702\" aria-describedby=\"caption-attachment-702\" style=\"width: 640px\" class=\"wp-caption alignnone\"><img loading=\"lazy\" decoding=\"async\" class=\"wp-image-702 size-large\" src=\"\/wp-content\/uploads\/2017\/09\/usine-en-1958-3-1-1024x683.jpg\" alt=\"\" width=\"640\" height=\"427\" srcset=\"https:\/\/www.saintclairtextiles.com\/wp-content\/uploads\/2017\/09\/usine-en-1958-3-1-1024x683.jpg 1024w, https:\/\/www.saintclairtextiles.com\/wp-content\/uploads\/2017\/09\/usine-en-1958-3-1-300x200.jpg 300w, https:\/\/www.saintclairtextiles.com\/wp-content\/uploads\/2017\/09\/usine-en-1958-3-1-768x512.jpg 768w, https:\/\/www.saintclairtextiles.com\/wp-content\/uploads\/2017\/09\/usine-en-1958-3-1.jpg 1920w\" sizes=\"auto, (max-width: 640px) 100vw, 640px\" \/><figcaption id=\"caption-attachment-702\" class=\"wp-caption-text\">La fabbrica nel 1958<\/figcaption><\/figure>\n<\/div>\n<div class=\"entry-right\">\n<h2><span style=\"font-size: 14pt;\">DATE CHIAVE<\/span><\/h2>\n<p><span style=\"font-size: 10pt;\"><strong>1836 \u2022 <\/strong>Creazione a Dunkerque della pi\u00f9 antica industria tessile francese, la filatura Dickson.<\/span><br \/>\n<span style=\"font-size: 10pt;\"><strong>1945 \u2022 <\/strong>Da vero precursore, Dickson introduce le fibre tessili artificiali nella produzione delle sue tele, al fine di ottimizzarne la resistenza.<\/span><br \/>\n<span style=\"font-size: 10pt;\"><strong>1975 \u2022 <\/strong>Installazione della prima linea di spalmatura in h 3.20 mt.<\/span><br \/>\n<span style=\"font-size: 10pt;\"><strong>2003 \u2022 <\/strong>Lancio del programma Evergreen.<\/span><\/p>\n<\/div>\n<p>&nbsp;<\/p>\n<p>&nbsp;<\/p>\n<p>&nbsp;<\/p>\n<p>&nbsp;<\/p>\n<p>&nbsp;<\/p>\n<p>&nbsp;<\/p>\n<h1>IL NOSTRO ECO-IMPEGNO<\/h1>\n<p>Le nostre scelte e le nostre azioni sono dettate dall&#8217;interesse per la comunit\u00e0 e per l&#8217;ambiente.<\/p>\n<h2>Produrre in modo corretto, in tutta sicurezza&#8230;<\/h2>\n<div class=\"entry-right\"><img loading=\"lazy\" decoding=\"async\" class=\"size-full wp-image-626 aligncenter\" src=\"\/wp-content\/uploads\/2017\/09\/ISO_9001_ISO_14001_COUL.jpg\" alt=\"\" width=\"135\" height=\"130\" \/><\/div>\n<p>Il nostro Sistema di Gestione Ambientale prevede la certificazione<strong> ISO 9001 = ISO 14001<br \/>\n<\/strong><\/p>\n<p>Siamo partner attivi del programma VinyPlus, che prevede un&#8217;impegno volontario per lo sviluppo sostenibile dell&#8217;industria Europea del PVC<br \/>\nGli scarichi atmosferici della nostra linea di rivestimento PVC sono trattati mediante un ossidatore. La gamma Evergreen viene realizzata su una linea senza emissione di solventi di laccatura, senza scarichi di acque industriali<\/p>\n<p>La nostra severa gestione dei rifiuti consente di ridurne i volumi e di aumentare ogni anno la percentuale di riciclaggio.<\/p>\n<h4>La sicurezza industriale rappresenta un elemento fondamentale dei nostri impianti per rendere stabile il nostro sito e tutelare l&#8217;ambiente<\/h4>\n<p>&nbsp;<\/p>\n<h2>&#8230; prodotti puliti&#8230;<\/h2>\n<div class=\"entry-right\" style=\"padding-left: 30px;\"><img loading=\"lazy\" decoding=\"async\" class=\"size-medium wp-image-580 alignleft\" src=\"\/wp-content\/uploads\/2017\/09\/dsc_REACH-300x150.jpg\" alt=\"\" width=\"300\" height=\"150\" srcset=\"https:\/\/www.saintclairtextiles.com\/wp-content\/uploads\/2017\/09\/dsc_REACH-300x150.jpg 300w, https:\/\/www.saintclairtextiles.com\/wp-content\/uploads\/2017\/09\/dsc_REACH.jpg 700w\" sizes=\"auto, (max-width: 300px) 100vw, 300px\" \/><br \/>\n<img loading=\"lazy\" decoding=\"async\" class=\"alignnone size-full wp-image-2041\" src=\"\/wp-content\/uploads\/2018\/02\/greenguard_gold.jpg\" alt=\"\" width=\"300\" height=\"150\" \/><\/div>\n<p>I nostri prodotti rispettano i requisiti del Regolamento Europeo sui prodotti Chimici (REACH).La conformit\u00e0 dei prodotti pi\u00f9 importanti della nostra gamma \u00e8 stata validata da analisi presso un laboratorio indipendente .<\/p>\n<p>L\u2019ottenimento del marchio Greenguard rispecchia in modo emblematico la nostra volont\u00e0 di produrre esclusivamente prodotti la cui non tossicit\u00e0 sia reale e dimostrabile.<\/p>\n<p>L&#8217;interesse ecologico della nostra gamma Evergreen \u00e8 convalidato da uno studio di Analisi del Ciclo di Vita sulla base dell\u2019ISO 14 040-14 044.<\/p>\n<p>La nostra gamma Evergreen Fabrics \u00e8 corredata da un approccio di Eco-Concezione et tutti i nostri imballaggi sono in materiali riciclabili.<\/p>\n<p>&nbsp;<\/p>\n<h2>&#8230;essendo socialmente responsabile<\/h2>\n<p>Favoriamo l&#8217;impiego stabile e durevole dei nostri dipendenti e lo sviluppo delle loro competenze mediante:<\/p>\n<p>&#8211; Un minimo ricorso ai contratti brevi.<br \/>\n&#8211; Lo sviluppo della loro autonomia mediante programmi di formazione tecnica o personale<br \/>\n&#8211; Una costante ricerca nel miglioramento della loro sicurezza.<br \/>\n<!--\n<a href=\"http:\/\/dickson-coatings.com\/images\/stories\/DDurable\/politique_QSE_2016.pdf\"><span style=\"display: inline-block; width: 0px; overflow: hidden; line-height: 0;\" data-mce-type=\"bookmark\" class=\"mce_SELRES_start\"><\/span><img decoding=\"async\" class=\"alignleft\" src=\"\/wp-content\/themes\/dickson-coatings\/assets\/images\/pictos\/data_sheet.png\" \/><span style=\"display: inline-block; width: 0px; overflow: hidden; line-height: 0;\" data-mce-type=\"bookmark\" class=\"mce_SELRES_end\"><\/span>Consultare la nosta politica anti inquinamento<\/a>\n--><\/p>\n","protected":false},"excerpt":{"rendered":"<p>La storia Azienda francese fondata nel 1918, Saint Clair Textiles \u00e8 specializzata nella produzione di tessuti spalmati. La nostra competenza nell&#8217;orditura, nella tessitura e nel rivestimento ci consente di proporre articoli destinati ad usi di confezionamento per il mercato dei trasporti, delle strutture, dell&#8217;ambiente o dell&#8217;agricoltura, sia ad usi di stampa per i mercati della &#8230;<\/p>\n","protected":false},"author":1,"featured_media":5270,"parent":0,"menu_order":0,"comment_status":"closed","ping_status":"closed","template":"","meta":{"content-type":"","footnotes":""},"class_list":["post-740","page","type-page","status-publish","has-post-thumbnail","hentry"],"_links":{"self":[{"href":"https:\/\/www.saintclairtextiles.com\/it\/wp-json\/wp\/v2\/pages\/740","targetHints":{"allow":["GET"]}}],"collection":[{"href":"https:\/\/www.saintclairtextiles.com\/it\/wp-json\/wp\/v2\/pages"}],"about":[{"href":"https:\/\/www.saintclairtextiles.com\/it\/wp-json\/wp\/v2\/types\/page"}],"author":[{"embeddable":true,"href":"https:\/\/www.saintclairtextiles.com\/it\/wp-json\/wp\/v2\/users\/1"}],"replies":[{"embeddable":true,"href":"https:\/\/www.saintclairtextiles.com\/it\/wp-json\/wp\/v2\/comments?post=740"}],"version-history":[{"count":14,"href":"https:\/\/www.saintclairtextiles.com\/it\/wp-json\/wp\/v2\/pages\/740\/revisions"}],"predecessor-version":[{"id":11341,"href":"https:\/\/www.saintclairtextiles.com\/it\/wp-json\/wp\/v2\/pages\/740\/revisions\/11341"}],"wp:featuredmedia":[{"embeddable":true,"href":"https:\/\/www.saintclairtextiles.com\/it\/wp-json\/wp\/v2\/media\/5270"}],"wp:attachment":[{"href":"https:\/\/www.saintclairtextiles.com\/it\/wp-json\/wp\/v2\/media?parent=740"}],"curies":[{"name":"wp","href":"https:\/\/api.w.org\/{rel}","templated":true}]}}