{"id":11105,"date":"2017-10-05T10:31:19","date_gmt":"2017-10-05T08:31:19","guid":{"rendered":"https:\/\/www.saintclairtextiles.com\/imprimeur\/"},"modified":"2025-12-02T10:34:01","modified_gmt":"2025-12-02T09:34:01","slug":"imprimeur","status":"publish","type":"page","link":"https:\/\/www.saintclairtextiles.com\/ko\/imprimeur\/","title":{"rendered":"Graphic"},"content":{"rendered":"<p>Saint Clair Textiles fabrique et commercialise des textiles enduits pour le marquage par s\u00e9rigraphie ou par impression num\u00e9rique.<\/p>\n<p>Saint Clair Textiles dispose d\u2019une large gamme de supports (b\u00e2ches et grilles PVC \/ toiles \u00e9cologiques EverGreen Fabrics) qui vous permettent de r\u00e9aliser tous vos projets de publicit\u00e9, de communication, de signal\u00e9tique, ou de d\u00e9coration.<\/p>\n<p>L\u2019ensemble de ces toiles b\u00e9n\u00e9ficie du savoir faire et de la technologie de Saint Clair Textiles ce qui vous assure :<br \/>\n&#8211; Un confort d\u2019utilisation : supports souples et l\u00e9gers faciles \u00e0 mettre en forme et \u00e0 installer<br \/>\n&#8211; Une excellente imprimabilit\u00e9 reconnue par l\u2019ensemble des fabricants de machines d\u2019impression.<br \/>\n&#8211; Un niveau de s\u00e9curit\u00e9 optimum gr\u00e2ce \u00e0 notre maitrise de l\u2019ignifugation<br \/>\n&#8211; Un choix esth\u00e9tique : choix de mati\u00e8res brillantes, satin\u00e9es ou mates<br \/>\n&#8211; Une excellente tenue dans le temps gr\u00e2ce au System Lowick<\/p>\n","protected":false},"excerpt":{"rendered":"<p>Saint Clair Textiles fabrique et commercialise des textiles enduits pour le marquage par s\u00e9rigraphie ou par impression num\u00e9rique. Saint Clair Textiles dispose d\u2019une large gamme de supports (b\u00e2ches et grilles PVC \/ toiles \u00e9cologiques EverGreen Fabrics) qui vous permettent de r\u00e9aliser tous vos projets de publicit\u00e9, de communication, de signal\u00e9tique, ou de d\u00e9coration. L\u2019ensemble de &#8230;<\/p>\n","protected":false},"author":1,"featured_media":11107,"parent":0,"menu_order":0,"comment_status":"closed","ping_status":"closed","template":"templates\/manufacturer-printer.php","meta":{"content-type":"","footnotes":""},"class_list":["post-11105","page","type-page","status-publish","has-post-thumbnail","hentry"],"_links":{"self":[{"href":"https:\/\/www.saintclairtextiles.com\/ko\/wp-json\/wp\/v2\/pages\/11105","targetHints":{"allow":["GET"]}}],"collection":[{"href":"https:\/\/www.saintclairtextiles.com\/ko\/wp-json\/wp\/v2\/pages"}],"about":[{"href":"https:\/\/www.saintclairtextiles.com\/ko\/wp-json\/wp\/v2\/types\/page"}],"author":[{"embeddable":true,"href":"https:\/\/www.saintclairtextiles.com\/ko\/wp-json\/wp\/v2\/users\/1"}],"replies":[{"embeddable":true,"href":"https:\/\/www.saintclairtextiles.com\/ko\/wp-json\/wp\/v2\/comments?post=11105"}],"version-history":[{"count":6,"href":"https:\/\/www.saintclairtextiles.com\/ko\/wp-json\/wp\/v2\/pages\/11105\/revisions"}],"predecessor-version":[{"id":11284,"href":"https:\/\/www.saintclairtextiles.com\/ko\/wp-json\/wp\/v2\/pages\/11105\/revisions\/11284"}],"wp:featuredmedia":[{"embeddable":true,"href":"https:\/\/www.saintclairtextiles.com\/ko\/wp-json\/wp\/v2\/media\/11107"}],"wp:attachment":[{"href":"https:\/\/www.saintclairtextiles.com\/ko\/wp-json\/wp\/v2\/media?parent=11105"}],"curies":[{"name":"wp","href":"https:\/\/api.w.org\/{rel}","templated":true}]}}