{"id":2255,"date":"2017-10-03T09:17:20","date_gmt":"2017-10-03T07:17:20","guid":{"rendered":"http:\/\/saintclairtextiles.com\/confectionneur\/"},"modified":"2018-03-23T10:54:51","modified_gmt":"2018-03-23T09:54:51","slug":"konfekcjoner","status":"publish","type":"page","link":"https:\/\/www.saintclairtextiles.com\/pl\/konfekcjoner\/","title":{"rendered":"KONFEKCJONER"},"content":{"rendered":"<p>Od 50 lat, Saint Clair Textiles zajmuje si\u0119 produkcj\u0105 i dystrybucj\u0105 tkanin powlekanych PCV dla swoich klient\u00f3w konfekcjoner\u00f3w<\/p>\n<p>Nasze produkty wyr\u00f3\u017cniaj\u0105 si\u0119 doskona\u0142\u0105 zgrzewalno\u015bci\u0105 i elastyczno\u015bci\u0105, co znacznie u\u0142atwia ich konfekcjonowanie.<\/p>\n<p>Nasze do\u015bwiadczenie, staranna koncepcja, bezkompromisowy wyb\u00f3r surowc\u00f3w i rygorystyczna kontrola jako\u015bci zapewniaj\u0105 naszym klientom oraz ich klientom ko\u0144cowym, satysfakcj\u0119 , pocz\u0105wszy od oddania produktu do u\u017cytku a\u017c po d\u0142ugie lata stosowania.<\/p>\n<p>Nasza gama kolor\u00f3w i szeroko\u015bci zaspokaja ogromn\u0105 wi\u0119kszo\u015b\u0107 wymaga\u0144 rynku. Przywi\u0105zujemy szczeg\u00f3ln\u0105 wag\u0119 do zagwarantowania optymalnej dost\u0119pno\u015bci zapas\u00f3w dla wszystkich naszych produkt\u00f3w, a tak\u017ce szybkiego i bezb\u0142\u0119dnego przygotowywania zam\u00f3wie\u0144.<\/p>\n<p>Nasze opakowania i wyb\u00f3r no\u015bnik\u00f3w zosta\u0142y specjalnie dostosowane do szczeg\u00f3lnych wymaga\u0144 rynku. Oferujemy r\u00f3wnie\u017c us\u0142ug\u0119 ci\u0119cia, aby zaoszcz\u0119dzi\u0107 klientom czas.<\/p>\n<p>Dla naszej firmy bardzo wa\u017cny jest bezpo\u015bredni i regularny kontakt z naszymi klientami \u2013 konfekcjonerami, tak by dobrze zrozumie\u0107 ich potrzeby. Nasz serwis techniczny jest w stanie odpowiedzie\u0107 na wszystkie pytania naszych klient\u00f3w.<\/p>\n<p>Podsumowuj\u0105c, kluczowe s\u0142owa kieruj\u0105ce nasz\u0105 strategi\u0105 to:  kontakt z klientem,  jako\u015b\u0107 produktu, obs\u0142uga i szybkie reagowanie.<\/p>\n","protected":false},"excerpt":{"rendered":"<p>Od 50 lat, Saint Clair Textiles zajmuje si\u0119 produkcj\u0105 i dystrybucj\u0105 tkanin powlekanych PCV dla swoich klient\u00f3w konfekcjoner\u00f3w Nasze produkty wyr\u00f3\u017cniaj\u0105 si\u0119 doskona\u0142\u0105 zgrzewalno\u015bci\u0105 i elastyczno\u015bci\u0105, co znacznie u\u0142atwia ich konfekcjonowanie. Nasze do\u015bwiadczenie, staranna koncepcja, bezkompromisowy wyb\u00f3r surowc\u00f3w i rygorystyczna kontrola jako\u015bci zapewniaj\u0105 naszym klientom oraz ich klientom ko\u0144cowym, satysfakcj\u0119 , pocz\u0105wszy od oddania produktu &#8230;<\/p>\n","protected":false},"author":1,"featured_media":0,"parent":0,"menu_order":0,"comment_status":"closed","ping_status":"closed","template":"templates\/manufacturer-printer.php","meta":{"content-type":"","footnotes":""},"class_list":["post-2255","page","type-page","status-publish","hentry"],"_links":{"self":[{"href":"https:\/\/www.saintclairtextiles.com\/pl\/wp-json\/wp\/v2\/pages\/2255","targetHints":{"allow":["GET"]}}],"collection":[{"href":"https:\/\/www.saintclairtextiles.com\/pl\/wp-json\/wp\/v2\/pages"}],"about":[{"href":"https:\/\/www.saintclairtextiles.com\/pl\/wp-json\/wp\/v2\/types\/page"}],"author":[{"embeddable":true,"href":"https:\/\/www.saintclairtextiles.com\/pl\/wp-json\/wp\/v2\/users\/1"}],"replies":[{"embeddable":true,"href":"https:\/\/www.saintclairtextiles.com\/pl\/wp-json\/wp\/v2\/comments?post=2255"}],"version-history":[{"count":4,"href":"https:\/\/www.saintclairtextiles.com\/pl\/wp-json\/wp\/v2\/pages\/2255\/revisions"}],"predecessor-version":[{"id":2413,"href":"https:\/\/www.saintclairtextiles.com\/pl\/wp-json\/wp\/v2\/pages\/2255\/revisions\/2413"}],"wp:attachment":[{"href":"https:\/\/www.saintclairtextiles.com\/pl\/wp-json\/wp\/v2\/media?parent=2255"}],"curies":[{"name":"wp","href":"https:\/\/api.w.org\/{rel}","templated":true}]}}