{"id":2259,"date":"2017-10-05T10:31:19","date_gmt":"2017-10-05T08:31:19","guid":{"rendered":"http:\/\/saintclairtextiles.com\/imprimeur\/"},"modified":"2018-03-23T10:56:13","modified_gmt":"2018-03-23T09:56:13","slug":"drukarz","status":"publish","type":"page","link":"https:\/\/www.saintclairtextiles.com\/pl\/drukarz\/","title":{"rendered":"Graphic"},"content":{"rendered":"<p>Saint Clair Textiles produkuje i komercjalizuje tkaniny powlekane, przeznaczone do sitodruku lub druku cyfrowego.<\/p>\n<p>Saint Clair Textiles dysponuje szerok\u0105 gama no\u015bnik\u00f3w (plandeki i siatki PCV  \/ tkaniny ekologiczne EverGreen) kt\u00f3re pozwol\u0105 Wam zrealizowa\u0107 wszystkie projekty reklamy, komunikacji, oznakowania lub dekoracji.<\/p>\n<p>Wszystkie te tkaniny s\u0105 rezultatem wiedzy i technologii Dickson Coatings, co zapewnia Wam:<\/p>\n<p>&#8211; komfort u\u017cytkowania: no\u015bniki s\u0105 elastyczne i lekkie, \u0142atwe w pracy i monta\u017cu<\/p>\n<p>&#8211; znakomity zadruk uznawany przez wszystkich producent\u00f3w drukarek<\/p>\n<p>&#8211; optymalny poziom bezpiecze\u0144stwa dzi\u0119ki naszej wiedzy o trudno zapalno\u015bci<\/p>\n<p>&#8211; estetyk\u0119: materia\u0142y o wyko\u0144czeniu b\u0142yszcz\u0105cym, satynowym lub matowym<\/p>\n<p>&#8211; doskona\u0142\u0105 wytrzyma\u0142o\u015b\u0107 w czasie dzi\u0119ki Systemowi Lowick<\/p>\n","protected":false},"excerpt":{"rendered":"<p>Saint Clair Textiles produkuje i komercjalizuje tkaniny powlekane, przeznaczone do sitodruku lub druku cyfrowego. Saint Clair Textiles dysponuje szerok\u0105 gama no\u015bnik\u00f3w (plandeki i siatki PCV \/ tkaniny ekologiczne EverGreen) kt\u00f3re pozwol\u0105 Wam zrealizowa\u0107 wszystkie projekty reklamy, komunikacji, oznakowania lub dekoracji. Wszystkie te tkaniny s\u0105 rezultatem wiedzy i technologii Dickson Coatings, co zapewnia Wam: &#8211; komfort &#8230;<\/p>\n","protected":false},"author":1,"featured_media":1575,"parent":0,"menu_order":0,"comment_status":"closed","ping_status":"closed","template":"templates\/manufacturer-printer.php","meta":{"content-type":"","footnotes":""},"class_list":["post-2259","page","type-page","status-publish","has-post-thumbnail","hentry"],"_links":{"self":[{"href":"https:\/\/www.saintclairtextiles.com\/pl\/wp-json\/wp\/v2\/pages\/2259","targetHints":{"allow":["GET"]}}],"collection":[{"href":"https:\/\/www.saintclairtextiles.com\/pl\/wp-json\/wp\/v2\/pages"}],"about":[{"href":"https:\/\/www.saintclairtextiles.com\/pl\/wp-json\/wp\/v2\/types\/page"}],"author":[{"embeddable":true,"href":"https:\/\/www.saintclairtextiles.com\/pl\/wp-json\/wp\/v2\/users\/1"}],"replies":[{"embeddable":true,"href":"https:\/\/www.saintclairtextiles.com\/pl\/wp-json\/wp\/v2\/comments?post=2259"}],"version-history":[{"count":2,"href":"https:\/\/www.saintclairtextiles.com\/pl\/wp-json\/wp\/v2\/pages\/2259\/revisions"}],"predecessor-version":[{"id":2414,"href":"https:\/\/www.saintclairtextiles.com\/pl\/wp-json\/wp\/v2\/pages\/2259\/revisions\/2414"}],"wp:featuredmedia":[{"embeddable":true,"href":"https:\/\/www.saintclairtextiles.com\/pl\/wp-json\/wp\/v2\/media\/1575"}],"wp:attachment":[{"href":"https:\/\/www.saintclairtextiles.com\/pl\/wp-json\/wp\/v2\/media?parent=2259"}],"curies":[{"name":"wp","href":"https:\/\/api.w.org\/{rel}","templated":true}]}}