{"id":2263,"date":"2018-03-09T15:26:53","date_gmt":"2018-03-09T14:26:53","guid":{"rendered":"http:\/\/saintclairtextiles.com\/?page_id=2263"},"modified":"2025-12-08T16:10:42","modified_gmt":"2025-12-08T15:10:42","slug":"firma-i-srodowisko-naturalne","status":"publish","type":"page","link":"https:\/\/www.saintclairtextiles.com\/pl\/firma-i-srodowisko-naturalne\/","title":{"rendered":"Firma i \u015brodowisko naturalne"},"content":{"rendered":"<h1>Historia<\/h1>\n<p><img loading=\"lazy\" decoding=\"async\" class=\"alignleft\" src=\"\/wp-content\/uploads\/2018\/02\/dsc_made_in_france.jpg\" alt=\"Entreprise Fran\u00e7aise\" width=\"174\" height=\"87\" \/><br \/>\n1918 &#8211; utworzenie francuskiej firmy Dickson Coatings, specjalisty w produkcji tkanin powlekanych. Nasza wiedza o snuciu, tkaniu i powlekaniu pozwala nam zaproponowa\u0107 produkty przeznaczone dla zastosowa\u0144 konfekcyjnych dla transportu, architektury demontowalnej, \u015brodowiska naturalnego, rolnictwa, oraz dla druku reklam i dekoracji<\/p>\n<p>&nbsp;<\/p>\n<div class=\"red-box\">\n<h2>Obecna na ca\u0142ym \u015bwiecie<\/h2>\n<p>Nasza sie\u0107 handlowa obecna w ponad 60 krajach pozwala towarzyszy\u0107 naszym klientom w ich codziennym rozwoju.<\/p>\n<\/div>\n<div class=\"entry-left\">\n<figure id=\"attachment_702\" aria-describedby=\"caption-attachment-702\" style=\"width: 640px\" class=\"wp-caption alignnone\"><img loading=\"lazy\" decoding=\"async\" class=\"wp-image-702 size-large\" src=\"http:\/\/saintclairtextiles.com\/wp-content\/uploads\/2017\/09\/usine-en-1958-3-1-1024x683.jpg\" alt=\"\" width=\"640\" height=\"427\" srcset=\"https:\/\/www.saintclairtextiles.com\/wp-content\/uploads\/2017\/09\/usine-en-1958-3-1-1024x683.jpg 1024w, https:\/\/www.saintclairtextiles.com\/wp-content\/uploads\/2017\/09\/usine-en-1958-3-1-300x200.jpg 300w, https:\/\/www.saintclairtextiles.com\/wp-content\/uploads\/2017\/09\/usine-en-1958-3-1-768x512.jpg 768w, https:\/\/www.saintclairtextiles.com\/wp-content\/uploads\/2017\/09\/usine-en-1958-3-1.jpg 1920w\" sizes=\"auto, (max-width: 640px) 100vw, 640px\" \/><figcaption id=\"caption-attachment-702\" class=\"wp-caption-text\">Fabryka w 1958r<\/figcaption><\/figure>\n<\/div>\n<div class=\"entry-right\">\n<h2>Daty kluczowe<\/h2>\n<p><strong>1836 \u2022 <\/strong>Powstaje w Dunkierce pierwsze i tym samym najstarsze przedsi\u0119biorstwo tekstylne we Francji \u2013 nasza prz\u0119dzalnia.<br \/>\n<strong>1945 \u2022 <\/strong>Dickson, jako prekursor wprowadza do produkcji swoich tkanin sztuczne w\u0142\u00f3kna tekstylne, aby zoptymalizowa\u0107 wytrzyma\u0142o\u015b\u0107 produkowanych tkanin.<br \/>\n<strong>1969 \u2022<\/strong> Po\u0142\u0105czenie tkalni Dickson i tkalni Constant<br \/>\n<strong>1998 \u2022<\/strong> Dickson wchodzi w sk\u0142ad ameryka\u0144skiej grupy Glen Raven, \u015bwiatowego numeru 1 w produkcji tkanin technicznych przeznaczonych dla zastosowa\u0144 zewn\u0119trznych.<\/p>\n<\/div>\n<p>&nbsp;<\/p>\n<p>&nbsp;<\/p>\n<p>&nbsp;<\/p>\n<p>&nbsp;<\/p>\n<p>&nbsp;<\/p>\n<p>&nbsp;<\/p>\n<h1>Nasze eko-zaanga\u017cowanie<\/h1>\n<p>W naszych wyborach i dzia\u0142aniach \u0142\u0105czymy ze sob\u0105 interesy spo\u0142eczno\u015bci lokalnych i otaczaj\u0105cego j\u0105 \u015brodowiska naturalnego.<\/p>\n<h2>Produkowa\u0107 czysto, w pe\u0142nym bezpiecze\u0144stwie \u2026<\/h2>\n<div class=\"entry-right\"><img loading=\"lazy\" decoding=\"async\" class=\"size-full wp-image-626 aligncenter\" src=\"http:\/\/saintclairtextiles.com\/wp-content\/uploads\/2017\/09\/ISO_9001_ISO_14001_COUL.jpg\" alt=\"\" width=\"135\" height=\"130\" \/><\/div>\n<p>Nasz system Zarz\u0105dzania Jako\u015bci\u0105 i \u015arodowiskiem jest certyfikowany<strong> ISO 9001 = ISO 14001<br \/>\n<\/strong><\/p>\n<p>Jeste\u015bmy partnerem programu Vinyl Plus, europejskiego dobrowolnego zobowi\u0105zania producent\u00f3w PCV na rzecz zr\u00f3wnowa\u017conego rozwoju.<\/p>\n<p>Wydzielane do atmosfery odpady z naszej linii powlekania PCV s\u0105 poddawane dzia\u0142aniu systemu oczyszczania powietrza \u2013 oksydatora.<\/p>\n<p>Gama EverGreen produkowana jest bez emisji rozpuszczalnik\u00f3w i bez odpad\u00f3w wody przemys\u0142owej.<\/p>\n<p>Nasze podej\u015bcie Landfill free, jak r\u00f3wnie\u017c \u015bcis\u0142e zarz\u0105dzanie odpadami zapewnia zmniejszenie ilo\u015bci odpad\u00f3w i coroczny wzrost ich przetwarzania.<\/p>\n<p><strong>Bezpiecze\u0144stwo przemys\u0142owe jest podstaw\u0105 naszych dzia\u0142a\u0144 maj\u0105cych na celu dbanie o nasz\u0105 firm\u0119 i o ochron\u0119 \u015brodowiska naturalnego. <\/strong><\/p>\n<p>&nbsp;<\/p>\n<p>&nbsp;<\/p>\n<h2>&#8230; czysta produkcja &#8230;<\/h2>\n<div class=\"entry-right\"><img loading=\"lazy\" decoding=\"async\" class=\"size-medium wp-image-580 alignleft\" src=\"http:\/\/saintclairtextiles.com\/wp-content\/uploads\/2017\/09\/dsc_REACH-300x150.jpg\" alt=\"\" width=\"300\" height=\"150\" srcset=\"https:\/\/www.saintclairtextiles.com\/wp-content\/uploads\/2017\/09\/dsc_REACH-300x150.jpg 300w, https:\/\/www.saintclairtextiles.com\/wp-content\/uploads\/2017\/09\/dsc_REACH.jpg 700w\" sizes=\"auto, (max-width: 300px) 100vw, 300px\" \/><br \/>\n<img loading=\"lazy\" decoding=\"async\" class=\"alignnone size-full wp-image-2041\" src=\"http:\/\/saintclairtextiles.com\/wp-content\/uploads\/2018\/02\/greenguard_gold.jpg\" alt=\"\" width=\"300\" height=\"150\" \/><\/div>\n<p>Nasze produkty s\u0105 zgodne z Europejskim Rozporz\u0105dzeniem o Produktach Chemicznych (REACH).<\/p>\n<p>Zgodno\u015b\u0107 referencji naszych gam zosta\u0142a potwierdzona analizami w niezale\u017cnym laboratorium. Uzyskanie etykiet\u00a0 Greenguard jest wyrazem naszego pragnienia, by produkowa\u0107 tkaniny, kt\u00f3rych nietoksyczno\u015b\u0107 jest rzeczywista i udowodniona. Ekologiczno\u015b\u0107 naszej gamy Evergreen jest po\u015bwiadczona badaniem Analizy Cyklu \u017bycia wed\u0142ug ISO 14 040-14 044.<\/p>\n<p>Naszej gamie Evergreen towarzyszy podej\u015bcie Eko-Koncepcji, a wszystkie nasze opakowania s\u0105 z materia\u0142\u00f3w nadaj\u0105cych si\u0119 do recyklingu.<\/p>\n<p>&nbsp;<\/p>\n<p>&nbsp;<\/p>\n<h2>&#8230; b\u0119d\u0105c spo\u0142ecznie odpowiedzialnym<\/h2>\n<p>Promujemy stabilne i trwa\u0142e zatrudnienie naszych pracownik\u00f3w, oraz rozw\u00f3j ich kompetencji poprzez:<\/p>\n<p>&#8211; minimalne korzystanie z kontrakt\u00f3w kr\u00f3tkoterminowych<\/p>\n<p>&#8211; rozw\u00f3j autonomii pracownik\u00f3w dzi\u0119ki programom szkole\u0144 technicznych lub osobistych<\/p>\n<p>&#8211; ci\u0105g\u0142e poszukiwanie jak polepszy\u0107 bezpiecze\u0144stwo pracownik\u00f3w<\/p>\n<p>&nbsp;<\/p>\n<p><!--\n<a href=\"http:\/\/dickson-coatings.com\/images\/stories\/DDurable\/politique_QSE_2016.pdf\"><img decoding=\"async\" class=\"alignleft\" src=\"http:\/\/saintclairtextiles.com\/wp-content\/themes\/dickson-coatings\/assets\/images\/pictos\/data_sheet.png\" \/>Consulter notre politique SMI<\/a>\n--><\/p>\n","protected":false},"excerpt":{"rendered":"<p>Historia 1918 &#8211; utworzenie francuskiej firmy Dickson Coatings, specjalisty w produkcji tkanin powlekanych. Nasza wiedza o snuciu, tkaniu i powlekaniu pozwala nam zaproponowa\u0107 produkty przeznaczone dla zastosowa\u0144 konfekcyjnych dla transportu, architektury demontowalnej, \u015brodowiska naturalnego, rolnictwa, oraz dla druku reklam i dekoracji &nbsp; Obecna na ca\u0142ym \u015bwiecie Nasza sie\u0107 handlowa obecna w ponad 60 krajach pozwala &#8230;<\/p>\n","protected":false},"author":2,"featured_media":5271,"parent":0,"menu_order":0,"comment_status":"closed","ping_status":"closed","template":"","meta":{"content-type":"","footnotes":""},"class_list":["post-2263","page","type-page","status-publish","has-post-thumbnail","hentry"],"_links":{"self":[{"href":"https:\/\/www.saintclairtextiles.com\/pl\/wp-json\/wp\/v2\/pages\/2263","targetHints":{"allow":["GET"]}}],"collection":[{"href":"https:\/\/www.saintclairtextiles.com\/pl\/wp-json\/wp\/v2\/pages"}],"about":[{"href":"https:\/\/www.saintclairtextiles.com\/pl\/wp-json\/wp\/v2\/types\/page"}],"author":[{"embeddable":true,"href":"https:\/\/www.saintclairtextiles.com\/pl\/wp-json\/wp\/v2\/users\/2"}],"replies":[{"embeddable":true,"href":"https:\/\/www.saintclairtextiles.com\/pl\/wp-json\/wp\/v2\/comments?post=2263"}],"version-history":[{"count":5,"href":"https:\/\/www.saintclairtextiles.com\/pl\/wp-json\/wp\/v2\/pages\/2263\/revisions"}],"predecessor-version":[{"id":11343,"href":"https:\/\/www.saintclairtextiles.com\/pl\/wp-json\/wp\/v2\/pages\/2263\/revisions\/11343"}],"wp:featuredmedia":[{"embeddable":true,"href":"https:\/\/www.saintclairtextiles.com\/pl\/wp-json\/wp\/v2\/media\/5271"}],"wp:attachment":[{"href":"https:\/\/www.saintclairtextiles.com\/pl\/wp-json\/wp\/v2\/media?parent=2263"}],"curies":[{"name":"wp","href":"https:\/\/api.w.org\/{rel}","templated":true}]}}