{"id":2266,"date":"2017-09-28T16:08:35","date_gmt":"2017-09-28T14:08:35","guid":{"rendered":"http:\/\/saintclairtextiles.com\/nos-technologies-et-services\/"},"modified":"2026-02-17T10:10:04","modified_gmt":"2026-02-17T09:10:04","slug":"nasze-technologie-i-oferta","status":"publish","type":"page","link":"https:\/\/www.saintclairtextiles.com\/pl\/nasze-technologie-i-oferta\/","title":{"rendered":"Nasze technologie i oferta"},"content":{"rendered":"<div id=\"lowick\"><\/div>\n<p>Tkaniny produkowane w klasycznych procesach powlekania s\u0105 do\u015b\u0107 szybko podatne na pogorszenie jako\u015bci z powodu obecno\u015bci mikro-organizm\u00f3w oraz ple\u015bni przenoszonych przez wilgo\u0107, kt\u00f3ra wnika w tkanin\u0119 i rozprzestrzenia si\u0119 wzd\u0142u\u017c w\u0142\u00f3kien na zasadzie knota. To powoduje nieestetyczny wygl\u0105d oraz przedwczesne starzenie si\u0119 tkaniny.<\/p>\n<div class=\"entry-right\"><img loading=\"lazy\" decoding=\"async\" class=\"aligncenter\" src=\"\/wp-content\/uploads\/2017\/08\/dsc_lowick-e1509626372540.png\" alt=\"\" width=\"150\" height=\"50\" \/><\/div>\n<p>SYSTEM LOWICK jest jednocze\u015bnie wyko\u0144czeniem oraz procesem, kt\u00f3ry pozwala na znaczne zmniejszenie wnikania mikro-organizm\u00f3w do wn\u0119trza tkanin powlekanych.<\/p>\n<p>SYSTEM LOWICK tworzy w tkaninie powlekanej blokady w kapilarno\u015bci aby przerwa\u0107 wnikanie. Tkanina jest d\u0142u\u017cej trwa\u0142a i zachowuje sw\u00f3j oryginalny wygl\u0105d.<\/p>\n<p>&nbsp;<\/p>\n<div><img loading=\"lazy\" decoding=\"async\" class=\"size-full wp-image-1567 aligncenter\" src=\"\/wp-content\/uploads\/2018\/01\/lowick-1.jpg\" alt=\"\" width=\"600\" height=\"216\" srcset=\"https:\/\/www.saintclairtextiles.com\/wp-content\/uploads\/2018\/01\/lowick-1.jpg 600w, https:\/\/www.saintclairtextiles.com\/wp-content\/uploads\/2018\/01\/lowick-1-300x108.jpg 300w\" sizes=\"auto, (max-width: 600px) 100vw, 600px\" \/><\/div>\n<p>&nbsp;<\/p>\n<hr \/>\n<p>&nbsp;<\/p>\n<div id=\"cleangard\"><\/div>\n<div class=\"entry-right\"><img loading=\"lazy\" decoding=\"async\" class=\"aligncenter wp-image-141 size-full\" src=\"\/wp-content\/uploads\/2017\/08\/dsc_cleangard-e1509632954620.png\" alt=\"\" width=\"150\" height=\"49\" \/><\/div>\n<p>Wyko\u0144czenie dwustronne lakierem Cleangard nadaje powierzchni g\u0142adko\u015b\u0107 i mniejsz\u0105 podatno\u015b\u0107 na zabrudzenia. Solidna ochrona przed wp\u0142ywem niekorzystnych warunk\u00f3w pogodowych.<\/p>\n<div id=\"product_advantages\">\n<div class=\"product-advantage\">\n<p><img decoding=\"async\" title=\"R\u00e9sistant aux intemp\u00e9ries\" src=\"\/wp-content\/uploads\/2018\/01\/Intemperies.png\" alt=\"Intemp\u00e9rie\" \/><\/p>\n<p>Solidna ochrona przed wp\u0142ywem niekorzystnych warunk\u00f3w pogodowych<\/p>\n<\/div>\n<div class=\"product-advantage\">\n<p><img decoding=\"async\" title=\"Plus facilement nettoyable\" src=\"\/wp-content\/uploads\/2018\/01\/Nettoyable.png\" alt=\"Plus facilement nettoyable\" \/><br \/>\n\u0141atwiejszy w czyszczeniu<\/p>\n<\/div>\n<div class=\"product-advantage\">\n<p><img decoding=\"async\" title=\"Tr\u00e8s bonne soudabilit\u00e9\" src=\"\/wp-content\/uploads\/2018\/01\/Soudabilite.png\" alt=\"Tr\u00e8s bonne soudabilit\u00e9\" \/><br \/>\nBardzo dobra zgrzewalno\u015b\u0107<\/p>\n<\/div>\n<div class=\"product-advantage\">\n<p><img decoding=\"async\" title=\"Plus de long\u00e9vit\u00e9\" src=\"\/wp-content\/uploads\/2018\/01\/Longevite.png\" alt=\"Plus de long\u00e9vit\u00e9\" \/><br \/>\nD\u0142u\u017csza u\u017cyteczno\u015b\u0107<\/p>\n<\/div>\n<div class=\"product-advantage\">\n<p><img decoding=\"async\" title=\"Plus lisse et moins sujette aux salissures\" src=\"\/wp-content\/uploads\/2018\/01\/Lisse.png\" alt=\"Plus lisse et moins sujette aux salissures\" \/><br \/>\nG\u0142adsza i mniej podatna na zabrudzenia<\/p>\n<\/div>\n<div class=\"product-advantage\">\n<p><img decoding=\"async\" title=\"Souple\" src=\"\/wp-content\/uploads\/2018\/01\/Souple.png\" alt=\"Souple\" \/><br \/>\nElastyczna<\/p>\n<\/div>\n<\/div>\n<hr \/>\n<div id=\"cleangard_slf\"><\/div>\n<div><img loading=\"lazy\" decoding=\"async\" class=\"alignleft wp-image-9941\" src=\"https:\/\/www.saintclairtextiles.com\/wp-content\/uploads\/2024\/10\/Cleangard_slf-1.png\" alt=\"\" width=\"201\" height=\"49\" srcset=\"https:\/\/www.saintclairtextiles.com\/wp-content\/uploads\/2024\/10\/Cleangard_slf-1.png 616w, https:\/\/www.saintclairtextiles.com\/wp-content\/uploads\/2024\/10\/Cleangard_slf-1-300x73.png 300w\" sizes=\"auto, (max-width: 201px) 100vw, 201px\" \/><\/div>\n<p>La formulation du <strong>vernis PVDF<\/strong> optimise la protection \u00e0 la salissure et facilite l\u2019entretien du produit tout en permettant une bonne soudabilit\u00e9.<\/p>\n<hr \/>\n<div id=\"cleangard_aqx\"><\/div>\n<div><img loading=\"lazy\" decoding=\"async\" class=\"alignleft wp-image-9927\" src=\"https:\/\/www.saintclairtextiles.com\/wp-content\/uploads\/2024\/10\/Cleangard_aqua.png\" alt=\"\" width=\"211\" height=\"49\" srcset=\"https:\/\/www.saintclairtextiles.com\/wp-content\/uploads\/2024\/10\/Cleangard_aqua.png 645w, https:\/\/www.saintclairtextiles.com\/wp-content\/uploads\/2024\/10\/Cleangard_aqua-300x70.png 300w\" sizes=\"auto, (max-width: 211px) 100vw, 211px\" \/><\/div>\n<p>Ce traitement offre les m\u00eames b\u00e9n\u00e9fices que notre traitement Cleangard classique. Cependant, il est formul\u00e9 <strong>sans solvant<\/strong>, r\u00e9duisant ainsi l\u2019impact environnemental.<\/p>\n<hr \/>\n<p>&nbsp;<\/p>\n<h1 id=\"resource\">Program Resource<\/h1>\n<div class=\"entry-right\"><img loading=\"lazy\" decoding=\"async\" class=\"aligncenter wp-image-9972 size-full\" src=\"https:\/\/www.saintclairtextiles.com\/wp-content\/uploads\/2024\/10\/RESOURCE-by-SCTEX-150x150-1.png\" alt=\"\" width=\"150\" height=\"150\" \/><\/div>\n<p><strong>WSZYSTKIE PRODUKTY SAINT CLAIR TEXTILES NADAJ\u0104 SI\u0118 DO ODZYSKU<\/strong><\/p>\n<p>Recykling odpad\u00f3w produkcyjnych i produkt\u00f3w u schy\u0142ku ich \u017cycia (PCV lub EverGreen) pozwala na zmniejszenie ich wp\u0142ywu na \u015brodowisko naturalne. Wchodz\u0105c w inne cykle produkcyjne zmniejszaj\u0105 one wydobycie zasob\u00f3w naturalnych.<\/p>\n<p>Proponujemy naszym klientom, kt\u00f3rzy chc\u0105 przyj\u0105\u0107 postaw\u0119 przyjazn\u0105 dla \u015brodowiska naturalnego, mo\u017cliwo\u015b\u0107 do\u0142\u0105czenia do programu Resource*, po podpisaniu karty partnerstwa.<\/p>\n<p><em>*punkt zbi\u00f3rki i przetwarzania odpad\u00f3w w UE<\/em><\/p>\n<p>&nbsp;<\/p>\n<hr \/>\n<div id=\"evergreen\"><\/div>\n<p><a href=\"http:\/\/www.evergreen-fabrics.com\" target=\"_blank\" rel=\"noopener noreferrer\"><img decoding=\"async\" class=\"wp-image-464 size-thumbnail alignleft\" src=\"\/wp-content\/uploads\/2020\/01\/EVERGREEN-2020.jpg\" alt=\"\" width=\"200\" \/><\/a><\/p>\n<p>Produkty EverGreen to dobrowolna inicjatywa i zobowi\u0105zanie ze strony firmy Saint Clair Textiles, szanuj\u0105cej \u015brodowisko naturalne i cz\u0142owieka.<\/p>\n<p>Ekologiczne tkaniny Evergreen wykonane s\u0105 z no\u015bnika poliestrowego i pow\u0142oki na bazie wody.<\/p>\n<p>S\u0105 one konsekwentnie:<\/p>\n<ul style=\"list-style-type: disc;\">\n<li>bez PCV<\/li>\n<li>bez ftalanu<\/li>\n<li>bez formaldehydu<\/li>\n<li>bez fosforanu<\/li>\n<li>bez eteru glikolu<\/li>\n<\/ul>\n<p>Nasza Eko-Koncepcja polega na zmniejszeniu wp\u0142ywu naszych produkt\u00f3w na \u015brodowisko naturalne w ca\u0142ym cyklu ich \u017cycia, od stworzenia do zniszczenia produktu po zu\u017cyciu:<\/p>\n<ul style=\"list-style-type: disc;\">\n<li>Koncepcja: formu\u0142a tkaniny chroni\u0105ca zasoby naturalne<\/li>\n<li>Produkcja: metoda zmniejszaj\u0105ca zu\u017cycie energii<\/li>\n<li>Pakowanie: wyb\u00f3r materia\u0142\u00f3w u\u0142atwiaj\u0105cych recykling<\/li>\n<li>Zastosowanie: ochrona u\u017cytkownika przez nieobecno\u015b\u0107 resztkowych LZO (Lotnych Zwi\u0105zk\u00f3w Organicznych) co zmniejsza zanieczyszczenie powietrza atmosferycznego<\/li>\n<li>Koniec \u017cycia produktu: zniszczenie tkaniny po zu\u017cyciu w lokalnym otoczeniu, tak by zminimalizowa\u0107 wp\u0142yw transportu na \u015brodowisko naturalne<\/li>\n<\/ul>\n<p>Uznane podej\u015bcie ekologiczne: korzy\u015bci \u015brodowiskowe produkt\u00f3w EverGreen zosta\u0142y potwierdzone Analiz\u0105 Cyklu \u017bycia zgodnie z ISO 14 040 &#8211; 14 044. (*)<\/p>\n<p><em>* Skonsultuj si\u0119 z nami w sprawie bada\u0144 i konkretnych produkt\u00f3w<\/em><\/p>\n<p>&nbsp;<\/p>\n<hr \/>\n<p>&nbsp;<\/p>\n<h2><a href=\"http:\/\/saintclairtextiles.com\/wp-content\/uploads\/2020\/01\/Guide-entretien-PL.pdf\"><img decoding=\"async\" class=\"alignleft\" src=\"http:\/\/dickson-coatings.com\/wp-content\/themes\/dickson-coatings\/assets\/images\/pictos\/data_sheet.png\" \/>INSTRUKCJA CZYSZCZENIA I KONSERWACJI<\/a> PLANDEK POWLEKANYCH PCV<\/h2>\n","protected":false},"excerpt":{"rendered":"<p>Tkaniny produkowane w klasycznych procesach powlekania s\u0105 do\u015b\u0107 szybko podatne na pogorszenie jako\u015bci z powodu obecno\u015bci mikro-organizm\u00f3w oraz ple\u015bni przenoszonych przez wilgo\u0107, kt\u00f3ra wnika w tkanin\u0119 i rozprzestrzenia si\u0119 wzd\u0142u\u017c w\u0142\u00f3kien na zasadzie knota. To powoduje nieestetyczny wygl\u0105d oraz przedwczesne starzenie si\u0119 tkaniny. SYSTEM LOWICK jest jednocze\u015bnie wyko\u0144czeniem oraz procesem, kt\u00f3ry pozwala na znaczne zmniejszenie &#8230;<\/p>\n","protected":false},"author":1,"featured_media":0,"parent":0,"menu_order":0,"comment_status":"closed","ping_status":"closed","template":"","meta":{"content-type":"","footnotes":""},"class_list":["post-2266","page","type-page","status-publish","hentry"],"_links":{"self":[{"href":"https:\/\/www.saintclairtextiles.com\/pl\/wp-json\/wp\/v2\/pages\/2266","targetHints":{"allow":["GET"]}}],"collection":[{"href":"https:\/\/www.saintclairtextiles.com\/pl\/wp-json\/wp\/v2\/pages"}],"about":[{"href":"https:\/\/www.saintclairtextiles.com\/pl\/wp-json\/wp\/v2\/types\/page"}],"author":[{"embeddable":true,"href":"https:\/\/www.saintclairtextiles.com\/pl\/wp-json\/wp\/v2\/users\/1"}],"replies":[{"embeddable":true,"href":"https:\/\/www.saintclairtextiles.com\/pl\/wp-json\/wp\/v2\/comments?post=2266"}],"version-history":[{"count":13,"href":"https:\/\/www.saintclairtextiles.com\/pl\/wp-json\/wp\/v2\/pages\/2266\/revisions"}],"predecessor-version":[{"id":11645,"href":"https:\/\/www.saintclairtextiles.com\/pl\/wp-json\/wp\/v2\/pages\/2266\/revisions\/11645"}],"wp:attachment":[{"href":"https:\/\/www.saintclairtextiles.com\/pl\/wp-json\/wp\/v2\/media?parent=2266"}],"curies":[{"name":"wp","href":"https:\/\/api.w.org\/{rel}","templated":true}]}}