{"id":2353,"date":"2017-08-29T17:52:06","date_gmt":"2017-08-29T15:52:06","guid":{"rendered":"http:\/\/saintclairtextiles.com\/mentions-legales\/"},"modified":"2021-03-15T16:07:08","modified_gmt":"2021-03-15T15:07:08","slug":"informacje-prawne","status":"publish","type":"page","link":"https:\/\/www.saintclairtextiles.com\/pl\/informacje-prawne\/","title":{"rendered":"Informacje prawne"},"content":{"rendered":"<p><strong>1. IDENTYFIKACJA WITRYNY<\/strong><\/p>\n<p>Adres witryny : http:\/\/saintclairtextiles.com<br \/>\nW\u0142a\u015bciciel witryny : SAINT CLAIR TEXTILES, SAS au capital de 7 680 000 \u20ac &#8211; 381 424 712 RCS Vienne<br \/>\nAdres : 415 avenue de Savoie, F-38110 Saint-Clair-de-la-Tour<br \/>\nTel. : +33 (0)4 74 83 51 00<br \/>\nDyrektor ds. publikacji : Xavier CHRISTOPHE<br \/>\nRedaktor : Arnauld FONTAINE<br \/>\nProjekt i wykonanie strony : Notre Studio.fr<br \/>\nHost : ovh.com &#8211; 2 rue Kellermann &#8211; 59100 Roubaix &#8211; France<\/p>\n<p><strong>2. WARUNKI KORZYSTANIA Z WITRYNY<\/strong><\/p>\n<p>Witryna internetowa http:\/\/saintclairtextiles.com firmy SAINT CLAIR TEXTILES zwana jest dalej witryn\u0105.<\/p>\n<p>U\u017cytkownik internetu przegl\u0105daj\u0105cy witryn\u0119 jest zwany dalej u\u017cytkownikiem<\/p>\n<p>Dost\u0119pna jest przez ca\u0142y czas, z wyj\u0105tkiem przypadk\u00f3w zadzia\u0142ania si\u0142y wy\u017cszej, problem\u00f3w z infrastruktur\u0105 informatyczn\u0105, problem\u00f3w zwi\u0105zanych z sieciami telekomunikacyjnymi lub problem\u00f3w technicznych.<\/p>\n<p>Firma SAINT CLAIR TEXTILES mo\u017ce przerwa\u0107 dost\u0119p do witryny w celach konserwacyjnych i b\u0119dzie stara\u0107 si\u0119 powiadomi\u0107 u\u017cytkownik\u00f3w o tym fakcie z wyprzedzeniem.<\/p>\n<p>Aby osi\u0105gn\u0105\u0107 najlepsze wra\u017cenia z korzystania z witryny, u\u017cytkownik powinien u\u017cywa\u0107 nowego lub niedawno zakupionego sprz\u0119tu i zaktualizowanej przegl\u0105darki nowej generacji.ur.<\/p>\n<p><strong>3. DANE OSOBOWE<\/strong><\/p>\n<p>U\u017cytkownik ma mo\u017cliwo\u015b\u0107 przes\u0142ania swoich danych osobowych poprzez formularz kontaktowy w cz\u0119\u015bci Kontakt witryny, a tak\u017ce dodawania komentarzy i\/lub zapyta\u0144 w polu tekstowym do tego przewidzianym<\/p>\n<p>Informacje osobiste zbierane w ten spos\u00f3b s\u0105 u\u017cywane wy\u0142\u0105cznie przez SAINT CLAIR TEXTILES i jedynie w celu zapewnienia us\u0142ug oferowanych na witrynie. Nie s\u0105 one wykorzystywane w jakichkolwiek celach komercyjnych. Informacje te nie s\u0105 przechowywane w formie pliku.<\/p>\n<p>Zgodnie ze zmianami do ustawy o technologiach informatycznych i wolno\u015bci osobistej z 6 stycznia 1978 roku, u\u017cytkownicy maj\u0105 prawo dost\u0119pu, zmiany, korekty i kasowania danych osobowych o sobie<br \/>\nW tym celu u\u017cytkownik za pomoc\u0105 poczty tradycyjnej wys\u0142a\u0107 do firmy SAINT CLAIR TEXTILES &#8211; 415 avenue de Savoie F-38110 Saint-Clair-de-la-Tour &#8211; stosowne \u017c\u0105danie.<\/p>\n<p>U\u017cytkownik jest niniejszym informowany o tym, \u017ce moderator mo\u017ce usun\u0105\u0107 jakiekolwiek wpisy, kt\u00f3re nie s\u0105 zwi\u0105zane z tematyk\u0105 stron, redagowanych tre\u015bci, albo kt\u00f3re naruszaj\u0105 przepisy prawa.<\/p>\n<p><strong>4. PLIKI COOKIE<\/strong><\/p>\n<p>Plik cookie to niewielki plik, kt\u00f3ry nie jest u\u017cywany do identyfikacji u\u017cytkownika, ale kt\u00f3ry zapisuje informacje dotycz\u0105ce przegl\u0105darki u\u017cytkownika, kt\u00f3ra jest u\u017cywana do przegl\u0105dania witryny na danym komputerze. Dane pozyskane w ten spos\u00f3b s\u0105 u\u017cywane do usprawnienia kolejnych odwiedzin witryny oraz do r\u00f3\u017cnych pomiar\u00f3w ruchu generowanego przez u\u017cytkownika.<br \/>\nInformacje te s\u0105 utrzymywane przez maksymalnie dwa lata.<br \/>\nU\u017cytkownik mo\u017ce zapobiec tworzeniu plik\u00f3w cookie przez odpowiedni\u0105 konfiguracj\u0119 swojej przegl\u0105darki.<br \/>\nOdmowa zaakceptowania plik\u00f3w cookie mo\u017ce jednak uniemo\u017cliwi\u0107 u\u017cytkownikowi dost\u0119p do okre\u015blonych us\u0142ug<\/p>\n<p><strong>5. W\u0141ASNO\u015a\u0106 INTELEKTUALNA<\/strong><\/p>\n<p>Witryna mo\u017ce zawiera\u0107 odno\u015bniki do innych witryn, kt\u00f3rych firma SAINT CLAIR TEXTILES nie jest wydawc\u0105. U\u017cytkownik witryny zosta\u0142 poinformowany i potwierdza, \u017ce firma SAINT CLAIR TEXTILES nie jest odpowiedzialna za brak dost\u0119pno\u015bci takich witryn, i \u017ce SAINT CLAIR TEXTILES nie sprawdza, kontroluje, zatwierdza lub jest odpowiedzialna za tre\u015bci, reklamy, produkty lub inne elementy dost\u0119pne na lub poprzez te witryny. W zwi\u0105zku z tym u\u017cytkownik ponosi wy\u0142\u0105czn\u0105 odpowiedzialno\u015b\u0107 za u\u017cywanie odno\u015bnik\u00f3w do innych witryn.<\/p>\n<p><strong>6. ODNO\u015aNIKI<\/strong><\/p>\n<p>Witryna mo\u017ce zawiera\u0107 odno\u015bniki do innych witryn, kt\u00f3rych firma SAINT CLAIR TEXTILES nie jest wydawc\u0105. U\u017cytkownik witryny zosta\u0142 poinformowany i potwierdza, \u017ce firma SAINT CLAIR TEXTILES nie jest odpowiedzialna za brak dost\u0119pno\u015bci takich witryn, i \u017ce SAINT CLAIR TEXTILES nie sprawdza, kontroluje, zatwierdza lub jest odpowiedzialna za tre\u015bci, reklamy, produkty lub inne elementy dost\u0119pne na lub poprzez te witryny. W zwi\u0105zku z tym u\u017cytkownik ponosi wy\u0142\u0105czn\u0105 odpowiedzialno\u015b\u0107 za u\u017cywanie odno\u015bnik\u00f3w do innych witryn.<\/p>\n<p><strong>7. OGRANICZENIE ODPOWIEDZIALNO\u015aCI<\/strong><\/p>\n<p>SAINT CLAIR TEXTILES dok\u0142ada wszelkich stara\u0144, aby upewni\u0107 si\u0119, \u017ce publikowane przez ni\u0105 informacje s\u0105 dok\u0142adne i aktualne, ale nie mo\u017ce zagwarantowa\u0107 ich dok\u0142adno\u015bci, ani kompletno\u015bci. U\u017cytkownik przyjmuje do wiadomo\u015bci, \u017ce ponosi pe\u0142n\u0105 odpowiedzialno\u015b\u0107 za spos\u00f3b wykorzystania przedstawionych informacji.<\/p>\n<p>Firma SAINT CLAIR TEXTILES nie b\u0119dzie ponosi\u0107 odpowiedzialno\u015bci za:<\/p>\n<ul>\n<li>b\u0142\u0119dy lub pomini\u0119cia informacji publikowanych na witrynie<\/li>\n<li>straty, bezpo\u015brednie lub po\u015brednie, materia\u0142owe lub niemateria\u0142owe, kt\u00f3re mog\u0105 by\u0107 nast\u0119pstwem dost\u0119pu do lub u\u017cycia witryny, w tym dost\u0119pno\u015bci, utrat\u0105 danych, pogorszeniem si\u0119 stanu, zniszczeniem lub wirusami, kt\u00f3re mog\u0105 mie\u0107 wp\u0142yw na urz\u0105dzenia u\u017cytkownika,<\/li>\n<li>obecno\u015bci wirus\u00f3w na witrynie<\/li>\n<\/ul>\n<p><strong>8. STOSOWANE PRZEPISY PRAWA I JURYSDYKCJA <\/strong><\/p>\n<p>Witryna i jej zawarto\u015b\u0107 podlegaj\u0105 francuskim przepisom prawa. Jakiekolwiek spory b\u0119d\u0105 podlega\u0107 wy\u0142\u0105cznej jurysdykcji s\u0105d\u00f3w w\u0142a\u015bciwych dla siedziby g\u0142\u00f3wnej SAINT CLAIR TEXTILES.<\/p>\n","protected":false},"excerpt":{"rendered":"<p>1. IDENTYFIKACJA WITRYNY Adres witryny : http:\/\/saintclairtextiles.com W\u0142a\u015bciciel witryny : SAINT CLAIR TEXTILES, SAS au capital de 7 680 000 \u20ac &#8211; 381 424 712 RCS Vienne Adres : 415 avenue de Savoie, F-38110 Saint-Clair-de-la-Tour Tel. : +33 (0)4 74 83 51 00 Dyrektor ds. publikacji : Xavier CHRISTOPHE Redaktor : Arnauld FONTAINE Projekt i &#8230;<\/p>\n","protected":false},"author":1,"featured_media":0,"parent":0,"menu_order":0,"comment_status":"closed","ping_status":"closed","template":"","meta":{"content-type":"","footnotes":""},"class_list":["post-2353","page","type-page","status-publish","hentry"],"_links":{"self":[{"href":"https:\/\/www.saintclairtextiles.com\/pl\/wp-json\/wp\/v2\/pages\/2353","targetHints":{"allow":["GET"]}}],"collection":[{"href":"https:\/\/www.saintclairtextiles.com\/pl\/wp-json\/wp\/v2\/pages"}],"about":[{"href":"https:\/\/www.saintclairtextiles.com\/pl\/wp-json\/wp\/v2\/types\/page"}],"author":[{"embeddable":true,"href":"https:\/\/www.saintclairtextiles.com\/pl\/wp-json\/wp\/v2\/users\/1"}],"replies":[{"embeddable":true,"href":"https:\/\/www.saintclairtextiles.com\/pl\/wp-json\/wp\/v2\/comments?post=2353"}],"version-history":[{"count":9,"href":"https:\/\/www.saintclairtextiles.com\/pl\/wp-json\/wp\/v2\/pages\/2353\/revisions"}],"predecessor-version":[{"id":6984,"href":"https:\/\/www.saintclairtextiles.com\/pl\/wp-json\/wp\/v2\/pages\/2353\/revisions\/6984"}],"wp:attachment":[{"href":"https:\/\/www.saintclairtextiles.com\/pl\/wp-json\/wp\/v2\/media?parent=2353"}],"curies":[{"name":"wp","href":"https:\/\/api.w.org\/{rel}","templated":true}]}}