{"id":1756,"date":"2017-10-03T09:17:20","date_gmt":"2017-10-03T07:17:20","guid":{"rendered":"http:\/\/saintclairtextiles.com\/confectionneur\/"},"modified":"2018-02-16T17:27:50","modified_gmt":"2018-02-16T16:27:50","slug":"confectionneur","status":"publish","type":"page","link":"https:\/\/www.saintclairtextiles.com\/tr\/confectionneur\/","title":{"rendered":"\u00dcRET\u0130C\u0130"},"content":{"rendered":"<p>Depuis 50 ans, Saint Clair Textiles fabrique et distribue des tissus enduits PVC \u00e0 ses clients confectionneurs.<\/p>\n<p>Nos produits se distinguent par leur excellente soudabilit\u00e9 et leur souplesse, qui facilitent grandement la confection.<\/p>\n<p>Notre exp\u00e9rience, une conception soign\u00e9e, un choix de mati\u00e8res premi\u00e8res sans concessions et un contr\u00f4le qualit\u00e9 rigoureux assurent \u00e0 nos clients la satisfaction de leurs propres clients utilisateurs, d\u00e8s la mise en service et au fil des ann\u00e9es.<\/p>\n<p>Nos gammes de coloris et de laizes permettent de satisfaire la grande majorit\u00e9 des demandes du march\u00e9. Nous attachons un soin particulier \u00e0 garantir une disponibilit\u00e9 sur stock optimale pour l\u2019ensemble de nos produits, ainsi qu\u2019\u00e0 une pr\u00e9paration rapide et sans faille des commandes.<\/p>\n<p>Notre conditionnement et le choix des transporteurs ont \u00e9t\u00e9 sp\u00e9cialement adapt\u00e9s aux exigences particuli\u00e8res de ce march\u00e9. Nous offrons \u00e9galement un service de tron\u00e7onnage et de d\u00e9coupe, afin de permettre \u00e0 nos clients d\u2019\u00e9conomiser du temps sur ces op\u00e9rations annexes.<\/p>\n<p>Notre organisation accorde la plus grande importance au contact direct et r\u00e9gulier avec nos clients confectionneurs et \u00e0 la continuit\u00e9 des interlocuteurs commerciaux. Nos services techniques sont \u00e0 m\u00eame de r\u00e9pondre \u00e0 toutes les interrogations de nos clients.<\/p>\n<p>En r\u00e9sum\u00e9, contact, \u00e9coute, qualit\u00e9 produit, service et r\u00e9activit\u00e9 sont les ma\u00eetres mots qui guident notre strat\u00e9gie.<\/p>\n","protected":false},"excerpt":{"rendered":"<p>Depuis 50 ans, Saint Clair Textiles fabrique et distribue des tissus enduits PVC \u00e0 ses clients confectionneurs. Nos produits se distinguent par leur excellente soudabilit\u00e9 et leur souplesse, qui facilitent grandement la confection. Notre exp\u00e9rience, une conception soign\u00e9e, un choix de mati\u00e8res premi\u00e8res sans concessions et un contr\u00f4le qualit\u00e9 rigoureux assurent \u00e0 nos clients la &#8230;<\/p>\n","protected":false},"author":1,"featured_media":0,"parent":0,"menu_order":0,"comment_status":"closed","ping_status":"closed","template":"templates\/manufacturer-printer.php","meta":{"content-type":"","footnotes":""},"class_list":["post-1756","page","type-page","status-publish","hentry"],"_links":{"self":[{"href":"https:\/\/www.saintclairtextiles.com\/tr\/wp-json\/wp\/v2\/pages\/1756","targetHints":{"allow":["GET"]}}],"collection":[{"href":"https:\/\/www.saintclairtextiles.com\/tr\/wp-json\/wp\/v2\/pages"}],"about":[{"href":"https:\/\/www.saintclairtextiles.com\/tr\/wp-json\/wp\/v2\/types\/page"}],"author":[{"embeddable":true,"href":"https:\/\/www.saintclairtextiles.com\/tr\/wp-json\/wp\/v2\/users\/1"}],"replies":[{"embeddable":true,"href":"https:\/\/www.saintclairtextiles.com\/tr\/wp-json\/wp\/v2\/comments?post=1756"}],"version-history":[{"count":1,"href":"https:\/\/www.saintclairtextiles.com\/tr\/wp-json\/wp\/v2\/pages\/1756\/revisions"}],"predecessor-version":[{"id":1757,"href":"https:\/\/www.saintclairtextiles.com\/tr\/wp-json\/wp\/v2\/pages\/1756\/revisions\/1757"}],"wp:attachment":[{"href":"https:\/\/www.saintclairtextiles.com\/tr\/wp-json\/wp\/v2\/media?parent=1756"}],"curies":[{"name":"wp","href":"https:\/\/api.w.org\/{rel}","templated":true}]}}