{"id":1762,"date":"2017-09-28T16:08:15","date_gmt":"2017-09-28T14:08:15","guid":{"rendered":"http:\/\/saintclairtextiles.com\/lentreprise-et-lenvironnement\/"},"modified":"2025-12-08T16:11:45","modified_gmt":"2025-12-08T15:11:45","slug":"sirket-ve-cevre","status":"publish","type":"page","link":"https:\/\/www.saintclairtextiles.com\/tr\/sirket-ve-cevre\/","title":{"rendered":"\u015eirket ve \u00e7evre"},"content":{"rendered":"<h1>Company history<\/h1>\n<p><img loading=\"lazy\" decoding=\"async\" class=\"alignleft\" src=\"\/wp-content\/uploads\/2018\/02\/dsc_made_in_france.jpg\" alt=\"Entreprise Fran\u00e7aise\" width=\"174\" height=\"87\" \/><br \/>\nSaint Clair Textiles is a French company, established in 1918, specialising in the manufacture of coated fabrics. Its expertise in beaming, weaving and coating allows it to offer fabrics designed for transport, structures, outoor and printing.<\/p>\n<p>&nbsp;<\/p>\n<div class=\"red-box\">\n<h2>A worldwide presence<\/h2>\n<p>Established in over 60 countries, our commercial network exists to help our customers develop their businesses.<\/p>\n<\/div>\n<div class=\"entry-left\">\n<figure id=\"attachment_702\" aria-describedby=\"caption-attachment-702\" style=\"width: 640px\" class=\"wp-caption alignnone\"><img loading=\"lazy\" decoding=\"async\" class=\"wp-image-702 size-large\" src=\"\/wp-content\/uploads\/2017\/09\/usine-en-1958-3-1-1024x683.jpg\" alt=\"\" width=\"640\" height=\"427\" srcset=\"https:\/\/www.saintclairtextiles.com\/wp-content\/uploads\/2017\/09\/usine-en-1958-3-1-1024x683.jpg 1024w, https:\/\/www.saintclairtextiles.com\/wp-content\/uploads\/2017\/09\/usine-en-1958-3-1-300x200.jpg 300w, https:\/\/www.saintclairtextiles.com\/wp-content\/uploads\/2017\/09\/usine-en-1958-3-1-768x512.jpg 768w, https:\/\/www.saintclairtextiles.com\/wp-content\/uploads\/2017\/09\/usine-en-1958-3-1.jpg 1920w\" sizes=\"auto, (max-width: 640px) 100vw, 640px\" \/><figcaption id=\"caption-attachment-702\" class=\"wp-caption-text\">The factory in 1958<\/figcaption><\/figure>\n<\/div>\n<div class=\"entry-right\">\n<h2><span style=\"font-size: 14pt;\">\u00d6NEML\u0130 TAR\u0130HLER<\/span><\/h2>\n<p><span style=\"font-size: 10pt;\"><strong>1836 \u2022 <\/strong>Fransa\u2019daki en eski tekstil \u015firketi, Saint Clair tekstil fabrikas\u0131 Dunkirk\u2019te a\u00e7\u0131l\u0131yor<\/span><br \/>\n<span style=\"font-size: 10pt;\"><strong>1945 \u2022 <\/strong>Saint Clair Textiles optimum dayan\u0131kl\u0131l\u0131k elde etmek i\u00e7in sentetik liflerden yap\u0131lan tekstil \u00fcr\u00fcnlerini piyasaya s\u00fcrerek, \u00e7\u0131\u011f\u0131r a\u00e7an bir geli\u015fmeye imza at\u0131yor<\/span><br \/>\n<span style=\"font-size: 10pt;\"><strong>1975 \u2022 <\/strong>3.20 m geni\u015flikte ilk kaplama hatt\u0131<\/span><br \/>\n<span style=\"font-size: 10pt;\"><strong>2003 \u2022 <\/strong>Evergreen program\u0131n\u0131n ba\u015flat\u0131lmas\u0131<\/span><\/p>\n<\/div>\n<p>&nbsp;<\/p>\n<p>&nbsp;<\/p>\n<p>&nbsp;<\/p>\n<p>&nbsp;<\/p>\n<p>&nbsp;<\/p>\n<h1>OUR ECOLOGICAL COMMITMENT<\/h1>\n<h2>Clean manufacturing, in complete safety&#8230;<\/h2>\n<div class=\"entry-right\"><img loading=\"lazy\" decoding=\"async\" class=\"size-full wp-image-626 aligncenter\" src=\"\/wp-content\/uploads\/2017\/09\/ISO_9001_ISO_14001_COUL.jpg\" alt=\"\" width=\"135\" height=\"130\" \/><\/div>\n<p>Our Environmental Management System is certified <strong>ISO 9001 = ISO 14001<\/strong><\/p>\n<p>We are active in sustainable development on our district through \u00ab <a href=\"http:\/\/www.action-bourbre-responsable.org\/label.php\" target=\"_blank\" rel=\"noopener noreferrer\"><strong>Bourbre Entreprise Environnement<\/strong><\/a> \u00bb.<br \/>\nWe are a partner of VinylPlus, the European PVC industry\u2019s Voluntary Commitment to sustainable development.<br \/>\nAtmospheric waste produced by our PVC coated line is treated by an oxydiser.<br \/>\nOur Evergreen range is manufactured with low energy consumption, with no solvent emissions and no industrial water waste.<\/p>\n<p>Our strict waste management ensures a reduction in the volume of waste produced and an increase in the volumes recycled each year.<br \/>\nWe have a preference for suppliers who share our values, and who are situated in close geographical proximity.<\/p>\n<h4>Industrial safety underpins our installations to ensure our site has a long term focus and to protect the environment.<\/h4>\n<p>&nbsp;<\/p>\n<h2>&#8230;clean products&#8230;<\/h2>\n<div class=\"entry-right\" style=\"padding-left: 30px;\"><img loading=\"lazy\" decoding=\"async\" class=\"size-medium wp-image-580 alignleft\" src=\"\/wp-content\/uploads\/2017\/09\/dsc_REACH-300x150.jpg\" alt=\"\" width=\"300\" height=\"150\" srcset=\"https:\/\/www.saintclairtextiles.com\/wp-content\/uploads\/2017\/09\/dsc_REACH-300x150.jpg 300w, https:\/\/www.saintclairtextiles.com\/wp-content\/uploads\/2017\/09\/dsc_REACH.jpg 700w\" sizes=\"auto, (max-width: 300px) 100vw, 300px\" \/><\/p>\n<\/div>\n<div><\/div>\n<div><\/div>\n<div><\/div>\n<div><\/div>\n<div><\/div>\n<p>Our products conform to the European Regulation on Chemical Products.REACH compliance has been validated by independent laboratory for the main products of our range.<\/p>\n<p>Obtaining the Greengard label is symbolic of our wish to only manufacture products whose non-toxicity is real and demonstrable.<br \/>\nThe ecological interest of our Evergreen range has been validated by a study carried out by Life Cycle Assessment in terms of ISO 14 040-14 044.<\/p>\n<p>Our Evergreen range goes hand in hand with an Eco-design approach and all our packaging is made from recyclable materials.<\/p>\n<p>&nbsp;<\/p>\n<h2>&#8230; by being socially responsible<\/h2>\n<p>We encourage the stable, long term employment of our employees, as well as their skills development through:<br \/>\n&#8211; Minimum use of short term contracts.<br \/>\n&#8211; Development of our employees&#8217; autonomy through technical and personal training programmes.<br \/>\n&#8211; Continual research into an improvement of their safety.<br \/>\n<!--\n<a href=\"http:\/\/saintclairtextiles.com\/images\/stories\/DDurable\/politique_QSE_2016.pdf\"><img decoding=\"async\" class=\"alignleft\" src=\"\/wp-content\/themes\/dickson-coatings\/assets\/images\/pictos\/data_sheet.png\" \/>Refer to our environmental policy<\/a>\n--><\/p>\n","protected":false},"excerpt":{"rendered":"<p>Company history Saint Clair Textiles is a French company, established in 1918, specialising in the manufacture of coated fabrics. Its expertise in beaming, weaving and coating allows it to offer fabrics designed for transport, structures, outoor and printing. &nbsp; A worldwide presence Established in over 60 countries, our commercial network exists to help our customers &#8230;<\/p>\n","protected":false},"author":1,"featured_media":5274,"parent":0,"menu_order":0,"comment_status":"closed","ping_status":"closed","template":"","meta":{"content-type":"","footnotes":""},"class_list":["post-1762","page","type-page","status-publish","has-post-thumbnail","hentry"],"_links":{"self":[{"href":"https:\/\/www.saintclairtextiles.com\/tr\/wp-json\/wp\/v2\/pages\/1762","targetHints":{"allow":["GET"]}}],"collection":[{"href":"https:\/\/www.saintclairtextiles.com\/tr\/wp-json\/wp\/v2\/pages"}],"about":[{"href":"https:\/\/www.saintclairtextiles.com\/tr\/wp-json\/wp\/v2\/types\/page"}],"author":[{"embeddable":true,"href":"https:\/\/www.saintclairtextiles.com\/tr\/wp-json\/wp\/v2\/users\/1"}],"replies":[{"embeddable":true,"href":"https:\/\/www.saintclairtextiles.com\/tr\/wp-json\/wp\/v2\/comments?post=1762"}],"version-history":[{"count":10,"href":"https:\/\/www.saintclairtextiles.com\/tr\/wp-json\/wp\/v2\/pages\/1762\/revisions"}],"predecessor-version":[{"id":11345,"href":"https:\/\/www.saintclairtextiles.com\/tr\/wp-json\/wp\/v2\/pages\/1762\/revisions\/11345"}],"wp:featuredmedia":[{"embeddable":true,"href":"https:\/\/www.saintclairtextiles.com\/tr\/wp-json\/wp\/v2\/media\/5274"}],"wp:attachment":[{"href":"https:\/\/www.saintclairtextiles.com\/tr\/wp-json\/wp\/v2\/media?parent=1762"}],"curies":[{"name":"wp","href":"https:\/\/api.w.org\/{rel}","templated":true}]}}