{"id":1815,"date":"2017-08-29T17:52:06","date_gmt":"2017-08-29T15:52:06","guid":{"rendered":"http:\/\/saintclairtextiles.com\/mentions-legales\/"},"modified":"2021-03-15T16:08:27","modified_gmt":"2021-03-15T15:08:27","slug":"mentions-legales","status":"publish","type":"page","link":"https:\/\/www.saintclairtextiles.com\/tr\/mentions-legales\/","title":{"rendered":"Hukuki bilgiler"},"content":{"rendered":"<p><strong>1. S\u0130TEN\u0130N K\u0130ML\u0130\u011e\u0130<\/strong><\/p>\n<p>Web sitesi adresi: http:\/\/saintclairtextiles.com<br \/>\nYay\u0131nc\u0131: SAINT CLAIR TEXTILES, SAS [Frans\u0131z limitet \u015firketki]; sermaye: 7 680 000 &#8211; 381 424 712 RCS Vienne<br \/>\nAdres: 415 avenue de Savoie, F-38110 Saint-Clair-de-la-Tour<br \/>\nTelefon: +33 (0)4 74 83 51 00<br \/>\nYay\u0131n direkt\u00f6r\u00fc: Xavier CHRISTOPHE<br \/>\nEdit\u00f6r: Arnauld FONTAINE<br \/>\nSite tasar\u0131m\/uygulama: Notre Studio.fr<br \/>\nBar\u0131nd\u0131rma servis sa\u011flay\u0131c\u0131s\u0131: ovh.com \u2013 2 rue Kellermann \u2013 59100 Roubaix \u2013 France<\/p>\n<p><strong>2. S\u0130TE KULLANIM H\u00dcK\u00dcM VE \u015eARTLARI<\/strong><\/p>\n<p>SAINT CLAIR TEXTILES\u2019\u0131n sitesi http:\/\/saintclairtextiles.com bu belgede Site olarak an\u0131lacakt\u0131r.<\/p>\n<p>Siteye g\u00f6z atan internet kullan\u0131c\u0131s\u0131 bu belgede Kullan\u0131c\u0131 olarak an\u0131lacakt\u0131r.<\/p>\n<p>Sitede JavaScript teknolojisi kullan\u0131lmaktad\u0131r.<\/p>\n<p>M\u00fccbir sebepler, BT sorunlar\u0131, telekom\u00fcnikasyon \u015febekesi sorunlar\u0131 veya teknik sorunlar istisna olmak kayd\u0131yla Siteye her zaman eri\u015filebilir.<\/p>\n<p>SAINT CLAIR TEXTILES, Siteye eri\u015fimi bak\u0131m amac\u0131yla kesebilir ve Kullan\u0131c\u0131lara s\u00f6z konusu bak\u0131m\u0131n g\u00fcn\u00fcn\u00fc ve saatlerini \u00f6nceden bildirmeye \u00e7al\u0131\u015facakt\u0131r.<\/p>\n<p>Sitedeki kullan\u0131c\u0131 deneyimini en \u00fcst d\u00fczeyde olmas\u0131 i\u00e7in, Kullan\u0131c\u0131n\u0131n yeni veya yak\u0131n zamanda sat\u0131n al\u0131nm\u0131\u015f ekipman ve yeni nesil g\u00fcncel bir taray\u0131c\u0131 kullanmas\u0131 sal\u0131k verilir.<\/p>\n<p><strong>3. K\u0130\u015e\u0130SEL VER\u0130LER<\/strong><\/p>\n<p>Kullan\u0131c\u0131, Sitenin ileti\u015fim b\u00f6l\u00fcm\u00fcndeki formu kullanarak ve g\u00f6r\u00fcnt\u00fclenen ilgili metin kutusuna yorum ve\/veya isteklerini ekleyerek ki\u015fisel verilerinin iletilmesine ili\u015fkin tercihini belirtebilir.<\/p>\n<p>Bu yolla toplanan ki\u015fisel bilgiler m\u00fcnhas\u0131ran SAINT CLAIR TEXTILES taraf\u0131ndan ve yaln\u0131zca Sitede verilen hizmetler i\u00e7in kullan\u0131labilir. Bu bilgiler herhangi bir ticari ama\u00e7la kullan\u0131lamaz. Bu bilgiler kay\u0131tlarda saklanmaz.<\/p>\n<p>6 Ocak 1978 tarihli de\u011fi\u015ftirilmi\u015f bilgi teknolojileri yasas\u0131 uyar\u0131nca, kullan\u0131c\u0131lar\u0131n kendileriyle ilgili ki\u015fisel verilere eri\u015fme, bu verileri de\u011fi\u015ftirme, d\u00fczeltme ve silme haklar\u0131 vard\u0131r.<\/p>\n<p>Bu ama\u00e7lar, Kullan\u0131c\u0131n\u0131n tek yapmas\u0131 gereken posta yoluyla, 415 avenue de Savoie, F-38110 Saint-Clair-de-la-Tour adresine bir istek g\u00f6ndermesi ve bu istek beraberinde adresini ve kimli\u011fini kan\u0131tlayan bir belgeyi iletmektir.<\/p>\n<p>Kullan\u0131c\u0131ya i\u015f burada, Sitenin konusuyla veya yay\u0131n \u00e7izgisiyle alakas\u0131z olan veya yasalara ayk\u0131r\u0131 olan her t\u00fcrl\u00fc katk\u0131n\u0131n bir site moderat\u00f6r\u00fcnce silinebilece\u011fi bildirilmi\u015f say\u0131l\u0131r.<\/p>\n<p><strong>4. \u00c7EREZLER<\/strong><\/p>\n<p>\u00c7erez, kullan\u0131c\u0131lar\u0131n kimli\u011fini tespit etmek amac\u0131yla kullan\u0131lmayan ancak kullan\u0131c\u0131lar\u0131n belirli bir bilgisayardan siteye g\u00f6z atmalar\u0131yla ilgili bilgileri kaydeden k\u00fc\u00e7\u00fck bir dosyad\u0131r. Bu yolla edinilen veriler sitede daha sonraki gezinme deneyimini kolayla\u015ft\u0131rmak ve kullan\u0131c\u0131 trafi\u011fine ili\u015fkin \u00e7e\u015fitli \u00f6l\u00e7\u00fcmleri yapmak i\u00e7in kullan\u0131l\u0131r.<\/p>\n<p>Bu bilgiler en fazla iki y\u0131l saklan\u0131r.<\/p>\n<p>Kullan\u0131c\u0131, taray\u0131c\u0131s\u0131nda gerekli ayarlar\u0131 yaparak \u00e7erez olu\u015fturulmas\u0131n\u0131 \u00f6nleyebilir.<\/p>\n<p>Ancak, \u00e7erezlerin kabul edilmemesi Kullan\u0131c\u0131n\u0131n belirli hizmetlere eri\u015fmesini \u00f6nleyebilir.<\/p>\n<p><strong>5. F\u0130KR\u0130 M\u00dcLK\u0130YET<\/strong><\/p>\n<p>Site SAINT CLAIR TEXTILES\u2019a ait olup bu \u015firket taraf\u0131ndan i\u015fletilmektedir. Metinler, sesler, resimler, yaz\u0131l\u0131mlar, markalar, logolar, alan adlar\u0131 ve di\u011fer ay\u0131rt edilebilir simgeler dahil olmak \u00fczere Siteyi olu\u015fturan t\u00fcm unsurlar, y\u00fcr\u00fcrl\u00fckteki fikri m\u00fclkiyet ve telif haklar\u0131 yasalar\u0131yla korunmakta olup ya SAINT CLAIR TEXTILES\u2019a aittir ya da izinle kullan\u0131lmaktad\u0131r.<\/p>\n<p>Sitedeki foto\u011fraf ve resimler SAINT CLAIR TEXTILES medya ar\u015fivindendir veya izinli kullan\u0131lmaktad\u0131r. T\u00fcm \u00e7o\u011faltma haklar\u0131 sakl\u0131d\u0131r. Site i\u00e7eri\u011fi SAINT CLAIR TEXTILES\u2019\u0131n \u00f6nceden al\u0131nan a\u00e7\u0131k izni d\u0131\u015f\u0131nda kullan\u0131lamaz.<\/p>\n<p>Sitenin veya i\u00e7eri\u011finin izinsiz kullan\u0131lmas\u0131, bunu yapanlar\u0131 y\u00fck\u00fcml\u00fc hale getirir ve L.335-2 say\u0131l\u0131 maddelerin ve Frans\u0131z Fikri M\u00fclkiyet Yasas\u0131\u2019n\u0131n yapt\u0131r\u0131m\u0131na tabi bir ihlal olu\u015fturacakt\u0131r.<\/p>\n<p><strong>6. K\u00d6PR\u00dc METN\u0130 BA\u011eLANTILARI<\/strong><\/p>\n<p>Site SAINT CLAIR TEXTILES\u2019\u0131n yay\u0131nc\u0131s\u0131 olmad\u0131\u011f\u0131 ba\u015fka sitelere ba\u011flant\u0131lar i\u00e7erebilir. Sitenin Kullan\u0131c\u0131s\u0131, s\u00f6z konusu sitelerin g\u00f6r\u00fcnt\u00fclenememesinden SAINT CLAIR TEXTILES\u2019\u0131n sorumlu tutulamayaca\u011f\u0131n\u0131, SAINT CLAIR TEXTILES\u2019\u0131n bu sitelerdeki veya bu siteler yoluyla ula\u015f\u0131lan i\u00e7eri\u011fi, reklamlar\u0131, \u00fcr\u00fcnleri veya ba\u015fka unsurlar\u0131 incelemedi\u011fini, denetlemedi\u011fini, onaylamad\u0131\u011f\u0131n\u0131 ve bunlar\u0131n sorumlulu\u011funu \u00fcstlenmedi\u011fini bilir ve kabul eder. Sonu\u00e7 olarak, ba\u015fka bir sitenin ba\u011flant\u0131s\u0131n\u0131 kullanman\u0131n sorumlulu\u011fu tek ba\u015f\u0131na kullan\u0131c\u0131ya aittir.<\/p>\n<p><strong>7. Y\u00dcK\u00dcML\u00dcL\u00dcKLER\u0130N SINIRLANDIRILMASI<\/strong><\/p>\n<p>SAINT CLAIR TEXTILES, yay\u0131nlad\u0131\u011f\u0131 bilgilerin do\u011fru ve g\u00fcncel olmas\u0131n\u0131 sa\u011flamak i\u00e7in her t\u00fcrl\u00fc \u00e7abay\u0131 g\u00f6stermektedir, ancak bu bilgilerin do\u011frulu\u011funu ve eksiksizli\u011fini garanti edemez. Kullan\u0131c\u0131, bu bilgilerin kullan\u0131lmas\u0131yla ilgili tek sorumlulu\u011fun kendisine ait oldu\u011funu bilir ve kabul eder.<\/p>\n<p>SAINT CLAIR TEXTILES a\u015fa\u011f\u0131dakilerle ilgili y\u00fck\u00fcml\u00fc de\u011fildir:<\/p>\n<ul>\n<li style=\"list-style-type: none\">\n<ul style=\"list-style-type: disc;\">\n<li>Sitede yay\u0131nlanan bilgilerdeki hatalar ve eksiklikler<\/li>\n<li>Siteye eri\u015fimin veya Siteyi kullan\u0131m\u0131n yol a\u00e7abilece\u011fi, eri\u015filebilirlik, veri kayb\u0131, bozulma, tahrip veya Kullan\u0131c\u0131n\u0131n bilgisayar donan\u0131m\u0131n\u0131 etkileyebilecek vir\u00fcsler dahil olmak \u00fczere do\u011frudan veya dolayl\u0131, maddi veya maddi olmayan kay\u0131plar<\/li>\n<li>Sitede vir\u00fcs olmas\u0131<\/li>\n<\/ul>\n<\/li>\n<\/ul>\n<p><strong>8. \u0130LG\u0130L\u0130 YASA VE YARGILAMA YETK\u0130S\u0130<\/strong><\/p>\n<p>Site ve i\u00e7eri\u011fi Fransa yasalar\u0131na tabidir. Her t\u00fcrl\u00fc ihtilaf yaln\u0131zca, SAINT CLAIR TEXTILES\u2019\u0131n merkez ofisinin tabi oldu\u011fu mahkemelerin m\u00fcnhas\u0131r yarg\u0131lama yetkisi kapsam\u0131ndad\u0131r.<\/p>\n","protected":false},"excerpt":{"rendered":"<p>1. S\u0130TEN\u0130N K\u0130ML\u0130\u011e\u0130 Web sitesi adresi: http:\/\/saintclairtextiles.com Yay\u0131nc\u0131: SAINT CLAIR TEXTILES, SAS [Frans\u0131z limitet \u015firketki]; sermaye: 7 680 000 &#8211; 381 424 712 RCS Vienne Adres: 415 avenue de Savoie, F-38110 Saint-Clair-de-la-Tour Telefon: +33 (0)4 74 83 51 00 Yay\u0131n direkt\u00f6r\u00fc: Xavier CHRISTOPHE Edit\u00f6r: Arnauld FONTAINE Site tasar\u0131m\/uygulama: Notre Studio.fr Bar\u0131nd\u0131rma servis sa\u011flay\u0131c\u0131s\u0131: ovh.com \u2013 &#8230;<\/p>\n","protected":false},"author":1,"featured_media":0,"parent":0,"menu_order":0,"comment_status":"closed","ping_status":"closed","template":"","meta":{"content-type":"","footnotes":""},"class_list":["post-1815","page","type-page","status-publish","hentry"],"_links":{"self":[{"href":"https:\/\/www.saintclairtextiles.com\/tr\/wp-json\/wp\/v2\/pages\/1815","targetHints":{"allow":["GET"]}}],"collection":[{"href":"https:\/\/www.saintclairtextiles.com\/tr\/wp-json\/wp\/v2\/pages"}],"about":[{"href":"https:\/\/www.saintclairtextiles.com\/tr\/wp-json\/wp\/v2\/types\/page"}],"author":[{"embeddable":true,"href":"https:\/\/www.saintclairtextiles.com\/tr\/wp-json\/wp\/v2\/users\/1"}],"replies":[{"embeddable":true,"href":"https:\/\/www.saintclairtextiles.com\/tr\/wp-json\/wp\/v2\/comments?post=1815"}],"version-history":[{"count":3,"href":"https:\/\/www.saintclairtextiles.com\/tr\/wp-json\/wp\/v2\/pages\/1815\/revisions"}],"predecessor-version":[{"id":6985,"href":"https:\/\/www.saintclairtextiles.com\/tr\/wp-json\/wp\/v2\/pages\/1815\/revisions\/6985"}],"wp:attachment":[{"href":"https:\/\/www.saintclairtextiles.com\/tr\/wp-json\/wp\/v2\/media?parent=1815"}],"curies":[{"name":"wp","href":"https:\/\/api.w.org\/{rel}","templated":true}]}}